{"id":18,"date":"2019-05-27T03:24:13","date_gmt":"2019-05-27T03:24:13","guid":{"rendered":"http:\/\/bdevs.net\/theme\/medidove\/?page_id=18"},"modified":"2025-01-27T20:59:26","modified_gmt":"2025-01-27T17:59:26","slug":"iletisim","status":"publish","type":"page","link":"https:\/\/goznurugoz.com\/ar\/iletisim\/","title":{"rendered":"\u0627\u0644\u0627\u062a\u0635\u0627\u0644"},"content":{"rendered":"\t\t<div data-elementor-type=\"wp-post\" data-elementor-id=\"18\" class=\"elementor elementor-18\">\n\t\t\t\t\t\t<section class=\"elementor-section elementor-top-section elementor-element elementor-element-03af5f6 elementor-section-full_width elementor-section-height-full elementor-section-height-default elementor-section-items-middle\" data-id=\"03af5f6\" data-element_type=\"section\">\n\t\t\t\t\t\t<div class=\"elementor-container elementor-column-gap-no\">\n\t\t\t\t\t<div class=\"elementor-column elementor-col-100 elementor-top-column elementor-element elementor-element-92e40ef\" data-id=\"92e40ef\" data-element_type=\"column\">\n\t\t\t<div class=\"elementor-widget-wrap elementor-element-populated\">\n\t\t\t\t\t\t<div class=\"elementor-element elementor-element-c4a555a elementor-align-left elementor-widget elementor-widget-bdevs-contact-info\" data-id=\"c4a555a\" data-element_type=\"widget\" data-widget_type=\"bdevs-contact-info.default\">\n\t\t\t\t<div class=\"elementor-widget-container\">\n\t\t\t\n\t   \t<section class=\"contact-area\">\n            <div class=\"container\">\n                <div class=\"row\">\n\t\t\t\t\t                    <div class=\"col-xl-4 col-lg-4 col-md-4\">\n                        <div class=\"contact text-center mb-30\">\n                        \t                            \t<i class=\"fas fa-envelope\"><\/i>\n                        \t\t\n                            \t\t\t\t\t\t\t\t<h3>\u0627\u0644\u0628\u0631\u064a\u062f \u0627\u0644\u0625\u0644\u0643\u062a\u0631\u0648\u0646\u064a<\/h3>\n\t\t\t\t\t\t\t\t\n\n                            \t\t\t\t\t\t\t\t<p>info@goznurugoz.com\nwww.goznurugoz.com<\/p>\n\t\t\t\t\t\t\t\t\n                        <\/div>\n                    <\/div>\n                                        <div class=\"col-xl-4 col-lg-4 col-md-4\">\n                        <div class=\"contact text-center mb-30\">\n                        \t                            \t<i class=\"fas fa-envelope\"><\/i>\n                        \t\t\n                            \t\t\t\t\t\t\t\t<h3>\u0639\u0646\u0648\u0627\u0646 \u0643\u064a\u0628<\/h3>\n\t\t\t\t\t\t\t\t\n\n                            \t\t\t\t\t\t\t\t<p>goznurugoz@hs03.kep.tr<\/p>\n\t\t\t\t\t\t\t\t\n                        <\/div>\n                    <\/div>\n                                        <div class=\"col-xl-4 col-lg-4 col-md-4\">\n                        <div class=\"contact text-center mb-30\">\n                        \t                            \t<i class=\"fas fa-map-marker-alt\"><\/i>\n                        \t\t\n                            \t\t\t\t\t\t\t\t<h3>\u0627\u0644\u0639\u0646\u0648\u0627\u0646<\/h3>\n\t\t\t\t\t\t\t\t\n\n                            \t\t\t\t\t\t\t\t<p>Kolejtepe Mahallesi \u0130n\u00f6n\u00fc Caddesi No: 6 \u015eahinbey \/ Gaziantep<\/p>\n\t\t\t\t\t\t\t\t\n                        <\/div>\n                    <\/div>\n                                        <div class=\"col-xl-4 col-lg-4 col-md-4\">\n                        <div class=\"contact text-center mb-30\">\n                        \t                            \t<i class=\"fas fa-phone\"><\/i>\n                        \t\t\n                            \t\t\t\t\t\t\t\t<h3>\u0645\u0631\u0643\u0632 \u0627\u0644\u0627\u062a\u0635\u0627\u0644<\/h3>\n\t\t\t\t\t\t\t\t\n\n                            \t\t\t\t\t\t\t\t<p>+90 342 231 25 25<br>\n+90 342 231 66 77<\/p>\n\t\t\t\t\t\t\t\t\n                        <\/div>\n                    <\/div>\n                    \t\n                <\/div>\n            <\/div>\n        <\/section>\n        \t\n\t\t\t<\/div>\n\t\t\t\t<\/div>\n\t\t\t\t\t<\/div>\n\t\t<\/div>\n\t\t\t\t\t<\/div>\n\t\t<\/section>\n\t\t<div class=\"elementor-element elementor-element-285c0fd e-flex e-con-boxed e-con e-parent\" data-id=\"285c0fd\" data-element_type=\"container\">\n\t\t\t\t\t<div class=\"e-con-inner\">\n\t\t\t\t<div class=\"elementor-element elementor-element-658036a elementor-widget elementor-widget-heading\" data-id=\"658036a\" data-element_type=\"widget\" data-widget_type=\"heading.default\">\n\t\t\t\t<div class=\"elementor-widget-container\">\n\t\t\t<h2 class=\"elementor-heading-title elementor-size-default\">\u0625\u0631\u0634\u0627\u062f\u0627\u062a \u0627\u0644\u0637\u0631\u064a\u0642<\/h2>\t\t<\/div>\n\t\t\t\t<\/div>\n\t\t\t\t<div class=\"elementor-element elementor-element-c780c4a elementor-widget elementor-widget-text-editor\" data-id=\"c780c4a\" data-element_type=\"widget\" data-widget_type=\"text-editor.default\">\n\t\t\t\t<div class=\"elementor-widget-container\">\n\t\t\t\t\t\t\t<div class=\"flex max-w-full flex-col flex-grow\"><div class=\"min-h-8 text-message flex w-full flex-col items-end gap-2 whitespace-normal break-words text-start [.text-message+&amp;]:mt-5\" dir=\"auto\" data-message-author-role=\"assistant\" data-message-id=\"803b14a1-0a00-4eef-85ef-617d7ac46855\" data-message-model-slug=\"gpt-4o-mini\"><div class=\"flex w-full flex-col gap-1 empty:hidden first:pt-[3px]\"><div class=\"markdown prose w-full break-words dark:prose-invert dark\"><p><strong>\u0643\u064a\u0641\u064a\u0629 \u0627\u0644\u0648\u0635\u0648\u0644 \u0625\u0644\u0649 \u0645\u0633\u062a\u0634\u0641\u0649 \u063a\u0648\u0632\u0646\u0648\u0631\u0648 \u0644\u0644\u0639\u064a\u0648\u0646 \u0628\u0648\u0627\u0633\u0637\u0629 \u0648\u0633\u0627\u0626\u0644 \u0627\u0644\u0646\u0642\u0644 \u0627\u0644\u0639\u0627\u0645\u0629 \u0645\u0646 \u0627\u0644\u0645\u0646\u0627\u0637\u0642 \u0627\u0644\u0645\u062e\u062a\u0644\u0641\u0629:<\/strong><\/p><p>\u0645\u0646 \u0627\u0644\u0623\u0645\u0627\u0643\u0646 \u0627\u0644\u0623\u0643\u062b\u0631 \u0632\u064a\u0627\u0631\u0629 \u0641\u064a \u0645\u0631\u0643\u0632 \u0627\u0644\u0645\u062f\u064a\u0646\u0629\u060c \u064a\u0645\u0643\u0646 \u0627\u0644\u0648\u0635\u0648\u0644 \u0625\u0644\u0649 \u0645\u0633\u062a\u0634\u0641\u0649 \u063a\u0648\u0632\u0646\u0648\u0631\u0648 \u0644\u0644\u0639\u064a\u0648\u0646 \u0639\u0628\u0631 \u0648\u0633\u0627\u0626\u0644 \u0627\u0644\u0646\u0642\u0644 \u0627\u0644\u0639\u0627\u0645\u0629. \u064a\u0645\u0643\u0646\u0643\u0645 \u0627\u0644\u0639\u062b\u0648\u0631 \u0639\u0644\u0649 \u062a\u0641\u0627\u0635\u064a\u0644 \u062d\u0648\u0644 \u062e\u0637\u0648\u0637 \u0627\u0644\u062d\u0627\u0641\u0644\u0627\u062a \u0627\u0644\u062a\u064a \u062a\u0645\u0631 \u0628\u0627\u0644\u0642\u0631\u0628 \u0645\u0646 \u0627\u0644\u0645\u0633\u062a\u0634\u0641\u0649. \u0623\u0642\u0631\u0628 \u0645\u062d\u0637\u0629 \u0625\u0644\u0649 \u0645\u0633\u062a\u0634\u0641\u0649 \u063a\u0648\u0632\u0646\u0648\u0631\u0648 \u0647\u064a \u0645\u062d\u0637\u0629 &#8220;Ulu Camii&#8221; \u0631\u0642\u0645 931.<\/p><p>\u0644\u062a\u0635\u0644\u0648\u0627 \u0625\u0644\u0649 \u0627\u0644\u0645\u0633\u062a\u0634\u0641\u0649 \u0645\u0646 \u0627\u062a\u062c\u0627\u0647 <strong>\u0623\u0648\u063a\u0648\u0632\u064a\u0644\u064a<\/strong>\u060c \u064a\u0645\u0643\u0646\u0643\u0645 \u0627\u062e\u062a\u064a\u0627\u0631 \u0627\u0644\u062d\u0627\u0641\u0644\u0627\u062a \u0631\u0642\u0645 B39.<\/p><p>\u0645\u0646 <strong>\u0645\u0627\u0641\u064a\u0643\u064a\u0646\u062a &#8211; \u0642\u064e\u0631\u064e\u0627\u0637\u064e\u0627\u0634 &#8211; \u0623\u0643\u064a\u0646\u062a<\/strong>\u060c \u064a\u0645\u0643\u0646\u0643\u0645 \u0627\u0633\u062a\u062e\u062f\u0627\u0645 \u0627\u0644\u062d\u0627\u0641\u0644\u0627\u062a \u0631\u0642\u0645 B62.<br \/>\u0645\u0646 <strong>\u0628\u064a\u064a\u0643\u064a\u0646\u062a<\/strong>\u060c \u0627\u0633\u062a\u062e\u062f\u0645\u0648\u0627 \u0627\u0644\u062d\u0627\u0641\u0644\u0627\u062a \u0631\u0642\u0645 B58.<br \/>\u0645\u0646 <strong>\u0645\u064e\u0631\u0652\u0641\u0650\u0634\u0650\u0647\u0650\u064a\u0631<\/strong>\u060c \u0627\u0633\u062a\u062e\u062f\u0645\u0648\u0627 \u0627\u0644\u062d\u0627\u0641\u0644\u0627\u062a \u0631\u0642\u0645 B59-M16.<br \/>\u0645\u0646 <strong>\u063a\u0627\u0632\u0650\u064a\u0643\u0650\u0646\u062a<\/strong>\u060c \u064a\u0645\u0643\u0646\u0643\u0645 \u0627\u0633\u062a\u062e\u062f\u0627\u0645 \u0627\u0644\u062d\u0627\u0641\u0644\u0627\u062a \u0631\u0642\u0645 B79 \u0648B80.<br \/>\u0645\u0646 <strong>\u0633\u064e\u064a\u0652\u0631\u0627\u0646\u0652\u062a\u0650\u064a\u0628\u0650\u064a\u0647<\/strong>\u060c \u0627\u0633\u062a\u062e\u062f\u0645\u0648\u0627 \u0627\u0644\u062d\u0627\u0641\u0644\u0627\u062a \u0631\u0642\u0645 B33-B80.<br \/>\u0645\u0646 <strong>\u063a\u064f\u0648\u0641\u0650\u0646\u0650\u0641\u0652\u0644\u064e\u0631<\/strong>\u060c \u0627\u0633\u062a\u062e\u062f\u0645\u0648\u0627 \u0627\u0644\u062d\u0627\u0641\u0644\u0627\u062a \u0631\u0642\u0645 M08.<br \/>\u0645\u0646 <strong>\u0628\u064e\u0627\u062a\u0650\u064a\u0643\u0650\u0646\u062a<\/strong>\u060c \u0627\u0633\u062a\u062e\u062f\u0645\u0648\u0627 \u0627\u0644\u062d\u0627\u0641\u0644\u0627\u062a \u0631\u0642\u0645 B49.<br \/>\u0645\u0646 <strong>\u0628\u0650\u0634\u0652\u062a\u0650\u064a\u0628\u0650\u0647 &#8211; \u0623\u064f\u0648\u0646\u0652\u0643\u064f\u0648\u0644\u064f\u0648\u062c\u0650\u064a<\/strong>\u060c \u0627\u0633\u062a\u062e\u062f\u0645\u0648\u0627 \u0627\u0644\u062d\u0627\u0641\u0644\u0627\u062a \u0631\u0642\u0645 S08.<\/p><p>\u0625\u0630\u0627 \u0643\u0646\u062a\u0645 \u0642\u0627\u062f\u0645\u064a\u0646 \u0645\u0646 <strong>\u0645\u062d\u0637\u0629 \u0627\u0644\u062d\u0627\u0641\u0644\u0627\u062a<\/strong>\u060c \u064a\u0645\u0643\u0646\u0643\u0645 \u0627\u0633\u062a\u062e\u062f\u0627\u0645 \u0627\u0644\u062d\u0627\u0641\u0644\u0627\u062a \u0631\u0642\u0645 B59 \u0648B08 \u0648B35 \u0648B46.<\/p><p>\u0645\u062d\u0637\u0629 \u0623\u062e\u0631\u0649 \u0642\u0631\u064a\u0628\u0629 \u064a\u0645\u0643\u0646\u0643\u0645 \u0627\u0644\u0648\u0635\u0648\u0644 \u0625\u0644\u064a\u0647\u0627 \u0647\u064a <strong>\u0645\u062d\u0637\u0629 \u0633\u0627\u0646\u0643\u0648 \u0628\u0627\u0631\u0643<\/strong>.<\/p><p><strong>\u0644\u0644\u0636\u064a\u0648\u0641 \u0627\u0644\u0630\u064a\u0646 \u064a\u0635\u0644\u0648\u0646 \u0628\u0627\u0644\u0637\u0627\u0626\u0631\u0629<\/strong>\u060c \u064a\u0645\u0643\u0646\u0647\u0645 \u0627\u0633\u062a\u062e\u062f\u0627\u0645 \u062d\u0627\u0641\u0644\u0629 <strong>HAVA\u015e<\/strong> \u0645\u0646 \u0627\u0644\u0645\u0637\u0627\u0631\u060c \u0648\u0627\u0644\u0646\u0632\u0648\u0644 \u0641\u064a \u0627\u0644\u0645\u062d\u0637\u0627\u062a \u0627\u0644\u0645\u0646\u0627\u0633\u0628\u0629\u060c \u062b\u0645 \u0627\u0633\u062a\u062e\u062f\u0627\u0645 \u0648\u0633\u0627\u0626\u0644 \u0627\u0644\u0646\u0642\u0644 \u0627\u0644\u0639\u0627\u0645\u0629 \u0627\u0644\u0645\u0630\u0643\u0648\u0631\u0629 \u0623\u0639\u0644\u0627\u0647 \u0644\u0644\u0648\u0635\u0648\u0644 \u0628\u0633\u0647\u0648\u0644\u0629 \u0625\u0644\u0649 \u0645\u0633\u062a\u0634\u0641\u0649 \u063a\u0648\u0632\u0646\u0648\u0631\u0648.<\/p><p><strong>\u0644\u0644\u0636\u064a\u0648\u0641 \u0627\u0644\u0630\u064a\u0646 \u064a\u0641\u0636\u0644\u0648\u0646 \u0627\u0644\u062a\u0631\u0627\u0645<\/strong>\u060c \u064a\u0645\u0643\u0646\u0647\u0645 \u0627\u0644\u0646\u0632\u0648\u0644 \u0641\u064a \u0645\u062d\u0637\u0629 <strong>\u0645\u0633\u062a\u0634\u0641\u0649 \u0627\u0644\u062f\u0648\u0644\u0629 25 \u062f\u064a\u0633\u0645\u0628\u0631<\/strong>\u060c \u0648\u0645\u0646 \u062b\u0645 \u0627\u0644\u0633\u064a\u0631 \u0644\u0645\u062f\u0629 15 \u062f\u0642\u064a\u0642\u0629 \u0644\u0644\u0648\u0635\u0648\u0644 \u0625\u0644\u0649 \u0627\u0644\u0645\u0633\u062a\u0634\u0641\u0649.<\/p><p><strong>\u0644\u0644\u0636\u064a\u0648\u0641 \u0627\u0644\u0630\u064a\u0646 \u064a\u0635\u0644\u0648\u0646 \u0628\u0627\u0644\u062d\u0627\u0641\u0644\u0627\u062a \u0628\u064a\u0646 \u0627\u0644\u0645\u062f\u0646<\/strong>\u060c \u064a\u0645\u0643\u0646\u0647\u0645 \u0627\u062e\u062a\u064a\u0627\u0631 \u0648\u0633\u0627\u0626\u0644 \u0627\u0644\u0646\u0642\u0644 \u0627\u0644\u0639\u0627\u0645\u0629 \u0627\u0644\u0645\u0648\u062c\u0647\u0629 \u0646\u062d\u0648 \u0645\u062d\u0637\u0629 \u0627\u0644\u062d\u0627\u0641\u0644\u0627\u062a \u0627\u0644\u062a\u064a \u062a\u0645 \u0630\u0643\u0631\u0647\u0627 \u0623\u0639\u0644\u0627\u0647.<\/p><\/div><\/div><\/div><\/div>\t\t\t\t\t\t<\/div>\n\t\t\t\t<\/div>\n\t\t\t\t<div class=\"elementor-element elementor-element-dfa0fd5 elementor-widget elementor-widget-text-editor\" data-id=\"dfa0fd5\" data-element_type=\"widget\" data-widget_type=\"text-editor.default\">\n\t\t\t\t<div class=\"elementor-widget-container\">\n\t\t\t\t\t\t\t<div class=\"flex max-w-full flex-col flex-grow\"><div class=\"min-h-8 text-message flex w-full flex-col items-end gap-2 whitespace-normal break-words text-start [.text-message+&amp;]:mt-5\" dir=\"auto\" data-message-author-role=\"assistant\" data-message-id=\"418a61a3-c587-491b-a008-c3ac26b9ff12\" data-message-model-slug=\"gpt-4o-mini\"><div class=\"flex w-full flex-col gap-1 empty:hidden first:pt-[3px]\"><div class=\"markdown prose w-full break-words dark:prose-invert dark\"><p>\u062d\u0633\u0627\u0628 \u0627\u0644\u062f\u0648\u0644\u0627\u0631 \u0627\u0644\u0623\u0645\u0631\u064a\u0643\u064a \u0641\u064a \u0628\u0646\u0643 \u0625\u064a\u0634 \u0628\u0646\u0643 &#8211; \u0641\u064a\u0641\u0632\u064a \u062a\u0634\u0627\u0643\u0645\u0627\u0643<\/p><p>TR80 0006 4000 0026 3600 0715 48<\/p><p>\u062d\u0633\u0627\u0628 \u0627\u0644\u064a\u0648\u0631\u0648 \u0641\u064a \u0628\u0646\u0643 \u0625\u064a\u0634 \u0628\u0646\u0643 &#8211; \u0641\u064a\u0641\u0632\u064a \u062a\u0634\u0627\u0643\u0645\u0627\u0643<\/p><p>TR32 0006 4000 0026 3600 0912 30<\/p><\/div><\/div><\/div><\/div>\t\t\t\t\t\t<\/div>\n\t\t\t\t<\/div>\n\t\t\t\t\t<\/div>\n\t\t\t\t<\/div>\n\t\t\t\t<section class=\"elementor-section elementor-top-section elementor-element elementor-element-e76ed49 elementor-section-boxed elementor-section-height-default elementor-section-height-default\" data-id=\"e76ed49\" data-element_type=\"section\" data-settings=\"{&quot;background_background&quot;:&quot;classic&quot;}\">\n\t\t\t\t\t\t<div class=\"elementor-container elementor-column-gap-default\">\n\t\t\t\t\t<div class=\"elementor-column elementor-col-100 elementor-top-column elementor-element elementor-element-5b9c9a6\" data-id=\"5b9c9a6\" data-element_type=\"column\">\n\t\t\t<div class=\"elementor-widget-wrap elementor-element-populated\">\n\t\t\t\t\t\t<div class=\"elementor-element elementor-element-b9c803c elementor-align-center elementor-widget elementor-widget-bdevs-heading\" data-id=\"b9c803c\" data-element_type=\"widget\" data-widget_type=\"bdevs-heading.default\">\n\t\t\t\t<div class=\"elementor-widget-container\">\n\t\t\t            <div class=\"section-title pos-rel tp-el-content\">\n\n            \t                <div class=\"section-icon\">\n                    <img decoding=\"async\" class=\"section-back-icon back-icon-left\" src=\"https:\/\/goznurugoz.com\/ar\/wp-content\/themes\/medidove\/img\/section\/section-back-icon.png\" alt=\"\">\n                <\/div>\n                \t\n\n                <div class=\"section-text pos-rel\">\n\t\t\t\t\t\t\t\t\t\t<h5 class=\"tp-el-subtitle\">\u0627\u062a\u0635\u0644 \u0628\u0646\u0627 \u0628\u0633\u0631\u0639\u0629<\/h5>\n\t\t\t\t\t\t\n\n                    \t\t\t\t\t<h2 class=\"sec-title tp-el-title\">\u0627\u062a\u0635\u0627\u0644 \u0633\u0647\u0644<\/h2>\n\t\t\t\t\t\n\t\t\t\t\t\t\t\n                <\/div>\n\t\t\t\t                <div class=\"section-line pos-rel\">\n                    <img decoding=\"async\" src=\"https:\/\/goznurugoz.com\/ar\/wp-content\/themes\/medidove\/img\/shape\/section-title-line.png\" alt=\"\">\n                <\/div>\n                \t\n            <\/div>\n        \t\t\n\n\t\t\t<\/div>\n\t\t\t\t<\/div>\n\t\t\t\t\t<\/div>\n\t\t<\/div>\n\t\t\t\t\t<\/div>\n\t\t<\/section>\n\t\t\t\t<section class=\"elementor-section elementor-top-section elementor-element elementor-element-8d0a493 elementor-section-full_width elementor-section-height-default elementor-section-height-default\" data-id=\"8d0a493\" data-element_type=\"section\">\n\t\t\t\t\t\t<div class=\"elementor-container elementor-column-gap-no\">\n\t\t\t\t\t<div class=\"elementor-column elementor-col-100 elementor-top-column elementor-element elementor-element-b778736\" data-id=\"b778736\" data-element_type=\"column\">\n\t\t\t<div class=\"elementor-widget-wrap elementor-element-populated\">\n\t\t\t\t\t\t<div class=\"elementor-element elementor-element-a35301f elementor-align-left elementor-widget elementor-widget-bdevs-contact\" data-id=\"a35301f\" data-element_type=\"widget\" data-widget_type=\"bdevs-contact.default\">\n\t\t\t\t<div class=\"elementor-widget-container\">\n\t\t\t\n        <section class=\"contact-form-area\">\n            <div class=\"container\">\n                <div class=\"form-wrapper\">\n                    <div id=\"contact-form\" class=\"contact-form\">\n                    \t\n<div class=\"wpcf7 no-js\" id=\"wpcf7-f3191-o1\" lang=\"tr-TR\" dir=\"ltr\">\n<div class=\"screen-reader-response\"><p role=\"status\" aria-live=\"polite\" aria-atomic=\"true\"><\/p> <ul><\/ul><\/div>\n<form action=\"\/ar\/wp-json\/wp\/v2\/pages\/18#wpcf7-f3191-o1\" method=\"post\" class=\"wpcf7-form init\" aria-label=\"\u0130leti\u015fim Formu\" novalidate=\"novalidate\" data-status=\"init\">\n<div style=\"display: none;\">\n<input type=\"hidden\" name=\"_wpcf7\" value=\"3191\" \/>\n<input type=\"hidden\" name=\"_wpcf7_version\" value=\"5.8.3\" \/>\n<input type=\"hidden\" name=\"_wpcf7_locale\" value=\"tr_TR\" \/>\n<input type=\"hidden\" name=\"_wpcf7_unit_tag\" value=\"wpcf7-f3191-o1\" \/>\n<input type=\"hidden\" name=\"_wpcf7_container_post\" value=\"0\" \/>\n<input type=\"hidden\" name=\"_wpcf7_posted_data_hash\" value=\"\" \/>\n<\/div>\n<div class=\"row\">\n\t<div class=\"col-lg-6\">\n\t\t<div class=\"form-box user-icon mb-30\">\n\t\t\t<p><span class=\"wpcf7-form-control-wrap\" data-name=\"YourName\"><input size=\"40\" class=\"wpcf7-form-control wpcf7-text\" aria-invalid=\"false\" placeholder=\"\u0130sminiz\" value=\"\" type=\"text\" name=\"YourName\" \/><\/span>\n\t\t\t<\/p>\n\t\t<\/div>\n\t<\/div>\n\t<div class=\"col-lg-6\">\n\t\t<div class=\"form-box email-icon mb-30\">\n\t\t\t<p><span class=\"wpcf7-form-control-wrap\" data-name=\"YourEmail\"><input size=\"40\" class=\"wpcf7-form-control wpcf7-email wpcf7-text wpcf7-validates-as-email\" aria-invalid=\"false\" placeholder=\"Email Adresiniz\" value=\"\" type=\"email\" name=\"YourEmail\" \/><\/span>\n\t\t\t<\/p>\n\t\t<\/div>\n\t<\/div>\n\t<div class=\"col-lg-6\">\n\t\t<div class=\"form-box phone-icon mb-30\">\n\t\t\t<p><span class=\"wpcf7-form-control-wrap\" data-name=\"YourPhone\"><input size=\"40\" class=\"wpcf7-form-control wpcf7-text\" aria-invalid=\"false\" placeholder=\"Telefonunuz\" value=\"\" type=\"text\" name=\"YourPhone\" \/><\/span>\n\t\t\t<\/p>\n\t\t<\/div>\n\t<\/div>\n\t<div class=\"col-lg-6\">\n\t\t<div class=\"form-box subject-icon mb-30\">\n\t\t\t<p><span class=\"wpcf7-form-control-wrap\" data-name=\"YourSubject\"><input size=\"40\" class=\"wpcf7-form-control wpcf7-text\" aria-invalid=\"false\" placeholder=\"Konu\" value=\"\" type=\"text\" name=\"YourSubject\" \/><\/span>\n\t\t\t<\/p>\n\t\t<\/div>\n\t<\/div>\n\t<div class=\"col-lg-12\">\n\t\t<div class=\"form-box message-icon mb-30\">\n\t\t\t<p><span class=\"wpcf7-form-control-wrap\" data-name=\"YourMessage\"><textarea cols=\"40\" rows=\"10\" class=\"wpcf7-form-control wpcf7-textarea\" aria-invalid=\"false\" placeholder=\"Mesaj\u0131n\u0131z\" name=\"YourMessage\"><\/textarea><\/span>\n\t\t\t<\/p>\n\t\t<\/div>\n\t\t<div class=\"contact-btn text-center\">\n\t\t\t<p><input class=\"wpcf7-form-control wpcf7-submit has-spinner btn btn-icon ml-0\" type=\"submit\" value=\"G\u00f6nder\" \/>\n\t\t\t<\/p>\n\t\t<\/div>\n\t<\/div>\n<\/div><p style=\"display: none !important;\"><label>&#916;<textarea name=\"_wpcf7_ak_hp_textarea\" cols=\"45\" rows=\"8\" maxlength=\"100\"><\/textarea><\/label><input type=\"hidden\" id=\"ak_js_1\" name=\"_wpcf7_ak_js\" value=\"208\"\/><script>document.getElementById( \"ak_js_1\" ).setAttribute( \"value\", ( new Date() ).getTime() );<\/script><\/p><div class=\"wpcf7-response-output\" aria-hidden=\"true\"><\/div>\n<\/form>\n<\/div>\n                    <\/div>\n                <\/div>\n            <\/div>\n        <\/section>\n        \t\n\t\t\t<\/div>\n\t\t\t\t<\/div>\n\t\t\t\t\t<\/div>\n\t\t<\/div>\n\t\t\t\t\t<\/div>\n\t\t<\/section>\n\t\t\t\t<section class=\"elementor-section elementor-top-section elementor-element elementor-element-ce95ed5 elementor-section-full_width elementor-section-height-default elementor-section-height-default\" data-id=\"ce95ed5\" data-element_type=\"section\">\n\t\t\t\t\t\t<div class=\"elementor-container elementor-column-gap-no\">\n\t\t\t\t\t<div class=\"elementor-column elementor-col-100 elementor-top-column elementor-element elementor-element-3565285\" data-id=\"3565285\" data-element_type=\"column\">\n\t\t\t<div class=\"elementor-widget-wrap elementor-element-populated\">\n\t\t\t\t\t\t<div class=\"elementor-element elementor-element-52202aa elementor-widget elementor-widget-google_maps\" data-id=\"52202aa\" data-element_type=\"widget\" data-widget_type=\"google_maps.default\">\n\t\t\t\t<div class=\"elementor-widget-container\">\n\t\t\t\t\t<div class=\"elementor-custom-embed\">\n\t\t\t<iframe loading=\"lazy\"\n\t\t\t\t\tsrc=\"https:\/\/maps.google.com\/maps?q=G%C3%B6znuru%20hastanesi%20gaziantep&#038;t=m&#038;z=13&#038;output=embed&#038;iwloc=near\"\n\t\t\t\t\ttitle=\"G\u00f6znuru hastanesi gaziantep\"\n\t\t\t\t\taria-label=\"G\u00f6znuru hastanesi gaziantep\"\n\t\t\t><\/iframe>\n\t\t<\/div>\n\t\t\t\t<\/div>\n\t\t\t\t<\/div>\n\t\t\t\t\t<\/div>\n\t\t<\/div>\n\t\t\t\t\t<\/div>\n\t\t<\/section>\n\t\t\t\t<\/div>\n\t\t","protected":false},"excerpt":{"rendered":"<p>\u0627\u0644\u0628\u0631\u064a\u062f \u0627\u0644\u0625\u0644\u0643\u062a\u0631\u0648\u0646\u064a info@goznurugoz.com www.goznurugoz.com \u0639\u0646\u0648\u0627\u0646 \u0643\u064a\u0628 goznurugoz@hs03.kep.tr \u0627\u0644\u0639\u0646\u0648\u0627\u0646 Kolejtepe Mahallesi \u0130n\u00f6n\u00fc Caddesi No: 6 \u015eahinbey \/ Gaziantep \u0645\u0631\u0643\u0632 \u0627\u0644\u0627\u062a\u0635\u0627\u0644 +90 342 231 25 25 +90 342 231 66 77 \u0625\u0631\u0634\u0627\u062f\u0627\u062a \u0627\u0644\u0637\u0631\u064a\u0642 \u0643\u064a\u0641\u064a\u0629 \u0627\u0644\u0648\u0635\u0648\u0644 \u0625\u0644\u0649 \u0645\u0633\u062a\u0634\u0641\u0649 \u063a\u0648\u0632\u0646\u0648\u0631\u0648 \u0644\u0644\u0639\u064a\u0648\u0646 \u0628\u0648\u0627\u0633\u0637\u0629 \u0648\u0633\u0627\u0626\u0644 \u0627\u0644\u0646\u0642\u0644 \u0627\u0644\u0639\u0627\u0645\u0629 \u0645\u0646 \u0627\u0644\u0645\u0646\u0627\u0637\u0642 \u0627\u0644\u0645\u062e\u062a\u0644\u0641\u0629: \u0645\u0646 \u0627\u0644\u0623\u0645\u0627\u0643\u0646 \u0627\u0644\u0623\u0643\u062b\u0631 \u0632\u064a\u0627\u0631\u0629 \u0641\u064a \u0645\u0631\u0643\u0632 \u0627\u0644\u0645\u062f\u064a\u0646\u0629\u060c \u064a\u0645\u0643\u0646 \u0627\u0644\u0648\u0635\u0648\u0644 \u0625\u0644\u0649 \u0645\u0633\u062a\u0634\u0641\u0649 [&hellip;]<\/p>\n","protected":false},"author":1,"featured_media":0,"parent":0,"menu_order":0,"comment_status":"closed","ping_status":"closed","template":"elementor_header_footer","meta":{"footnotes":""},"class_list":["post-18","page","type-page","status-publish","hentry"],"acf":[],"aioseo_notices":[],"_links":{"self":[{"href":"https:\/\/goznurugoz.com\/ar\/wp-json\/wp\/v2\/pages\/18","targetHints":{"allow":["GET"]}}],"collection":[{"href":"https:\/\/goznurugoz.com\/ar\/wp-json\/wp\/v2\/pages"}],"about":[{"href":"https:\/\/goznurugoz.com\/ar\/wp-json\/wp\/v2\/types\/page"}],"author":[{"embeddable":true,"href":"https:\/\/goznurugoz.com\/ar\/wp-json\/wp\/v2\/users\/1"}],"replies":[{"embeddable":true,"href":"https:\/\/goznurugoz.com\/ar\/wp-json\/wp\/v2\/comments?post=18"}],"version-history":[{"count":25,"href":"https:\/\/goznurugoz.com\/ar\/wp-json\/wp\/v2\/pages\/18\/revisions"}],"predecessor-version":[{"id":4888,"href":"https:\/\/goznurugoz.com\/ar\/wp-json\/wp\/v2\/pages\/18\/revisions\/4888"}],"wp:attachment":[{"href":"https:\/\/goznurugoz.com\/ar\/wp-json\/wp\/v2\/media?parent=18"}],"curies":[{"name":"wp","href":"https:\/\/api.w.org\/{rel}","templated":true}]}}