{"id":2946,"date":"2022-03-16T00:35:05","date_gmt":"2022-03-15T21:35:05","guid":{"rendered":"http:\/\/goznurugoz..com\/ar\/?page_id=2946"},"modified":"2025-01-20T12:12:46","modified_gmt":"2025-01-20T09:12:46","slug":"kalite-politikamiz","status":"publish","type":"page","link":"https:\/\/goznurugoz.com\/ar\/kalite-politikamiz\/","title":{"rendered":"\u0633\u064a\u0627\u0633\u0629 \u0627\u0644\u062c\u0648\u062f\u0629 \u0644\u062f\u064a\u0646\u0627"},"content":{"rendered":"\t\t<div data-elementor-type=\"wp-page\" data-elementor-id=\"2946\" class=\"elementor elementor-2946\">\n\t\t\t\t\t\t<section class=\"elementor-section elementor-top-section elementor-element elementor-element-1053b898 elementor-section-full_width elementor-section-height-default elementor-section-height-default\" data-id=\"1053b898\" data-element_type=\"section\">\n\t\t\t\t\t\t<div class=\"elementor-container elementor-column-gap-no\">\n\t\t\t\t\t<div class=\"elementor-column elementor-col-100 elementor-top-column elementor-element elementor-element-2ba19810\" data-id=\"2ba19810\" data-element_type=\"column\">\n\t\t\t<div class=\"elementor-widget-wrap elementor-element-populated\">\n\t\t\t\t\t\t<div class=\"elementor-element elementor-element-322f71c0 elementor-align-left elementor-widget elementor-widget-bdevs-about\" data-id=\"322f71c0\" data-element_type=\"widget\" data-widget_type=\"bdevs-about.default\">\n\t\t\t\t<div class=\"elementor-widget-container\">\n\t\t\t\n        <section class=\"about-area\">\n            <div class=\"container\">\n                <div class=\"row\">\n                    <div class=\"col-xl-6 col-lg-5\">\n                        <div class=\"about-left-side pos-rel mb-30\">\n                            <div class=\"about-front-img pos-rel\">\n                        \t\t                                    <img decoding=\"async\" src=\"https:\/\/goznurugoz.com\/ar\/wp-content\/uploads\/2023\/05\/58796911717.7.201710259uluhanyazilim.jpeg\" alt=\"Preview Image\">\n                                                               \t                                <a class=\"popup-video about-video-btn white-video-btn\" href=\"https:\/\/www.youtube.com\/watch?v=DTLzsDu7laI\"><i class=\"fas fa-play\"><\/i><\/a>\n                                                            <\/div>\n                                                        <div class=\"about-shape\">\n                                <img decoding=\"async\" src=\"https:\/\/goznurugoz.com\/ar\/wp-content\/themes\/medidove\/img\/about\/about-shape.png\" alt=\"\">\n                            <\/div>\n                                                    <\/div>\n                    <\/div>\n                    <div class=\"col-xl-6 col-lg-7\">\n                        <div class=\"about-right-side pt-55 mb-30\">\n                            <div class=\"about-title mb-20 tp-el-content\">\n                            \t\t\t\t\t\t\t\t\t<h5 class=\"tp-el-subtitle\">\u0646\u062d\u0646 \u0646\u0647\u062a\u0645 \u0628\u0643.<\/h5>\n\t\t\t\t\t\t\t\t\t \n\n\t\t\t\t\t\t\t\t\t\t\t\t\t\t\t\t<h2 class=\"sec-title tp-el-title\">\u0633\u064a\u0627\u0633\u0629 \u0627\u0644\u062c\u0648\u062f\u0629 \u0644\u062f\u064a\u0646\u0627<\/h2>\n\t\t\t\t\t\t\t\t                            <\/div>\n                            <div class=\"about-text mb-50\">\n                                <p>\u00d6zel G\u00f6znuru G\u00f6z Hastanesi alan\u0131nda en g\u00fcvenilir olmak i\u00e7in; ileri teknoloji ve bilgi olanaklar\u0131n\u0131 s\u00fcrekli takip eden, hastalar\u0131 taraf\u0131ndan tercih edilen ve kurumsal hastane anlay\u0131\u015f\u0131yla \u00f6nc\u00fc sa\u011fl\u0131k kurulu\u015fu olma yolunda yar\u0131nlar\u0131na yat\u0131r\u0131m yapmay\u0131 hedeflemektedir.<\/p>                            <\/div>\n                            <div class=\"our-destination\">\n                                                                <div class=\"single-item mb-30\">\n\t\t\t\t\t\t\t\t\t\n                                    <div class=\"mv-title fix\">\n                                        <h3><\/h3>\n                                                                            <\/div>\n                                <\/div>\n\t                                                <\/div>\n                        <\/div>\n                    <\/div>\n                <\/div>\n            <\/div>\n        <\/section>\n        \t\n\t\t\t<\/div>\n\t\t\t\t<\/div>\n\t\t\t\t\t<\/div>\n\t\t<\/div>\n\t\t\t\t\t<\/div>\n\t\t<\/section>\n\t\t\t\t<\/div>\n\t\t","protected":false},"excerpt":{"rendered":"<p>\u0646\u062d\u0646 \u0646\u0647\u062a\u0645 \u0628\u0643. \u0633\u064a\u0627\u0633\u0629 \u0627\u0644\u062c\u0648\u062f\u0629 \u0644\u062f\u064a\u0646\u0627 \u00d6zel G\u00f6znuru G\u00f6z Hastanesi alan\u0131nda en g\u00fcvenilir olmak i\u00e7in; ileri teknoloji ve bilgi olanaklar\u0131n\u0131 s\u00fcrekli takip eden, hastalar\u0131 taraf\u0131ndan tercih edilen ve kurumsal hastane anlay\u0131\u015f\u0131yla \u00f6nc\u00fc sa\u011fl\u0131k kurulu\u015fu olma yolunda yar\u0131nlar\u0131na yat\u0131r\u0131m yapmay\u0131 hedeflemektedir.<\/p>\n","protected":false},"author":1,"featured_media":0,"parent":0,"menu_order":0,"comment_status":"closed","ping_status":"closed","template":"elementor_header_footer","meta":{"footnotes":""},"class_list":["post-2946","page","type-page","status-publish","hentry"],"acf":[],"aioseo_notices":[],"_links":{"self":[{"href":"https:\/\/goznurugoz.com\/ar\/wp-json\/wp\/v2\/pages\/2946","targetHints":{"allow":["GET"]}}],"collection":[{"href":"https:\/\/goznurugoz.com\/ar\/wp-json\/wp\/v2\/pages"}],"about":[{"href":"https:\/\/goznurugoz.com\/ar\/wp-json\/wp\/v2\/types\/page"}],"author":[{"embeddable":true,"href":"https:\/\/goznurugoz.com\/ar\/wp-json\/wp\/v2\/users\/1"}],"replies":[{"embeddable":true,"href":"https:\/\/goznurugoz.com\/ar\/wp-json\/wp\/v2\/comments?post=2946"}],"version-history":[{"count":10,"href":"https:\/\/goznurugoz.com\/ar\/wp-json\/wp\/v2\/pages\/2946\/revisions"}],"predecessor-version":[{"id":4830,"href":"https:\/\/goznurugoz.com\/ar\/wp-json\/wp\/v2\/pages\/2946\/revisions\/4830"}],"wp:attachment":[{"href":"https:\/\/goznurugoz.com\/ar\/wp-json\/wp\/v2\/media?parent=2946"}],"curies":[{"name":"wp","href":"https:\/\/api.w.org\/{rel}","templated":true}]}}