{"id":3091,"date":"2022-03-17T01:45:45","date_gmt":"2022-03-16T22:45:45","guid":{"rendered":"http:\/\/goznurugoz..com\/ar\/?page_id=3091"},"modified":"2025-01-19T22:46:29","modified_gmt":"2025-01-19T19:46:29","slug":"kornea-hastaliklari","status":"publish","type":"page","link":"https:\/\/goznurugoz.com\/ar\/kornea-hastaliklari\/","title":{"rendered":"\u0623\u0645\u0631\u0627\u0636 \u0627\u0644\u0642\u0631\u0646\u064a\u0629"},"content":{"rendered":"\t\t<div data-elementor-type=\"wp-page\" data-elementor-id=\"3091\" class=\"elementor elementor-3091\">\n\t\t\t\t\t\t<section class=\"elementor-section elementor-top-section elementor-element elementor-element-ab2ca9e elementor-section-full_width elementor-section-height-default elementor-section-height-default\" data-id=\"ab2ca9e\" data-element_type=\"section\">\n\t\t\t\t\t\t<div class=\"elementor-container elementor-column-gap-no\">\n\t\t\t\t\t<div class=\"elementor-column elementor-col-100 elementor-top-column elementor-element elementor-element-3bc418e0\" data-id=\"3bc418e0\" data-element_type=\"column\">\n\t\t\t<div class=\"elementor-widget-wrap elementor-element-populated\">\n\t\t\t\t\t\t<div class=\"elementor-element elementor-element-591c54a8 elementor-align-left elementor-widget elementor-widget-bdevs-about\" data-id=\"591c54a8\" data-element_type=\"widget\" data-widget_type=\"bdevs-about.default\">\n\t\t\t\t<div class=\"elementor-widget-container\">\n\t\t\t\n        <section class=\"about-area\">\n            <div class=\"container\">\n                <div class=\"row\">\n                    <div class=\"col-xl-6 col-lg-5\">\n                        <div class=\"about-left-side pos-rel mb-30\">\n                            <div class=\"about-front-img pos-rel\">\n                        \t\t                                    <img decoding=\"async\" src=\"https:\/\/goznurugoz.com\/ar\/wp-content\/uploads\/2023\/12\/kornea.jpg\" alt=\"Preview Image\">\n                                                               \t                            <\/div>\n                                                        <div class=\"about-shape\">\n                                <img decoding=\"async\" src=\"https:\/\/goznurugoz.com\/ar\/wp-content\/themes\/medidove\/img\/about\/about-shape.png\" alt=\"\">\n                            <\/div>\n                                                    <\/div>\n                    <\/div>\n                    <div class=\"col-xl-6 col-lg-7\">\n                        <div class=\"about-right-side pt-55 mb-30\">\n                            <div class=\"about-title mb-20 tp-el-content\">\n                            \t\t\t\t\t\t\t\t\t<h5 class=\"tp-el-subtitle\">\u0648\u062d\u062f\u0627\u062a\u0646\u0627 \u0627\u0644\u0637\u0628\u064a\u0629<\/h5>\n\t\t\t\t\t\t\t\t\t \n\n\t\t\t\t\t\t\t\t\t\t\t\t\t\t\t\t<h2 class=\"sec-title tp-el-title\">\u0623\u0645\u0631\u0627\u0636 \u0627\u0644\u0642\u0631\u0646\u064a\u0629<\/h2>\n\t\t\t\t\t\t\t\t                            <\/div>\n                            <div class=\"about-text mb-50\">\n                                <p>Kornea, g\u00f6z\u00fcn en \u00f6n k\u0131sm\u0131nda yer alan, \u0131\u015f\u0131\u011f\u0131 odaklama ve g\u00f6z\u00fc d\u0131\u015f etkenlerden koruma g\u00f6revine sahip, g\u00f6rme i\u015flevinde b\u00fcy\u00fck rol\u00fc olan, g\u00f6z\u00fcn e\u011fimli saydam tabakas\u0131d\u0131r.<br \/><br \/><\/p>                            <\/div>\n                            <div class=\"our-destination\">\n                                                                <div class=\"single-item mb-30\">\n\t\t\t\t\t\t\t\t\t\n                                    <div class=\"mv-title fix\">\n                                        <h3><\/h3>\n                                                                            <\/div>\n                                <\/div>\n\t                                                <\/div>\n                        <\/div>\n                    <\/div>\n                <\/div>\n            <\/div>\n        <\/section>\n        \t\n\t\t\t<\/div>\n\t\t\t\t<\/div>\n\t\t\t\t\t<\/div>\n\t\t<\/div>\n\t\t\t\t\t<\/div>\n\t\t<\/section>\n\t\t\t\t<section class=\"elementor-section elementor-top-section elementor-element elementor-element-10d19c65 elementor-section-boxed elementor-section-height-default elementor-section-height-default\" data-id=\"10d19c65\" data-element_type=\"section\">\n\t\t\t\t\t\t<div class=\"elementor-container elementor-column-gap-default\">\n\t\t\t\t\t<div class=\"elementor-column elementor-col-100 elementor-top-column elementor-element elementor-element-637dc91b\" data-id=\"637dc91b\" data-element_type=\"column\">\n\t\t\t<div class=\"elementor-widget-wrap elementor-element-populated\">\n\t\t\t\t\t\t<div class=\"elementor-element elementor-element-2b86d665 elementor-widget elementor-widget-text-editor\" data-id=\"2b86d665\" data-element_type=\"widget\" data-widget_type=\"text-editor.default\">\n\t\t\t\t<div class=\"elementor-widget-container\">\n\t\t\t\t\t\t\t<p><strong>Kornea Muayene Y\u00f6ntemleri<\/strong><br \/>G\u00f6z hekimi olmayan bir ki\u015fi lokal \u0131\u015f\u0131k ile kornea saydaml\u0131\u011f\u0131n\u0131, y\u00fczeyinin parlakl\u0131\u011f\u0131n\u0131, kornea yaralanmalar\u0131n\u0131, pamuk bir \u00e7ubuk yard\u0131m\u0131 ile kornea duyarl\u0131\u011f\u0131n\u0131 de\u011ferlendirebilir. G\u00f6z hekimleri kornea morfolojisi ve fonksiyonunu de\u011ferlendirmek i\u00e7in baz\u0131 cihazlar kullan\u0131rlar;<\/p><p><strong>Biyomikroskopi:<\/strong>\u00a0Kornea ve \u00f6n segmente ait di\u011fer yap\u0131lar\u0131n binok\u00fcler olarak incelenmesine yarar. De\u011fi\u015fik kal\u0131nl\u0131ktaki \u0131\u015f\u0131k demetleri farkl\u0131a\u00e7\u0131lardan g\u00f6nderilerek biyomikroskobun b\u00fcy\u00fctmesi sa\u011flan\u0131r ve kornea incelenebilir. Rutin olarak en s\u0131k kullan\u0131lan muayene y\u00f6ntemidir.<\/p><p><strong>Keratometri:<\/strong>\u00a0Kornean\u0131n k\u0131rma g\u00fcc\u00fcn\u00fcn \u00f6l\u00e7\u00fclmesidir. Kontakt lens ve g\u00f6z i\u00e7i lens implantasyonu uygulamas\u0131 \u00f6ncesinde kullan\u0131l\u0131r.<\/p><p><strong>Topografi:<\/strong>\u00a0Kornean\u0131n \u00f6n y\u00fcz\u00fcn\u00fcn topografik analizinde kullan\u0131l\u0131r.<\/p><p><strong>Pakimetri:<\/strong>\u00a0Kornea kal\u0131nl\u0131\u011f\u0131n\u0131n \u00f6l\u00e7\u00fcm\u00fcd\u00fcr.<\/p><p><strong>Spek\u00fcler mikroskopi:\u00a0<\/strong>Endotel h\u00fccre say\u0131s\u0131 ve yap\u0131s\u0131n\u0131 g\u00f6sterir.<\/p><p><strong>Esteziometri:<\/strong>\u00a0Kornea duyarl\u0131l\u0131\u011f\u0131n\u0131n de\u011ferlendirilmesine yarar.<\/p><p><strong>Kornean\u0131n boyanarak muayenesi:<\/strong>\u00a0Kornea y\u00fczeyindeki kusurlar &#8220;floresseine ve rose bengal&#8221; sol\u00fcsyonu ile g\u00f6r\u00fclebilir.<\/p>\t\t\t\t\t\t<\/div>\n\t\t\t\t<\/div>\n\t\t\t\t\t<\/div>\n\t\t<\/div>\n\t\t\t\t\t<\/div>\n\t\t<\/section>\n\t\t\t\t<section class=\"elementor-section elementor-top-section elementor-element elementor-element-24882519 elementor-section-boxed elementor-section-height-default elementor-section-height-default\" data-id=\"24882519\" data-element_type=\"section\">\n\t\t\t\t\t\t<div class=\"elementor-container elementor-column-gap-default\">\n\t\t\t\t\t<div class=\"elementor-column elementor-col-100 elementor-top-column elementor-element elementor-element-80e329\" data-id=\"80e329\" data-element_type=\"column\">\n\t\t\t<div class=\"elementor-widget-wrap\">\n\t\t\t\t\t\t\t<\/div>\n\t\t<\/div>\n\t\t\t\t\t<\/div>\n\t\t<\/section>\n\t\t\t\t<section class=\"elementor-section elementor-top-section elementor-element elementor-element-1e5063d0 elementor-section-boxed elementor-section-height-default elementor-section-height-default\" data-id=\"1e5063d0\" data-element_type=\"section\">\n\t\t\t\t\t\t<div class=\"elementor-container elementor-column-gap-default\">\n\t\t\t\t\t<div class=\"elementor-column elementor-col-100 elementor-top-column elementor-element elementor-element-1faf71ab\" data-id=\"1faf71ab\" data-element_type=\"column\">\n\t\t\t<div class=\"elementor-widget-wrap elementor-element-populated\">\n\t\t\t\t\t\t<div class=\"elementor-element elementor-element-6806e205 elementor-widget elementor-widget-spacer\" data-id=\"6806e205\" data-element_type=\"widget\" data-widget_type=\"spacer.default\">\n\t\t\t\t<div class=\"elementor-widget-container\">\n\t\t\t\t\t<div class=\"elementor-spacer\">\n\t\t\t<div class=\"elementor-spacer-inner\"><\/div>\n\t\t<\/div>\n\t\t\t\t<\/div>\n\t\t\t\t<\/div>\n\t\t\t\t\t<\/div>\n\t\t<\/div>\n\t\t\t\t\t<\/div>\n\t\t<\/section>\n\t\t\t\t<\/div>\n\t\t","protected":false},"excerpt":{"rendered":"<p>\u0648\u062d\u062f\u0627\u062a\u0646\u0627 \u0627\u0644\u0637\u0628\u064a\u0629 \u0623\u0645\u0631\u0627\u0636 \u0627\u0644\u0642\u0631\u0646\u064a\u0629 Kornea, g\u00f6z\u00fcn en \u00f6n k\u0131sm\u0131nda yer alan, \u0131\u015f\u0131\u011f\u0131 odaklama ve g\u00f6z\u00fc d\u0131\u015f etkenlerden koruma g\u00f6revine sahip, g\u00f6rme i\u015flevinde b\u00fcy\u00fck rol\u00fc olan, g\u00f6z\u00fcn e\u011fimli saydam tabakas\u0131d\u0131r. Kornea Muayene Y\u00f6ntemleriG\u00f6z hekimi olmayan bir ki\u015fi lokal \u0131\u015f\u0131k ile kornea saydaml\u0131\u011f\u0131n\u0131, y\u00fczeyinin parlakl\u0131\u011f\u0131n\u0131, kornea yaralanmalar\u0131n\u0131, pamuk bir \u00e7ubuk yard\u0131m\u0131 ile kornea duyarl\u0131\u011f\u0131n\u0131 de\u011ferlendirebilir. G\u00f6z hekimleri [&hellip;]<\/p>\n","protected":false},"author":1,"featured_media":0,"parent":0,"menu_order":0,"comment_status":"closed","ping_status":"closed","template":"elementor_header_footer","meta":{"footnotes":""},"class_list":["post-3091","page","type-page","status-publish","hentry"],"acf":[],"aioseo_notices":[],"_links":{"self":[{"href":"https:\/\/goznurugoz.com\/ar\/wp-json\/wp\/v2\/pages\/3091","targetHints":{"allow":["GET"]}}],"collection":[{"href":"https:\/\/goznurugoz.com\/ar\/wp-json\/wp\/v2\/pages"}],"about":[{"href":"https:\/\/goznurugoz.com\/ar\/wp-json\/wp\/v2\/types\/page"}],"author":[{"embeddable":true,"href":"https:\/\/goznurugoz.com\/ar\/wp-json\/wp\/v2\/users\/1"}],"replies":[{"embeddable":true,"href":"https:\/\/goznurugoz.com\/ar\/wp-json\/wp\/v2\/comments?post=3091"}],"version-history":[{"count":7,"href":"https:\/\/goznurugoz.com\/ar\/wp-json\/wp\/v2\/pages\/3091\/revisions"}],"predecessor-version":[{"id":4776,"href":"https:\/\/goznurugoz.com\/ar\/wp-json\/wp\/v2\/pages\/3091\/revisions\/4776"}],"wp:attachment":[{"href":"https:\/\/goznurugoz.com\/ar\/wp-json\/wp\/v2\/media?parent=3091"}],"curies":[{"name":"wp","href":"https:\/\/api.w.org\/{rel}","templated":true}]}}