{"id":3695,"date":"2023-10-08T17:22:09","date_gmt":"2023-10-08T14:22:09","guid":{"rendered":"https:\/\/goznurugoz..com\/ar\/?page_id=3695"},"modified":"2025-03-05T12:51:37","modified_gmt":"2025-03-05T09:51:37","slug":"op-dr-erhan-tumer","status":"publish","type":"page","link":"https:\/\/goznurugoz.com\/ar\/op-dr-erhan-tumer\/","title":{"rendered":"OP. DR. ERHAN T\u00dcMER"},"content":{"rendered":"\t\t<div data-elementor-type=\"wp-page\" data-elementor-id=\"3695\" class=\"elementor elementor-3695\">\n\t\t\t\t<div class=\"elementor-element elementor-element-695c34b2 e-flex e-con-boxed e-con e-parent\" data-id=\"695c34b2\" data-element_type=\"container\">\n\t\t\t\t\t<div class=\"e-con-inner\">\n\t\t\t\t<div class=\"elementor-element elementor-element-40a2549a elementor-widget elementor-widget-image\" data-id=\"40a2549a\" data-element_type=\"widget\" data-widget_type=\"image.default\">\n\t\t\t\t<div class=\"elementor-widget-container\">\n\t\t\t\t\t\t\t\t\t\t\t\t\t<img decoding=\"async\" width=\"1920\" height=\"4\" src=\"https:\/\/goznurugoz.com\/ar\/wp-content\/uploads\/2023\/10\/serit2.jpg\" class=\"attachment-full size-full wp-image-3977\" alt=\"\" srcset=\"https:\/\/goznurugoz.com\/ar\/wp-content\/uploads\/2023\/10\/serit2.jpg 1920w, https:\/\/goznurugoz.com\/ar\/wp-content\/uploads\/2023\/10\/serit2-300x1.jpg 300w, https:\/\/goznurugoz.com\/ar\/wp-content\/uploads\/2023\/10\/serit2-1024x2.jpg 1024w, https:\/\/goznurugoz.com\/ar\/wp-content\/uploads\/2023\/10\/serit2-768x2.jpg 768w, https:\/\/goznurugoz.com\/ar\/wp-content\/uploads\/2023\/10\/serit2-1536x3.jpg 1536w\" sizes=\"(max-width: 1920px) 100vw, 1920px\" \/>\t\t\t\t\t\t\t\t\t\t\t\t\t<\/div>\n\t\t\t\t<\/div>\n\t\t\t\t\t<\/div>\n\t\t\t\t<\/div>\n\t\t<div class=\"elementor-element elementor-element-12319e11 e-flex e-con-boxed e-con e-parent\" data-id=\"12319e11\" data-element_type=\"container\">\n\t\t\t\t\t<div class=\"e-con-inner\">\n\t\t<div class=\"elementor-element elementor-element-54fd742 e-con-full e-flex e-con e-child\" data-id=\"54fd742\" data-element_type=\"container\">\n\t\t\t\t<div class=\"elementor-element elementor-element-18948d47 elementor-widget elementor-widget-image\" data-id=\"18948d47\" data-element_type=\"widget\" data-widget_type=\"image.default\">\n\t\t\t\t<div class=\"elementor-widget-container\">\n\t\t\t\t\t\t\t\t\t\t\t\t\t<img decoding=\"async\" width=\"515\" height=\"61\" src=\"https:\/\/goznurugoz.com\/ar\/wp-content\/uploads\/2023\/11\/erhan_tumer_cs.jpg\" class=\"attachment-large size-large wp-image-4228\" alt=\"\" srcset=\"https:\/\/goznurugoz.com\/ar\/wp-content\/uploads\/2023\/11\/erhan_tumer_cs.jpg 515w, https:\/\/goznurugoz.com\/ar\/wp-content\/uploads\/2023\/11\/erhan_tumer_cs-300x36.jpg 300w\" sizes=\"(max-width: 515px) 100vw, 515px\" \/>\t\t\t\t\t\t\t\t\t\t\t\t\t<\/div>\n\t\t\t\t<\/div>\n\t\t\t\t<div class=\"elementor-element elementor-element-492f74c2 elementor-widget elementor-widget-image\" data-id=\"492f74c2\" data-element_type=\"widget\" data-widget_type=\"image.default\">\n\t\t\t\t<div class=\"elementor-widget-container\">\n\t\t\t\t\t\t\t\t\t\t\t\t\t<img fetchpriority=\"high\" decoding=\"async\" width=\"530\" height=\"530\" src=\"https:\/\/goznurugoz.com\/ar\/wp-content\/uploads\/2023\/11\/erhantumer.jpg\" class=\"attachment-large size-large wp-image-4230\" alt=\"\" srcset=\"https:\/\/goznurugoz.com\/ar\/wp-content\/uploads\/2023\/11\/erhantumer.jpg 530w, https:\/\/goznurugoz.com\/ar\/wp-content\/uploads\/2023\/11\/erhantumer-300x300.jpg 300w, https:\/\/goznurugoz.com\/ar\/wp-content\/uploads\/2023\/11\/erhantumer-150x150.jpg 150w, https:\/\/goznurugoz.com\/ar\/wp-content\/uploads\/2023\/11\/erhantumer-270x270.jpg 270w\" sizes=\"(max-width: 530px) 100vw, 530px\" \/>\t\t\t\t\t\t\t\t\t\t\t\t\t<\/div>\n\t\t\t\t<\/div>\n\t\t\t\t<div class=\"elementor-element elementor-element-1c1a6cb0 elementor-widget elementor-widget-heading\" data-id=\"1c1a6cb0\" data-element_type=\"widget\" data-widget_type=\"heading.default\">\n\t\t\t\t<div class=\"elementor-widget-container\">\n\t\t\t<h2 class=\"elementor-heading-title elementor-size-default\">\u0645\u062c\u0627\u0644 \u0627\u0644\u062a\u062e\u0635\u0635: \u0635\u062d\u0629 \u0648\u0623\u0645\u0631\u0627\u0636 \u0627\u0644\u0639\u064a\u0648\u0646\n\n\n\n\n\n\n\n<\/h2>\t\t<\/div>\n\t\t\t\t<\/div>\n\t\t\t\t<div class=\"elementor-element elementor-element-480a156b elementor-widget elementor-widget-heading\" data-id=\"480a156b\" data-element_type=\"widget\" data-widget_type=\"heading.default\">\n\t\t\t\t<div class=\"elementor-widget-container\">\n\t\t\t<h2 class=\"elementor-heading-title elementor-size-default\">\u0627\u0644\u0644\u063a\u0629 \u0627\u0644\u0623\u062c\u0646\u0628\u064a\u0629: \u0627\u0644\u0625\u0646\u062c\u0644\u064a\u0632\u064a\u0629<\/h2>\t\t<\/div>\n\t\t\t\t<\/div>\n\t\t\t\t<div class=\"elementor-element elementor-element-deb2afe elementor-widget elementor-widget-heading\" data-id=\"deb2afe\" data-element_type=\"widget\" data-widget_type=\"heading.default\">\n\t\t\t\t<div class=\"elementor-widget-container\">\n\t\t\t<h2 class=\"elementor-heading-title elementor-size-default\">\u0627\u0644\u062a\u062f\u0631\u064a\u0628<\/h2>\t\t<\/div>\n\t\t\t\t<\/div>\n\t\t\t\t<div class=\"elementor-element elementor-element-6d8b6c9d elementor-widget elementor-widget-heading\" data-id=\"6d8b6c9d\" data-element_type=\"widget\" data-widget_type=\"heading.default\">\n\t\t\t\t<div class=\"elementor-widget-container\">\n\t\t\t<h2 class=\"elementor-heading-title elementor-size-default\">M\u00fcnif Pa\u015fa \u0130lkokulu<br>\nGaziantep Anadolu Lisesi<br>\nF\u0131rat \u00dcniversitesi T\u0131p Fak\u00fcltesi <\/h2>\t\t<\/div>\n\t\t\t\t<\/div>\n\t\t\t\t<div class=\"elementor-element elementor-element-e1cf8ca elementor-widget elementor-widget-heading\" data-id=\"e1cf8ca\" data-element_type=\"widget\" data-widget_type=\"heading.default\">\n\t\t\t\t<div class=\"elementor-widget-container\">\n\t\t\t<h2 class=\"elementor-heading-title elementor-size-default\">\u0627\u0644\u062a\u062e\u0635\u0635<\/h2>\t\t<\/div>\n\t\t\t\t<\/div>\n\t\t\t\t<div class=\"elementor-element elementor-element-7f55b48 elementor-widget elementor-widget-heading\" data-id=\"7f55b48\" data-element_type=\"widget\" data-widget_type=\"heading.default\">\n\t\t\t\t<div class=\"elementor-widget-container\">\n\t\t\t<h2 class=\"elementor-heading-title elementor-size-default\">\u0642\u0633\u0645 \u0623\u0645\u0631\u0627\u0636 \u0627\u0644\u0639\u064a\u0648\u0646 \u0628\u062c\u0627\u0645\u0639\u0629 \u0623\u0641\u064a\u0648\u0643 \u0643\u0648\u062c\u0627\u062a\u0628\u0647<\/h2>\t\t<\/div>\n\t\t\t\t<\/div>\n\t\t\t\t<div class=\"elementor-element elementor-element-6514914 elementor-widget elementor-widget-heading\" data-id=\"6514914\" data-element_type=\"widget\" data-widget_type=\"heading.default\">\n\t\t\t\t<div class=\"elementor-widget-container\">\n\t\t\t<h2 class=\"elementor-heading-title elementor-size-default\">\u0627\u0644\u062c\u0645\u0639\u064a\u0627\u062a \u0627\u0644\u062a\u064a \u0647\u0648 \u0639\u0636\u0648 \u0641\u064a\u0647\u0627<\/h2>\t\t<\/div>\n\t\t\t\t<\/div>\n\t\t\t\t<div class=\"elementor-element elementor-element-68a4da6 elementor-widget elementor-widget-heading\" data-id=\"68a4da6\" data-element_type=\"widget\" data-widget_type=\"heading.default\">\n\t\t\t\t<div class=\"elementor-widget-container\">\n\t\t\t<h2 class=\"elementor-heading-title elementor-size-default\">\u0642\u0633\u0645 \u0623\u0645\u0631\u0627\u0636 \u0627\u0644\u0639\u064a\u0648\u0646 \u0628\u062c\u0627\u0645\u0639\u0629 \u0623\u0641\u064a\u0648\u0643 \u0643\u0648\u062c\u0627\u062a\u0628\u0647<br>\n\u063a\u0631\u0641\u0629 \u0627\u0644\u0623\u0637\u0628\u0627\u0621 \u0641\u064a \u063a\u0627\u0632\u064a \u0639\u0646\u062a\u0627\u0628-\u0643\u0644\u064a\u0633<br>\n\u062c\u0645\u0639\u064a\u0629 \u0637\u0628 \u0627\u0644\u0639\u064a\u0648\u0646 \u0627\u0644\u062a\u0631\u0643\u064a\u0629 (TOD)<br>\n\u0627\u0644\u062c\u0645\u0639\u064a\u0629 \u0627\u0644\u0623\u0648\u0631\u0648\u0628\u064a\u0629 \u0644\u062c\u0631\u0627\u062d\u064a \u0627\u0644\u0633\u0627\u062f \u0648\u0627\u0644\u062c\u0631\u0627\u062d\u0629 \u0627\u0644\u0627\u0646\u0643\u0633\u0627\u0631\u064a\u0629 (ESCRS)<br>\n\n\n\n\n\n\n\n<\/h2>\t\t<\/div>\n\t\t\t\t<\/div>\n\t\t\t\t<div class=\"elementor-element elementor-element-1eb7065 elementor-widget elementor-widget-heading\" data-id=\"1eb7065\" data-element_type=\"widget\" data-widget_type=\"heading.default\">\n\t\t\t\t<div class=\"elementor-widget-container\">\n\t\t\t<h2 class=\"elementor-heading-title elementor-size-default\">\u0627\u0644\u0644\u063a\u0629 \u0627\u0644\u0623\u062c\u0646\u0628\u064a\u0629<\/h2>\t\t<\/div>\n\t\t\t\t<\/div>\n\t\t\t\t<div class=\"elementor-element elementor-element-ee6ece2 elementor-widget elementor-widget-heading\" data-id=\"ee6ece2\" data-element_type=\"widget\" data-widget_type=\"heading.default\">\n\t\t\t\t<div class=\"elementor-widget-container\">\n\t\t\t<h2 class=\"elementor-heading-title elementor-size-default\">\u0627\u0644\u0644\u063a\u0629 \u0627\u0644\u0623\u062c\u0646\u0628\u064a\u0629 \u0627\u0644\u0625\u0646\u062c\u0644\u064a\u0632\u064a\u0629<\/h2>\t\t<\/div>\n\t\t\t\t<\/div>\n\t\t\t\t<\/div>\n\t\t<div class=\"elementor-element elementor-element-2d7a52c8 e-con-full e-flex e-con e-child\" data-id=\"2d7a52c8\" data-element_type=\"container\">\n\t\t\t\t<div class=\"elementor-element elementor-element-2387c90 elementor-widget elementor-widget-heading\" data-id=\"2387c90\" data-element_type=\"widget\" data-widget_type=\"heading.default\">\n\t\t\t\t<div class=\"elementor-widget-container\">\n\t\t\t<h2 class=\"elementor-heading-title elementor-size-default\">\u0627\u0644\u0633\u064a\u0631\u0629 \u0627\u0644\u0630\u0627\u062a\u064a\u0629<\/h2>\t\t<\/div>\n\t\t\t\t<\/div>\n\t\t\t\t<div class=\"elementor-element elementor-element-6df2127c elementor-widget elementor-widget-heading\" data-id=\"6df2127c\" data-element_type=\"widget\" data-widget_type=\"heading.default\">\n\t\t\t\t<div class=\"elementor-widget-container\">\n\t\t\t<p class=\"elementor-heading-title elementor-size-medium\">Hacettepe \u00dcniversitesi T\u0131p Fak\u00fcltesinden mezun olan <b><i>Op. Dr. Erhan T\u00dcMER <\/i><\/b>\u00d6zel G\u00f6znuru G\u00f6z Hastanesinde G\u00f6z Sa\u011fl\u0131\u011f\u0131 ve Hastal\u0131klar\u0131 Uzman\u0131 olarak hizmet vermektedir.<br>\n<br>\n<\/p>\t\t<\/div>\n\t\t\t\t<\/div>\n\t\t\t\t<div class=\"elementor-element elementor-element-7af93bc2 elementor-widget elementor-widget-heading\" data-id=\"7af93bc2\" data-element_type=\"widget\" data-widget_type=\"heading.default\">\n\t\t\t\t<div class=\"elementor-widget-container\">\n\t\t\t<h2 class=\"elementor-heading-title elementor-size-default\">\u0627\u0644\u062e\u0628\u0631\u0629 \u0627\u0644\u0645\u0647\u0646\u064a\u0629<\/h2>\t\t<\/div>\n\t\t\t\t<\/div>\n\t\t\t\t<div class=\"elementor-element elementor-element-328b1221 elementor-widget elementor-widget-heading\" data-id=\"328b1221\" data-element_type=\"widget\" data-widget_type=\"heading.default\">\n\t\t\t\t<div class=\"elementor-widget-container\">\n\t\t\t<p class=\"elementor-heading-title elementor-size-medium\">\u00d6zel G\u00f6znuru G\u00f6z Hastanesi <br>\nA\u011fr\u0131 Ta\u015fl\u0131\u00e7ay Devlet Hastanesi (Pratisyen Hekim) \n)<br>\nCeylanp\u0131nar Devlet Hastanesi Ba\u015fhekimli\u011fi (Mecburi Hizmet) \n<br>\n\u00d6zel TAM-MED Hastanesi \n<br>\nSEV Amerikan Hastanesi \n<br>\n\u00d6zel Medicana Kad\u0131k\u00f6y Hastanesi   (2023-devam) <br>\n\u00d6zel Ad\u0131yaman Park Hospital<br>\n<\/p>\t\t<\/div>\n\t\t\t\t<\/div>\n\t\t\t\t<div class=\"elementor-element elementor-element-2c5babe5 elementor-widget elementor-widget-heading\" data-id=\"2c5babe5\" data-element_type=\"widget\" data-widget_type=\"heading.default\">\n\t\t\t\t<div class=\"elementor-widget-container\">\n\t\t\t<h2 class=\"elementor-heading-title elementor-size-default\">\u0645\u062c\u0627\u0644\u0627\u062a \u0627\u0644\u0627\u0647\u062a\u0645\u0627\u0645 \u0627\u0644\u0637\u0628\u064a\u0629<\/h2>\t\t<\/div>\n\t\t\t\t<\/div>\n\t\t\t\t<div class=\"elementor-element elementor-element-58096ca5 elementor-widget elementor-widget-heading\" data-id=\"58096ca5\" data-element_type=\"widget\" data-widget_type=\"heading.default\">\n\t\t\t\t<div class=\"elementor-widget-container\">\n\t\t\t<p class=\"elementor-heading-title elementor-size-default\">\u062c\u0631\u0627\u062d\u0629 \u0627\u0644\u0633\u0627\u062f (\u0627\u0644\u0645\u064a\u0627\u0647 \u0627\u0644\u0628\u064a\u0636\u0627\u0621) \u0648\u0627\u0644\u062c\u0631\u0627\u062d\u0629 \u0627\u0644\u062a\u062c\u0645\u064a\u0644\u064a\u0629 \u0644\u0644\u0639\u064a\u0648\u0646 (\u0623\u0645\u0631\u0627\u0636 \u062c\u0641\u0646 \u0627\u0644\u0639\u064a\u0646 \u0648\u062c\u0631\u0627\u062d\u0629 \u062a\u062c\u0645\u064a\u0644 \u0645\u062d\u064a\u0637 \u0627\u0644\u0639\u064a\u0646)<br>\n\u0627\u0644\u062c\u0644\u0648\u0643\u0648\u0645\u0627 (\u0627\u0631\u062a\u0641\u0627\u0639 \u0636\u063a\u0637 \u0627\u0644\u0639\u064a\u0646) \u0648\u062c\u0631\u0627\u062d\u062a\u0647\u0627<br>\n\u0627\u0644\u062d\u0648\u0644 \u0648\u062c\u0631\u0627\u062d\u062a\u0647\u0627<br>\n\u0643\u0633\u0644 \u0627\u0644\u0639\u064a\u0646<br>\n\u0627\u0644\u0634\u0628\u0643\u064a\u0629 \u0627\u0644\u0637\u0628\u064a\u0629 (\u0623\u0645\u0631\u0627\u0636 \u0627\u0644\u0639\u064a\u0646 \u0627\u0644\u0633\u0643\u0631\u064a\u0629\u060c \u0625\u0644\u062e)<br>\n\u0627\u0644\u062c\u0631\u0627\u062d\u0629 \u0627\u0644\u0627\u0646\u0643\u0633\u0627\u0631\u064a\u0629<br>\n\n\n\n\n\n\n<\/p>\t\t<\/div>\n\t\t\t\t<\/div>\n\t\t\t\t<\/div>\n\t\t\t\t\t<\/div>\n\t\t\t\t<\/div>\n\t\t<div class=\"elementor-element elementor-element-19102194 e-flex e-con-boxed e-con e-parent\" data-id=\"19102194\" data-element_type=\"container\">\n\t\t\t\t\t<div class=\"e-con-inner\">\n\t\t\t\t<div class=\"elementor-element elementor-element-544230f5 elementor-widget elementor-widget-dvfaq-cat\" data-id=\"544230f5\" data-element_type=\"widget\" data-widget_type=\"dvfaq-cat.default\">\n\t\t\t\t<div class=\"elementor-widget-container\">\n\t\t\t<div id=\"dvfaq-wrapper-241618298\" class=\"dvfaq-light\">\n        <div class=\"dvfaq-wrapper\">\n                <div class=\"dvfaq-wrapper-center\">\n                                    <div class=\"dvfaq-cat-container\">\n    \n<h4 id=\"dvfaq-topic-241618298-96\" class=\"dvfaq-cat-title\">\u0627\u0644\u0627\u062c\u062a\u0645\u0627\u0639\u0627\u062a \u0627\u0644\u062a\u064a \u062d\u0636\u0631\u0647\u0627:<\/h4>\n<div class=\"dvfaq-accordion-wrapper\">    \n        <div class=\"dvfaq-accordion-container dvfaq-live-search-results\">\n        <div class=\"dvfaq-accordion-header dvfaq-inactive-header\" itemscope=\"\" itemtype=\"http:\/\/schema.org\/Question\">\u0627\u0644\u062f\u0648\u0631\u0627\u062a \u0648\u0627\u0644\u0627\u062c\u062a\u0645\u0627\u0639\u0627\u062a \u0627\u0644\u062a\u064a \u0634\u0627\u0631\u0643 \u0641\u064a\u0647\u0627<\/div>\n        <div class=\"dvfaq-accordion-content \" itemscope=\"\" itemtype=\"http:\/\/schema.org\/Answer\">\n                                    <div class=\"flex max-w-full flex-col flex-grow\">\n<div class=\"min-h-8 text-message relative flex w-full flex-col items-end gap-2 whitespace-normal break-words text-start [.text-message+&amp;]:mt-5\" dir=\"auto\" data-message-author-role=\"assistant\" data-message-id=\"5563fbab-5091-4c38-8876-a279d26479b2\" data-message-model-slug=\"gpt-4o\">\n<div class=\"flex w-full flex-col gap-1 empty:hidden first:pt-[3px]\">\n<div class=\"markdown prose w-full break-words dark:prose-invert light\">\n<p data-start=\"0\" data-end=\"40\"><strong data-start=\"0\" data-end=\"38\">\u0627\u0644\u062f\u0648\u0631\u0627\u062a \u0648\u0627\u0644\u0627\u062c\u062a\u0645\u0627\u0639\u0627\u062a \u0627\u0644\u062a\u064a \u0634\u0627\u0631\u0643 \u0641\u064a\u0647\u0627<\/strong><\/p>\n<ul data-start=\"42\" data-end=\"907\" data-is-only-node=\"\" data-is-last-node=\"\">\n<li data-start=\"42\" data-end=\"108\"><strong data-start=\"44\" data-end=\"76\">\u0627\u0644\u062f\u0648\u0631\u0629 \u0627\u0644\u0633\u0627\u0628\u0639\u0629 \u0644\u062c\u0631\u0627\u062d\u0629 \u0627\u0644\u0639\u064a\u0648\u0646<\/strong> \u2013 \u062c\u0627\u0645\u0639\u0629 \u063a\u0627\u0632\u064a\u060c 25-27 \u0645\u0627\u064a\u0648 2007<\/li>\n<li data-start=\"109\" data-end=\"175\" data-is-only-node=\"\"><strong data-start=\"111\" data-end=\"143\">\u0627\u0644\u062f\u0648\u0631\u0629 \u0627\u0644\u062b\u0627\u0645\u0646\u0629 \u0644\u062c\u0631\u0627\u062d\u0629 \u0627\u0644\u0639\u064a\u0648\u0646<\/strong> \u2013 \u062c\u0627\u0645\u0639\u0629 \u063a\u0627\u0632\u064a\u060c 23-25 \u0645\u0627\u064a\u0648 2008<\/li>\n<li data-start=\"176\" data-end=\"256\"><strong data-start=\"178\" data-end=\"236\">\u0627\u0644\u0646\u062f\u0648\u0629 \u0627\u0644\u0634\u062a\u0648\u064a\u0629 \u0627\u0644\u062b\u0644\u0627\u062b\u0648\u0646 \u0644\u062c\u0645\u0639\u064a\u0629 \u0637\u0628 \u0627\u0644\u0639\u064a\u0648\u0646 \u0627\u0644\u062a\u0631\u0643\u064a\u0629 (TOD)<\/strong>\u060c 23-25 \u064a\u0646\u0627\u064a\u0631 2009<\/li>\n<li data-start=\"257\" data-end=\"331\"><strong data-start=\"259\" data-end=\"311\">\u0627\u0644\u062f\u0648\u0631\u0629 \u0627\u0644\u0648\u0637\u0646\u064a\u0629 \u0627\u0644\u062a\u0627\u0633\u0639\u0629 \u0648\u0627\u0644\u0639\u0634\u0631\u0648\u0646 \u0644\u0637\u0628 \u0627\u0644\u0639\u064a\u0648\u0646 \u2013 TOD<\/strong>\u060c 10-12 \u0623\u0628\u0631\u064a\u0644 2009<\/li>\n<li data-start=\"332\" data-end=\"393\"><strong data-start=\"334\" data-end=\"376\">\u0627\u0644\u0644\u0642\u0627\u0621 \u0627\u0644\u0633\u0627\u062f\u0633 \u0641\u064a \u062a\u0639\u0644\u064a\u0645 \u0637\u0628 \u0627\u0644\u0639\u064a\u0648\u0646 \u2013 TOD<\/strong>\u060c 25 \u064a\u0648\u0646\u064a\u0648 2009<\/li>\n<li data-start=\"394\" data-end=\"458\"><strong data-start=\"396\" data-end=\"437\">\u0627\u0644\u0645\u0624\u062a\u0645\u0631 \u0627\u0644\u0648\u0637\u0646\u064a \u0627\u0644\u062b\u0627\u0644\u062b \u0648\u0627\u0644\u0623\u0631\u0628\u0639\u0648\u0646 \u2013 TOD<\/strong>\u060c 11-15 \u0646\u0648\u0641\u0645\u0628\u0631 2009<\/li>\n<li data-start=\"459\" data-end=\"531\"><strong data-start=\"461\" data-end=\"502\">\u0627\u0644\u0645\u0624\u062a\u0645\u0631 \u0627\u0644\u0648\u0637\u0646\u064a \u0627\u0644\u0631\u0627\u0628\u0639 \u0648\u0627\u0644\u0623\u0631\u0628\u0639\u0648\u0646 \u2013 TOD<\/strong>\u060c 29 \u0633\u0628\u062a\u0645\u0628\u0631 &#8211; 3 \u0623\u0643\u062a\u0648\u0628\u0631 2010<\/li>\n<li data-start=\"532\" data-end=\"595\"><strong data-start=\"534\" data-end=\"575\">\u0627\u0644\u0645\u0624\u062a\u0645\u0631 \u0627\u0644\u0648\u0637\u0646\u064a \u0627\u0644\u062e\u0627\u0645\u0633 \u0648\u0627\u0644\u0623\u0631\u0628\u0639\u0648\u0646 \u2013 TOD<\/strong>\u060c 5-11 \u0623\u0643\u062a\u0648\u0628\u0631 2011<\/li>\n<li data-start=\"596\" data-end=\"669\"><strong data-start=\"598\" data-end=\"651\">\u0627\u0644\u062f\u0648\u0631\u0629 \u0627\u0644\u0648\u0637\u0646\u064a\u0629 \u0627\u0644\u062b\u0627\u0646\u064a\u0629 \u0648\u0627\u0644\u062b\u0644\u0627\u062b\u0648\u0646 \u0644\u0637\u0628 \u0627\u0644\u0639\u064a\u0648\u0646 \u2013 TOD<\/strong>\u060c 6-8 \u0623\u0628\u0631\u064a\u0644 2012<\/li>\n<li data-start=\"670\" data-end=\"733\"><strong data-start=\"672\" data-end=\"713\">\u0627\u0644\u0646\u062f\u0648\u0629 \u0627\u0644\u0635\u064a\u0641\u064a\u0629 \u0627\u0644\u0633\u0627\u062f\u0633\u0629 \u0648\u0627\u0644\u0639\u0634\u0631\u0648\u0646 \u2013 TOD<\/strong>\u060c 21-23 \u064a\u0648\u0646\u064a\u0648 2013<\/li>\n<li data-start=\"734\" data-end=\"854\"><strong data-start=\"736\" data-end=\"799\">\u0627\u0644\u0648\u062d\u062f\u0629 \u0627\u0644\u062c\u0631\u0627\u062d\u064a\u0629 \u0644\u0625\u0639\u062a\u0627\u0645 \u0639\u062f\u0633\u0629 \u0627\u0644\u0639\u064a\u0646 \u0648\u0627\u0644\u062c\u0631\u0627\u062d\u0629 \u0627\u0644\u0627\u0646\u0643\u0633\u0627\u0631\u064a\u0629 \u2013 TOD<\/strong>\u060c <strong data-start=\"801\" data-end=\"833\">\u0627\u0644\u0646\u062f\u0648\u0629 \u0627\u0644\u0633\u0627\u0628\u0639\u0629 \u0644\u0644\u062c\u0631\u0627\u062d\u0629 \u0627\u0644\u062d\u064a\u0629<\/strong>\u060c 22-23 \u0641\u0628\u0631\u0627\u064a\u0631 2014<\/li>\n<li data-start=\"855\" data-end=\"907\" data-is-last-node=\"\"><strong data-start=\"857\" data-end=\"889\">\u0627\u0644\u0645\u0624\u062a\u0645\u0631 \u0627\u0644\u0648\u0637\u0646\u064a \u0627\u0644\u062e\u0645\u0633\u0648\u0646 \u2013 TOD<\/strong>\u060c 9-13 \u0646\u0648\u0641\u0645\u0628\u0631 2016<\/li>\n<\/ul>\n<\/div>\n<\/div>\n<\/div>\n<\/div>\n<div class=\"mb-2 flex gap-3 -ml-2\" tabindex=\"0\">\n<div class=\"items-center justify-start rounded-xl p-1 flex\"><\/div>\n<\/div>\n            <div class=\"dvfaq-after-content\">\n                        <\/div>\n            <div class=\"dvfaq-clear\"><\/div>  \n             \n        <\/div>\n    <\/div>\n   \n<\/div>    \n<div class=\"dvfaq-accordion-wrapper\">    \n   \n<\/div>    \n<div class=\"dvfaq-accordion-wrapper\">    \n   \n<\/div>    \n    \n    \n \n<\/div>        <\/div>\n            <\/div>\n<\/div>\n<script>\n    jQuery(document).ready(function(){    \n        jQuery(\"#dvfaq-wrapper-241618298\").dvfaqJquery({\n            topAnim: true,\n            topSpacing: 60        });\n    }); \n<\/script>\t\t<\/div>\n\t\t\t\t<\/div>\n\t\t\t\t\t<\/div>\n\t\t\t\t<\/div>\n\t\t<div class=\"elementor-element elementor-element-2d0374e9 e-grid e-con-boxed e-con e-parent\" data-id=\"2d0374e9\" data-element_type=\"container\">\n\t\t\t\t\t<div class=\"e-con-inner\">\n\t\t\t\t\t<\/div>\n\t\t\t\t<\/div>\n\t\t\t\t<\/div>\n\t\t","protected":false},"excerpt":{"rendered":"<p>\u0645\u062c\u0627\u0644 \u0627\u0644\u062a\u062e\u0635\u0635: \u0635\u062d\u0629 \u0648\u0623\u0645\u0631\u0627\u0636 \u0627\u0644\u0639\u064a\u0648\u0646 \u0627\u0644\u0644\u063a\u0629 \u0627\u0644\u0623\u062c\u0646\u0628\u064a\u0629: \u0627\u0644\u0625\u0646\u062c\u0644\u064a\u0632\u064a\u0629 \u0627\u0644\u062a\u062f\u0631\u064a\u0628 M\u00fcnif Pa\u015fa \u0130lkokulu Gaziantep Anadolu Lisesi F\u0131rat \u00dcniversitesi T\u0131p Fak\u00fcltesi \u0627\u0644\u062a\u062e\u0635\u0635 \u0642\u0633\u0645 \u0623\u0645\u0631\u0627\u0636 \u0627\u0644\u0639\u064a\u0648\u0646 \u0628\u062c\u0627\u0645\u0639\u0629 \u0623\u0641\u064a\u0648\u0643 \u0643\u0648\u062c\u0627\u062a\u0628\u0647 \u0627\u0644\u062c\u0645\u0639\u064a\u0627\u062a \u0627\u0644\u062a\u064a \u0647\u0648 \u0639\u0636\u0648 \u0641\u064a\u0647\u0627 \u0642\u0633\u0645 \u0623\u0645\u0631\u0627\u0636 \u0627\u0644\u0639\u064a\u0648\u0646 \u0628\u062c\u0627\u0645\u0639\u0629 \u0623\u0641\u064a\u0648\u0643 \u0643\u0648\u062c\u0627\u062a\u0628\u0647 \u063a\u0631\u0641\u0629 \u0627\u0644\u0623\u0637\u0628\u0627\u0621 \u0641\u064a \u063a\u0627\u0632\u064a \u0639\u0646\u062a\u0627\u0628-\u0643\u0644\u064a\u0633 \u062c\u0645\u0639\u064a\u0629 \u0637\u0628 \u0627\u0644\u0639\u064a\u0648\u0646 \u0627\u0644\u062a\u0631\u0643\u064a\u0629 (TOD) \u0627\u0644\u062c\u0645\u0639\u064a\u0629 \u0627\u0644\u0623\u0648\u0631\u0648\u0628\u064a\u0629 \u0644\u062c\u0631\u0627\u062d\u064a \u0627\u0644\u0633\u0627\u062f \u0648\u0627\u0644\u062c\u0631\u0627\u062d\u0629 \u0627\u0644\u0627\u0646\u0643\u0633\u0627\u0631\u064a\u0629 (ESCRS) \u0627\u0644\u0644\u063a\u0629 [&hellip;]<\/p>\n","protected":false},"author":1,"featured_media":0,"parent":0,"menu_order":0,"comment_status":"closed","ping_status":"closed","template":"","meta":{"footnotes":""},"class_list":["post-3695","page","type-page","status-publish","hentry"],"acf":[],"aioseo_notices":[],"_links":{"self":[{"href":"https:\/\/goznurugoz.com\/ar\/wp-json\/wp\/v2\/pages\/3695","targetHints":{"allow":["GET"]}}],"collection":[{"href":"https:\/\/goznurugoz.com\/ar\/wp-json\/wp\/v2\/pages"}],"about":[{"href":"https:\/\/goznurugoz.com\/ar\/wp-json\/wp\/v2\/types\/page"}],"author":[{"embeddable":true,"href":"https:\/\/goznurugoz.com\/ar\/wp-json\/wp\/v2\/users\/1"}],"replies":[{"embeddable":true,"href":"https:\/\/goznurugoz.com\/ar\/wp-json\/wp\/v2\/comments?post=3695"}],"version-history":[{"count":52,"href":"https:\/\/goznurugoz.com\/ar\/wp-json\/wp\/v2\/pages\/3695\/revisions"}],"predecessor-version":[{"id":4991,"href":"https:\/\/goznurugoz.com\/ar\/wp-json\/wp\/v2\/pages\/3695\/revisions\/4991"}],"wp:attachment":[{"href":"https:\/\/goznurugoz.com\/ar\/wp-json\/wp\/v2\/media?parent=3695"}],"curies":[{"name":"wp","href":"https:\/\/api.w.org\/{rel}","templated":true}]}}