{"id":3714,"date":"2023-10-08T17:42:27","date_gmt":"2023-10-08T14:42:27","guid":{"rendered":"https:\/\/goznurugoz..com\/ar\/?page_id=3714"},"modified":"2025-02-10T22:55:57","modified_gmt":"2025-02-10T19:55:57","slug":"dr-ibrahim-buyukkomurcu","status":"publish","type":"page","link":"https:\/\/goznurugoz.com\/ar\/dr-ibrahim-buyukkomurcu\/","title":{"rendered":"DR. \u0130BRAH\u0130M B\u00dcY\u00dcKK\u00d6M\u00dcRC\u00dc"},"content":{"rendered":"\t\t<div data-elementor-type=\"wp-page\" data-elementor-id=\"3714\" class=\"elementor elementor-3714\">\n\t\t\t\t\t\t<section class=\"elementor-section elementor-top-section elementor-element elementor-element-6153d1e0 elementor-section-stretched elementor-section-content-middle elementor-section-boxed elementor-section-height-default elementor-section-height-default\" data-id=\"6153d1e0\" data-element_type=\"section\" data-settings=\"{&quot;stretch_section&quot;:&quot;section-stretched&quot;,&quot;background_background&quot;:&quot;classic&quot;}\">\n\t\t\t\t\t\t\t<div class=\"elementor-background-overlay\"><\/div>\n\t\t\t\t\t\t\t<div class=\"elementor-container elementor-column-gap-default\">\n\t\t\t\t\t<div class=\"elementor-column elementor-col-100 elementor-top-column elementor-element elementor-element-1d3c5d1b\" data-id=\"1d3c5d1b\" data-element_type=\"column\">\n\t\t\t<div class=\"elementor-widget-wrap elementor-element-populated\">\n\t\t\t\t\t\t<div class=\"elementor-element elementor-element-30338e58 elementor-widget elementor-widget-heading\" data-id=\"30338e58\" data-element_type=\"widget\" data-widget_type=\"heading.default\">\n\t\t\t\t<div class=\"elementor-widget-container\">\n\t\t\t<h1 class=\"elementor-heading-title elementor-size-default\">DR. \u0130BRAH\u0130M B\u00dcY\u00dcKK\u00d6M\u00dcRC\u00dc\n<\/h1>\t\t<\/div>\n\t\t\t\t<\/div>\n\t\t\t\t\t<\/div>\n\t\t<\/div>\n\t\t\t\t\t<\/div>\n\t\t<\/section>\n\t\t\t\t<section class=\"elementor-section elementor-top-section elementor-element elementor-element-14db9edf elementor-section-stretched elementor-section-full_width elementor-section-content-middle elementor-section-height-default elementor-section-height-default\" data-id=\"14db9edf\" data-element_type=\"section\" data-settings=\"{&quot;stretch_section&quot;:&quot;section-stretched&quot;}\">\n\t\t\t\t\t\t<div class=\"elementor-container elementor-column-gap-default\">\n\t\t\t\t\t<div class=\"elementor-column elementor-col-50 elementor-top-column elementor-element elementor-element-422e7231\" data-id=\"422e7231\" data-element_type=\"column\" data-settings=\"{&quot;background_background&quot;:&quot;classic&quot;}\">\n\t\t\t<div class=\"elementor-widget-wrap elementor-element-populated\">\n\t\t\t\t\t<div class=\"elementor-background-overlay\"><\/div>\n\t\t\t\t\t\t<div class=\"elementor-element elementor-element-2e18f56c elementor-align-center elementor-widget elementor-widget-button\" data-id=\"2e18f56c\" data-element_type=\"widget\" data-widget_type=\"button.default\">\n\t\t\t\t<div class=\"elementor-widget-container\">\n\t\t\t\t\t<div class=\"elementor-button-wrapper\">\n\t\t\t<a class=\"elementor-button elementor-button-link elementor-size-sm\" href=\"#\">\n\t\t\t\t\t\t<span class=\"elementor-button-content-wrapper\">\n\t\t\t\t\t\t<span class=\"elementor-button-icon\">\n\t\t\t\t<svg aria-hidden=\"true\" class=\"e-font-icon-svg e-fas-play\" viewBox=\"0 0 448 512\" xmlns=\"http:\/\/www.w3.org\/2000\/svg\"><path d=\"M424.4 214.7L72.4 6.6C43.8-10.3 0 6.1 0 47.9V464c0 37.5 40.7 60.1 72.4 41.3l352-208c31.4-18.5 31.5-64.1 0-82.6z\"><\/path><\/svg>\t\t\t<\/span>\n\t\t\t\t\t\t\t\t<\/span>\n\t\t\t\t\t<\/a>\n\t\t<\/div>\n\t\t\t\t<\/div>\n\t\t\t\t<\/div>\n\t\t\t\t\t<\/div>\n\t\t<\/div>\n\t\t\t\t<div class=\"elementor-column elementor-col-50 elementor-top-column elementor-element elementor-element-645b5b2e\" data-id=\"645b5b2e\" data-element_type=\"column\" data-settings=\"{&quot;background_background&quot;:&quot;classic&quot;}\">\n\t\t\t<div class=\"elementor-widget-wrap elementor-element-populated\">\n\t\t\t\t\t<div class=\"elementor-background-overlay\"><\/div>\n\t\t\t\t\t\t<div class=\"elementor-element elementor-element-656f109c elementor-widget elementor-widget-button\" data-id=\"656f109c\" data-element_type=\"widget\" data-widget_type=\"button.default\">\n\t\t\t\t<div class=\"elementor-widget-container\">\n\t\t\t\t\t<div class=\"elementor-button-wrapper\">\n\t\t\t<a class=\"elementor-button elementor-button-link elementor-size-sm\" href=\"#\">\n\t\t\t\t\t\t<span class=\"elementor-button-content-wrapper\">\n\t\t\t\t\t\t\t\t\t<span class=\"elementor-button-text\">\u0644\u0633\u064a\u0631\u0629 \u0627\u0644\u0630\u0627\u062a\u064a\u0629<\/span>\n\t\t\t\t\t<\/span>\n\t\t\t\t\t<\/a>\n\t\t<\/div>\n\t\t\t\t<\/div>\n\t\t\t\t<\/div>\n\t\t\t\t<div class=\"elementor-element elementor-element-3881eab1 elementor-widget elementor-widget-heading\" data-id=\"3881eab1\" data-element_type=\"widget\" data-widget_type=\"heading.default\">\n\t\t\t\t<div class=\"elementor-widget-container\">\n\t\t\t<h2 class=\"elementor-heading-title elementor-size-default\">\u062a\u0639\u0631\u0641 \u0639\u0644\u064a \u0639\u0646 \u0642\u0631\u0628\n\n\n\n\n\n\n\n<\/h2>\t\t<\/div>\n\t\t\t\t<\/div>\n\t\t\t\t<div class=\"elementor-element elementor-element-7efe28d3 elementor-widget elementor-widget-heading\" data-id=\"7efe28d3\" data-element_type=\"widget\" data-widget_type=\"heading.default\">\n\t\t\t\t<div class=\"elementor-widget-container\">\n\t\t\t<p class=\"elementor-heading-title elementor-size-default\">\u0648\u064f\u0644\u062f\u062a \u0641\u064a \u0639\u0627\u0645 1968 \u0641\u064a \u063a\u0627\u0632\u064a \u0639\u0646\u062a\u0627\u0628. \u0623\u0643\u0645\u0644\u062a \u062a\u0639\u0644\u064a\u0645\u064a \u0641\u064a \u0627\u0644\u0645\u062f\u0631\u0633\u0629 \u0627\u0644\u062b\u0627\u0646\u0648\u064a\u0629 \u0641\u064a \u0645\u062f\u0631\u0633\u0629 \u063a\u0627\u0632\u064a \u0639\u0646\u062a\u0627\u0628 \u0627\u0644\u0623\u0646\u0627\u0636\u0648\u0644\u064a\u0629.<br>\n\u062a\u062e\u0631\u062c\u062a \u0645\u0646 \u0643\u0644\u064a\u0629 \u0627\u0644\u0637\u0628 \u0628\u062c\u0627\u0645\u0639\u0629 \u0625\u064a\u062c\u0629 \u0641\u064a \u0639\u0627\u0645 1992\u060c \u062b\u0645 \u0628\u062f\u0623\u062a \u0639\u0645\u0644\u064a \u0641\u064a \u0642\u0633\u0645 \u0627\u0644\u0637\u0648\u0627\u0631\u0626 \u0628\u0645\u0633\u062a\u0634\u0641\u0649 \u0647\u064a\u0646\u0633 \u0641\u064a \u0645\u062f\u064a\u0646\u0629 \u0625\u0631\u0632\u0648\u0631\u0648\u0645.<br>\n\u0628\u0639\u062f \u062e\u062f\u0645\u062a\u064a \u0627\u0644\u0639\u0633\u0643\u0631\u064a\u0629\u060c \u0628\u062f\u0623\u062a \u0641\u064a \u0639\u0627\u0645 1996 \u062a\u062e\u0635\u0635 \u0627\u0644\u062a\u062e\u062f\u064a\u0631 \u0648\u0627\u0644\u0625\u0646\u0639\u0627\u0634 \u0641\u064a \u0645\u0633\u062a\u0634\u0641\u0649 \u0643\u0627\u0631\u062a\u0627\u0644 \u0644\u0644\u062a\u0639\u0644\u064a\u0645 \u0648\u0627\u0644\u0628\u062d\u062b.<br>\n\u0623\u0646\u0647\u064a\u062a \u062a\u062e\u0635\u0635\u064a \u0641\u064a \u062c\u0631\u0627\u062d\u0629 \u0627\u0644\u0642\u0644\u0628 \u0648\u0627\u0644\u0623\u0648\u0639\u064a\u0629 \u0627\u0644\u062f\u0645\u0648\u064a\u0629 \u0641\u064a \u0645\u0633\u062a\u0634\u0641\u0649 \u0633\u064a\u0627\u0645\u064a \u0625\u0631\u0633\u0643.<br>\n\u0628\u062f\u0623\u062a \u0639\u0645\u0644\u064a \u0641\u064a \u0645\u0633\u062a\u0634\u0641\u0649 \u0639\u062b\u0645\u0627\u0646\u064a\u0629 \u0627\u0644\u062d\u0643\u0648\u0645\u064a \u0641\u064a \u0639\u0627\u0645 2001.<br>\n\u0639\u0645\u0644\u062a \u0641\u064a \u0645\u0631\u0643\u0632 \u063a\u0627\u0632\u064a \u0639\u0646\u062a\u0627\u0628 \u0627\u0644\u0637\u0628\u064a \u0633\u0627\u0646\u064a \u0643\u0648\u0646\u0643\u0648 \u0623\u0648\u063a\u0644\u0648 \u0628\u064a\u0646 \u0639\u0627\u0645\u064a 2004 \u06482010.<br><\/p>\t\t<\/div>\n\t\t\t\t<\/div>\n\t\t\t\t<div class=\"elementor-element elementor-element-782f7c7 elementor-widget elementor-widget-spacer\" data-id=\"782f7c7\" data-element_type=\"widget\" data-widget_type=\"spacer.default\">\n\t\t\t\t<div class=\"elementor-widget-container\">\n\t\t\t\t\t<div class=\"elementor-spacer\">\n\t\t\t<div class=\"elementor-spacer-inner\"><\/div>\n\t\t<\/div>\n\t\t\t\t<\/div>\n\t\t\t\t<\/div>\n\t\t\t\t<div class=\"elementor-element elementor-element-4c15cf56 elementor-widget elementor-widget-spacer\" data-id=\"4c15cf56\" data-element_type=\"widget\" data-widget_type=\"spacer.default\">\n\t\t\t\t<div class=\"elementor-widget-container\">\n\t\t\t\t\t<div class=\"elementor-spacer\">\n\t\t\t<div class=\"elementor-spacer-inner\"><\/div>\n\t\t<\/div>\n\t\t\t\t<\/div>\n\t\t\t\t<\/div>\n\t\t\t\t<div class=\"elementor-element elementor-element-5ff54d72 elementor-align-left elementor-widget elementor-widget-button\" data-id=\"5ff54d72\" data-element_type=\"widget\" data-widget_type=\"button.default\">\n\t\t\t\t<div class=\"elementor-widget-container\">\n\t\t\t\t\t<div class=\"elementor-button-wrapper\">\n\t\t\t<a class=\"elementor-button elementor-button-link elementor-size-md elementor-animation-shrink\" href=\"http:\/\/95.9.38.185:2703\/randevu.asp\">\n\t\t\t\t\t\t<span class=\"elementor-button-content-wrapper\">\n\t\t\t\t\t\t\t\t\t<span class=\"elementor-button-text\">\u0627\u062d\u062c\u0632 \u0645\u0648\u0639\u062f\u064b\u0627<\/span>\n\t\t\t\t\t<\/span>\n\t\t\t\t\t<\/a>\n\t\t<\/div>\n\t\t\t\t<\/div>\n\t\t\t\t<\/div>\n\t\t\t\t\t<\/div>\n\t\t<\/div>\n\t\t\t\t\t<\/div>\n\t\t<\/section>\n\t\t\t\t<\/div>\n\t\t","protected":false},"excerpt":{"rendered":"<p>DR. \u0130BRAH\u0130M B\u00dcY\u00dcKK\u00d6M\u00dcRC\u00dc \u0644\u0633\u064a\u0631\u0629 \u0627\u0644\u0630\u0627\u062a\u064a\u0629 \u062a\u0639\u0631\u0641 \u0639\u0644\u064a \u0639\u0646 \u0642\u0631\u0628 \u0648\u064f\u0644\u062f\u062a \u0641\u064a \u0639\u0627\u0645 1968 \u0641\u064a \u063a\u0627\u0632\u064a \u0639\u0646\u062a\u0627\u0628. \u0623\u0643\u0645\u0644\u062a \u062a\u0639\u0644\u064a\u0645\u064a \u0641\u064a \u0627\u0644\u0645\u062f\u0631\u0633\u0629 \u0627\u0644\u062b\u0627\u0646\u0648\u064a\u0629 \u0641\u064a \u0645\u062f\u0631\u0633\u0629 \u063a\u0627\u0632\u064a \u0639\u0646\u062a\u0627\u0628 \u0627\u0644\u0623\u0646\u0627\u0636\u0648\u0644\u064a\u0629. \u062a\u062e\u0631\u062c\u062a \u0645\u0646 \u0643\u0644\u064a\u0629 \u0627\u0644\u0637\u0628 \u0628\u062c\u0627\u0645\u0639\u0629 \u0625\u064a\u062c\u0629 \u0641\u064a \u0639\u0627\u0645 1992\u060c \u062b\u0645 \u0628\u062f\u0623\u062a \u0639\u0645\u0644\u064a \u0641\u064a \u0642\u0633\u0645 \u0627\u0644\u0637\u0648\u0627\u0631\u0626 \u0628\u0645\u0633\u062a\u0634\u0641\u0649 \u0647\u064a\u0646\u0633 \u0641\u064a \u0645\u062f\u064a\u0646\u0629 \u0625\u0631\u0632\u0648\u0631\u0648\u0645. \u0628\u0639\u062f \u062e\u062f\u0645\u062a\u064a \u0627\u0644\u0639\u0633\u0643\u0631\u064a\u0629\u060c \u0628\u062f\u0623\u062a \u0641\u064a \u0639\u0627\u0645 1996 \u062a\u062e\u0635\u0635 \u0627\u0644\u062a\u062e\u062f\u064a\u0631 [&hellip;]<\/p>\n","protected":false},"author":1,"featured_media":0,"parent":0,"menu_order":0,"comment_status":"closed","ping_status":"closed","template":"","meta":{"footnotes":""},"class_list":["post-3714","page","type-page","status-publish","hentry"],"acf":[],"aioseo_notices":[],"_links":{"self":[{"href":"https:\/\/goznurugoz.com\/ar\/wp-json\/wp\/v2\/pages\/3714","targetHints":{"allow":["GET"]}}],"collection":[{"href":"https:\/\/goznurugoz.com\/ar\/wp-json\/wp\/v2\/pages"}],"about":[{"href":"https:\/\/goznurugoz.com\/ar\/wp-json\/wp\/v2\/types\/page"}],"author":[{"embeddable":true,"href":"https:\/\/goznurugoz.com\/ar\/wp-json\/wp\/v2\/users\/1"}],"replies":[{"embeddable":true,"href":"https:\/\/goznurugoz.com\/ar\/wp-json\/wp\/v2\/comments?post=3714"}],"version-history":[{"count":23,"href":"https:\/\/goznurugoz.com\/ar\/wp-json\/wp\/v2\/pages\/3714\/revisions"}],"predecessor-version":[{"id":4905,"href":"https:\/\/goznurugoz.com\/ar\/wp-json\/wp\/v2\/pages\/3714\/revisions\/4905"}],"wp:attachment":[{"href":"https:\/\/goznurugoz.com\/ar\/wp-json\/wp\/v2\/media?parent=3714"}],"curies":[{"name":"wp","href":"https:\/\/api.w.org\/{rel}","templated":true}]}}