{"id":397,"date":"2019-06-16T18:11:13","date_gmt":"2019-06-16T18:11:13","guid":{"rendered":"http:\/\/bdevs.net\/theme\/medidove\/?page_id=397"},"modified":"2025-03-05T12:20:22","modified_gmt":"2025-03-05T09:20:22","slug":"doktorlarimiz","status":"publish","type":"page","link":"https:\/\/goznurugoz.com\/ar\/doktorlarimiz\/","title":{"rendered":"\u0623\u0637\u0628\u0627\u0624\u0646\u0627"},"content":{"rendered":"\t\t<div data-elementor-type=\"wp-post\" data-elementor-id=\"397\" class=\"elementor elementor-397\">\n\t\t\t\t\t\t<section class=\"elementor-section elementor-top-section elementor-element elementor-element-8e325e2 elementor-section-boxed elementor-section-height-default elementor-section-height-default\" data-id=\"8e325e2\" data-element_type=\"section\">\n\t\t\t\t\t\t<div class=\"elementor-container elementor-column-gap-default\">\n\t\t\t\t\t<div class=\"elementor-column elementor-col-100 elementor-top-column elementor-element elementor-element-729ff36\" data-id=\"729ff36\" data-element_type=\"column\">\n\t\t\t<div class=\"elementor-widget-wrap elementor-element-populated\">\n\t\t\t\t\t\t<div class=\"elementor-element elementor-element-f8a0715 elementor-align-center elementor-widget elementor-widget-bdevs-heading\" data-id=\"f8a0715\" data-element_type=\"widget\" data-widget_type=\"bdevs-heading.default\">\n\t\t\t\t<div class=\"elementor-widget-container\">\n\t\t\t            <div class=\"section-title pos-rel tp-el-content\">\n\n            \t                <div class=\"section-icon\">\n                    <img decoding=\"async\" class=\"section-back-icon back-icon-left\" src=\"https:\/\/goznurugoz.com\/ar\/wp-content\/themes\/medidove\/img\/section\/section-back-icon.png\" alt=\"\">\n                <\/div>\n                \t\n\n                <div class=\"section-text pos-rel\">\n\t\t\t\t\t\t\t\t\t\t<h5 class=\"tp-el-subtitle\">\u0623\u0637\u0628\u0627\u0624\u0646\u0627<\/h5>\n\t\t\t\t\t\t\n\n                    \t\t\t\t\t<h2 class=\"sec-title tp-el-title\">\u0641\u0631\u064a\u0642 \u0645\u062a\u062e\u0635\u0635 \u0641\u064a \u0639\u0645\u0644\u0647<\/h2>\n\t\t\t\t\t\n\t\t\t\t\t\t\t\n                <\/div>\n\t\t\t\t                <div class=\"section-line pos-rel\">\n                    <img decoding=\"async\" src=\"https:\/\/goznurugoz.com\/ar\/wp-content\/themes\/medidove\/img\/shape\/section-title-line.png\" alt=\"\">\n                <\/div>\n                \t\n            <\/div>\n        \t\t\n\n\t\t\t<\/div>\n\t\t\t\t<\/div>\n\t\t\t\t\t<\/div>\n\t\t<\/div>\n\t\t\t\t\t<\/div>\n\t\t<\/section>\n\t\t<div class=\"elementor-element elementor-element-2e87681 e-flex e-con-boxed e-con e-parent\" data-id=\"2e87681\" data-element_type=\"container\">\n\t\t\t\t\t<div class=\"e-con-inner\">\n\t\t<div class=\"elementor-element elementor-element-397f6e5 e-con-full e-flex e-con e-child\" data-id=\"397f6e5\" data-element_type=\"container\">\n\t\t\t\t<div class=\"elementor-element elementor-element-678714ac elementor-widget elementor-widget-image\" data-id=\"678714ac\" data-element_type=\"widget\" data-widget_type=\"image.default\">\n\t\t\t\t<div class=\"elementor-widget-container\">\n\t\t\t\t\t\t\t\t\t\t\t\t\t<img fetchpriority=\"high\" decoding=\"async\" width=\"640\" height=\"547\" src=\"https:\/\/goznurugoz.com\/ar\/wp-content\/uploads\/2022\/03\/peykanturkcuoglu.jpeg\" class=\"attachment-large size-large wp-image-3364\" alt=\"\" srcset=\"https:\/\/goznurugoz.com\/ar\/wp-content\/uploads\/2022\/03\/peykanturkcuoglu.jpeg 700w, https:\/\/goznurugoz.com\/ar\/wp-content\/uploads\/2022\/03\/peykanturkcuoglu-300x256.jpeg 300w, https:\/\/goznurugoz.com\/ar\/wp-content\/uploads\/2022\/03\/peykanturkcuoglu-500x427.jpeg 500w, https:\/\/goznurugoz.com\/ar\/wp-content\/uploads\/2022\/03\/peykanturkcuoglu-600x513.jpeg 600w\" sizes=\"(max-width: 640px) 100vw, 640px\" \/>\t\t\t\t\t\t\t\t\t\t\t\t\t<\/div>\n\t\t\t\t<\/div>\n\t\t\t\t<div class=\"elementor-element elementor-element-cc3fc08 elementor-widget elementor-widget-html\" data-id=\"cc3fc08\" data-element_type=\"widget\" data-widget_type=\"html.default\">\n\t\t\t\t<div class=\"elementor-widget-container\">\n\t\t\t<!DOCTYPE html>\n<html lang=\"en\">\n<head>\n    <meta charset=\"UTF-8\">\n    <meta http-equiv=\"X-UA-Compatible\" content=\"IE=edge\">\n    <meta name=\"viewport\" content=\"width=device-width, initial-scale=1.0\">\n    <style>\n        .oval-button {\n            display: inline-block;\n            padding: 10px 20px;\n            background: linear-gradient(to right, #D13676, #E0686C);\n            border-radius: 60px;\n            color: #fff;\n            text-decoration: none;\n            font-size: 16px;\n            font-weight: bold;\n            text-align: center;\n            transition: background 0.3s ease;\n        }\n\n        .oval-button:hover {\n            background: linear-gradient(to right, #E0686C, #D13676);\n        }\n    <\/style>\n    <title>Oval Buton<\/title>\n<\/head>\n<body>\n <center><a href=\"https:\/\/goznurugoz.com\/ar\/prof-dr-peykan-turkcuoglu\/\" class=\"oval-button\">Prof. Dr.Peykan T\u00dcRK\u00c7\u00dcO\u011eLU<\/a>\n<\/body>\n<\/html>\n\t\t<\/div>\n\t\t\t\t<\/div>\n\t\t\t\t<\/div>\n\t\t<div class=\"elementor-element elementor-element-621dece e-con-full e-flex e-con e-child\" data-id=\"621dece\" data-element_type=\"container\">\n\t\t\t\t<div class=\"elementor-element elementor-element-690f0c9e elementor-widget elementor-widget-image\" data-id=\"690f0c9e\" data-element_type=\"widget\" data-widget_type=\"image.default\">\n\t\t\t\t<div class=\"elementor-widget-container\">\n\t\t\t\t\t\t\t\t\t\t\t\t\t<img decoding=\"async\" width=\"640\" height=\"547\" src=\"https:\/\/goznurugoz.com\/ar\/wp-content\/uploads\/2022\/03\/cem_ozturkmen.jpeg\" class=\"attachment-large size-large wp-image-3363\" alt=\"\" srcset=\"https:\/\/goznurugoz.com\/ar\/wp-content\/uploads\/2022\/03\/cem_ozturkmen.jpeg 700w, https:\/\/goznurugoz.com\/ar\/wp-content\/uploads\/2022\/03\/cem_ozturkmen-300x256.jpeg 300w, https:\/\/goznurugoz.com\/ar\/wp-content\/uploads\/2022\/03\/cem_ozturkmen-500x427.jpeg 500w, https:\/\/goznurugoz.com\/ar\/wp-content\/uploads\/2022\/03\/cem_ozturkmen-600x513.jpeg 600w\" sizes=\"(max-width: 640px) 100vw, 640px\" \/>\t\t\t\t\t\t\t\t\t\t\t\t\t<\/div>\n\t\t\t\t<\/div>\n\t\t\t\t<div class=\"elementor-element elementor-element-e70f87c elementor-widget elementor-widget-html\" data-id=\"e70f87c\" data-element_type=\"widget\" data-widget_type=\"html.default\">\n\t\t\t\t<div class=\"elementor-widget-container\">\n\t\t\t<!DOCTYPE html>\n<html lang=\"en\">\n<head>\n    <meta charset=\"UTF-8\">\n    <meta http-equiv=\"X-UA-Compatible\" content=\"IE=edge\">\n    <meta name=\"viewport\" content=\"width=device-width, initial-scale=1.0\">\n    <style>\n        .oval-button {\n            display: inline-block;\n            padding: 10px 20px;\n            background: linear-gradient(to right, #D13676, #E0686C);\n            border-radius: 60px;\n            color: #fff;\n            text-decoration: none;\n            font-size: 16px;\n            font-weight: bold;\n            text-align: center;\n            transition: background 0.3s ease;\n        }\n\n        .oval-button:hover {\n            background: linear-gradient(to right, #E0686C, #D13676);\n        }\n    <\/style>\n    <title>Oval Buton<\/title>\n<\/head>\n<body>\n <center><a href=\"https:\/\/goznurugoz.com\/ar\/doc-dr-cem-ozturkmen\/\" class=\"oval-button\">Do\u00e7. Dr. Cem \u00d6ZT\u00dcRKMEN<\/a>\n<\/body>\n<\/html>\n\t\t<\/div>\n\t\t\t\t<\/div>\n\t\t\t\t<\/div>\n\t\t<div class=\"elementor-element elementor-element-388170c e-con-full e-flex e-con e-child\" data-id=\"388170c\" data-element_type=\"container\">\n\t\t\t\t<div class=\"elementor-element elementor-element-7bd0dcfd elementor-widget elementor-widget-image\" data-id=\"7bd0dcfd\" data-element_type=\"widget\" data-widget_type=\"image.default\">\n\t\t\t\t<div class=\"elementor-widget-container\">\n\t\t\t\t\t\t\t\t\t\t\t\t\t<img decoding=\"async\" width=\"640\" height=\"547\" src=\"https:\/\/goznurugoz.com\/ar\/wp-content\/uploads\/2022\/03\/nurettin_sahingozu.jpeg\" class=\"attachment-large size-large wp-image-3368\" alt=\"\" srcset=\"https:\/\/goznurugoz.com\/ar\/wp-content\/uploads\/2022\/03\/nurettin_sahingozu.jpeg 700w, https:\/\/goznurugoz.com\/ar\/wp-content\/uploads\/2022\/03\/nurettin_sahingozu-300x256.jpeg 300w, https:\/\/goznurugoz.com\/ar\/wp-content\/uploads\/2022\/03\/nurettin_sahingozu-500x427.jpeg 500w, https:\/\/goznurugoz.com\/ar\/wp-content\/uploads\/2022\/03\/nurettin_sahingozu-600x513.jpeg 600w\" sizes=\"(max-width: 640px) 100vw, 640px\" \/>\t\t\t\t\t\t\t\t\t\t\t\t\t<\/div>\n\t\t\t\t<\/div>\n\t\t\t\t<div class=\"elementor-element elementor-element-e30ec07 elementor-widget elementor-widget-html\" data-id=\"e30ec07\" data-element_type=\"widget\" data-widget_type=\"html.default\">\n\t\t\t\t<div class=\"elementor-widget-container\">\n\t\t\t<!DOCTYPE html>\n<html lang=\"en\">\n<head>\n    <meta charset=\"UTF-8\">\n    <meta http-equiv=\"X-UA-Compatible\" content=\"IE=edge\">\n    <meta name=\"viewport\" content=\"width=device-width, initial-scale=1.0\">\n    <style>\n        .oval-button {\n            display: inline-block;\n            padding: 10px 20px;\n            background: linear-gradient(to right, #D13676, #E0686C);\n            border-radius: 60px;\n            color: #fff;\n            text-decoration: none;\n            font-size: 16px;\n            font-weight: bold;\n            text-align: center;\n            transition: background 0.3s ease;\n        }\n\n        .oval-button:hover {\n            background: linear-gradient(to right, #E0686C, #D13676);\n        }\n    <\/style>\n    <title>Oval Buton<\/title>\n<\/head>\n<body>\n <center><a href=\"https:\/\/goznurugoz.com\/ar\/op-dr-nurettin-sahingozu\/\" class=\"oval-button\">Op. Dr. Nurettin \u015eAH\u0130NG\u00d6Z\u00dc<\/a>\n<\/body>\n<\/html>\n\t\t<\/div>\n\t\t\t\t<\/div>\n\t\t\t\t<\/div>\n\t\t\t\t\t<\/div>\n\t\t\t\t<\/div>\n\t\t<div class=\"elementor-element elementor-element-e23ffcc e-flex e-con-boxed e-con e-parent\" data-id=\"e23ffcc\" data-element_type=\"container\">\n\t\t\t\t\t<div class=\"e-con-inner\">\n\t\t<div class=\"elementor-element elementor-element-e0c743f e-con-full e-flex e-con e-child\" data-id=\"e0c743f\" data-element_type=\"container\">\n\t\t\t\t<div class=\"elementor-element elementor-element-25beb6fb elementor-widget elementor-widget-image\" data-id=\"25beb6fb\" data-element_type=\"widget\" data-widget_type=\"image.default\">\n\t\t\t\t<div class=\"elementor-widget-container\">\n\t\t\t\t\t\t\t\t\t\t\t\t\t<img loading=\"lazy\" decoding=\"async\" width=\"640\" height=\"547\" src=\"https:\/\/goznurugoz.com\/ar\/wp-content\/uploads\/2022\/03\/erhan_tumer.jpeg\" class=\"attachment-large size-large wp-image-3359\" alt=\"\" srcset=\"https:\/\/goznurugoz.com\/ar\/wp-content\/uploads\/2022\/03\/erhan_tumer.jpeg 700w, https:\/\/goznurugoz.com\/ar\/wp-content\/uploads\/2022\/03\/erhan_tumer-300x256.jpeg 300w, https:\/\/goznurugoz.com\/ar\/wp-content\/uploads\/2022\/03\/erhan_tumer-500x427.jpeg 500w, https:\/\/goznurugoz.com\/ar\/wp-content\/uploads\/2022\/03\/erhan_tumer-600x513.jpeg 600w\" sizes=\"(max-width: 640px) 100vw, 640px\" \/>\t\t\t\t\t\t\t\t\t\t\t\t\t<\/div>\n\t\t\t\t<\/div>\n\t\t\t\t<div class=\"elementor-element elementor-element-7668204 elementor-widget elementor-widget-html\" data-id=\"7668204\" data-element_type=\"widget\" data-widget_type=\"html.default\">\n\t\t\t\t<div class=\"elementor-widget-container\">\n\t\t\t<!DOCTYPE html>\n<html lang=\"en\">\n<head>\n    <meta charset=\"UTF-8\">\n    <meta http-equiv=\"X-UA-Compatible\" content=\"IE=edge\">\n    <meta name=\"viewport\" content=\"width=device-width, initial-scale=1.0\">\n    <style>\n        .oval-button {\n            display: inline-block;\n            padding: 10px 20px;\n            background: linear-gradient(to right, #D13676, #E0686C);\n            border-radius: 60px;\n            color: #fff;\n            text-decoration: none;\n            font-size: 16px;\n            font-weight: bold;\n            text-align: center;\n            transition: background 0.3s ease;\n        }\n\n        .oval-button:hover {\n            background: linear-gradient(to right, #E0686C, #D13676);\n        }\n    <\/style>\n    <title>Oval Buton<\/title>\n<\/head>\n<body>\n <center><a href=\"https:\/\/goznurugoz.com\/ar\/op-dr-erhan-tumer\/\" class=\"oval-button\">Op.Dr. Erhan T\u00dcMER<\/a>\n<\/body>\n<\/html>\n\t\t<\/div>\n\t\t\t\t<\/div>\n\t\t\t\t<\/div>\n\t\t<div class=\"elementor-element elementor-element-9bf090c e-con-full e-flex e-con e-child\" data-id=\"9bf090c\" data-element_type=\"container\">\n\t\t\t\t<div class=\"elementor-element elementor-element-f66907a elementor-widget elementor-widget-image\" data-id=\"f66907a\" data-element_type=\"widget\" data-widget_type=\"image.default\">\n\t\t\t\t<div class=\"elementor-widget-container\">\n\t\t\t\t\t\t\t\t\t\t\t\t\t<img loading=\"lazy\" decoding=\"async\" width=\"640\" height=\"547\" src=\"https:\/\/goznurugoz.com\/ar\/wp-content\/uploads\/2022\/03\/ibrahim_buyukkomurcu.jpeg\" class=\"attachment-large size-large wp-image-3360\" alt=\"\" srcset=\"https:\/\/goznurugoz.com\/ar\/wp-content\/uploads\/2022\/03\/ibrahim_buyukkomurcu.jpeg 700w, https:\/\/goznurugoz.com\/ar\/wp-content\/uploads\/2022\/03\/ibrahim_buyukkomurcu-300x256.jpeg 300w, https:\/\/goznurugoz.com\/ar\/wp-content\/uploads\/2022\/03\/ibrahim_buyukkomurcu-500x427.jpeg 500w, https:\/\/goznurugoz.com\/ar\/wp-content\/uploads\/2022\/03\/ibrahim_buyukkomurcu-600x513.jpeg 600w\" sizes=\"(max-width: 640px) 100vw, 640px\" \/>\t\t\t\t\t\t\t\t\t\t\t\t\t<\/div>\n\t\t\t\t<\/div>\n\t\t\t\t<div class=\"elementor-element elementor-element-5027d8e elementor-widget elementor-widget-html\" data-id=\"5027d8e\" data-element_type=\"widget\" data-widget_type=\"html.default\">\n\t\t\t\t<div class=\"elementor-widget-container\">\n\t\t\t<!DOCTYPE html>\n<html lang=\"en\">\n<head>\n    <meta charset=\"UTF-8\">\n    <meta http-equiv=\"X-UA-Compatible\" content=\"IE=edge\">\n    <meta name=\"viewport\" content=\"width=device-width, initial-scale=1.0\">\n    <style>\n        .oval-button {\n            display: inline-block;\n            padding: 10px 20px;\n            background: linear-gradient(to right, #D13676, #E0686C);\n            border-radius: 60px;\n            color: #fff;\n            text-decoration: none;\n            font-size: 16px;\n            font-weight: bold;\n            text-align: center;\n            transition: background 0.3s ease;\n        }\n\n        .oval-button:hover {\n            background: linear-gradient(to right, #E0686C, #D13676);\n        }\n    <\/style>\n<\/head>\n<body>\n <center><a href=\"https:\/\/goznurugoz.com\/ar\/dr-ibrahim-buyukkomurcu\/\" class=\"oval-button\">Uz. Dr. \u0130brahim B\u00dcY\u00dcKK\u00d6M\u00dcRC\u00dc<\/a>\n<\/body>\n<\/html>\n\t\t<\/div>\n\t\t\t\t<\/div>\n\t\t\t\t<\/div>\n\t\t<div class=\"elementor-element elementor-element-52a2f45 e-con-full e-flex e-con e-child\" data-id=\"52a2f45\" data-element_type=\"container\">\n\t\t\t\t<div class=\"elementor-element elementor-element-4a8544a8 elementor-widget elementor-widget-image\" data-id=\"4a8544a8\" data-element_type=\"widget\" data-widget_type=\"image.default\">\n\t\t\t\t<div class=\"elementor-widget-container\">\n\t\t\t\t\t\t\t\t\t\t\t\t\t<img loading=\"lazy\" decoding=\"async\" width=\"640\" height=\"547\" src=\"https:\/\/goznurugoz.com\/ar\/wp-content\/uploads\/2022\/03\/adnan_yanik.jpeg\" class=\"attachment-large size-large wp-image-3355\" alt=\"\" srcset=\"https:\/\/goznurugoz.com\/ar\/wp-content\/uploads\/2022\/03\/adnan_yanik.jpeg 700w, https:\/\/goznurugoz.com\/ar\/wp-content\/uploads\/2022\/03\/adnan_yanik-300x256.jpeg 300w, https:\/\/goznurugoz.com\/ar\/wp-content\/uploads\/2022\/03\/adnan_yanik-500x427.jpeg 500w, https:\/\/goznurugoz.com\/ar\/wp-content\/uploads\/2022\/03\/adnan_yanik-600x513.jpeg 600w\" sizes=\"(max-width: 640px) 100vw, 640px\" \/>\t\t\t\t\t\t\t\t\t\t\t\t\t<\/div>\n\t\t\t\t<\/div>\n\t\t\t\t<div class=\"elementor-element elementor-element-ecfa126 elementor-widget elementor-widget-html\" data-id=\"ecfa126\" data-element_type=\"widget\" data-widget_type=\"html.default\">\n\t\t\t\t<div class=\"elementor-widget-container\">\n\t\t\t<!DOCTYPE html>\n<html lang=\"en\">\n<head>\n    <meta charset=\"UTF-8\">\n    <meta http-equiv=\"X-UA-Compatible\" content=\"IE=edge\">\n    <meta name=\"viewport\" content=\"width=device-width, initial-scale=1.0\">\n    <style>\n        .oval-button {\n            display: inline-block;\n            padding: 10px 20px;\n            background: linear-gradient(to right, #D13676, #E0686C);\n            border-radius: 60px;\n            color: #fff;\n            text-decoration: none;\n            font-size: 16px;\n            font-weight: bold;\n            text-align: center;\n            transition: background 0.3s ease;\n        }\n\n        .oval-button:hover {\n            background: linear-gradient(to right, #E0686C, #D13676);\n        }\n    <\/style>\n    <title>Oval Buton<\/title>\n<\/head>\n<body>\n <center><a href=\"https:\/\/goznurugoz.com\/ar\/dr-adnan-yanik\/\" class=\"oval-button\">Dr. Adnan YANIK<\/a>\n<\/body>\n<\/html>\n\t\t<\/div>\n\t\t\t\t<\/div>\n\t\t\t\t<\/div>\n\t\t\t\t\t<\/div>\n\t\t\t\t<\/div>\n\t\t<div class=\"elementor-element elementor-element-216c65e e-flex e-con-boxed e-con e-parent\" data-id=\"216c65e\" data-element_type=\"container\">\n\t\t\t\t\t<div class=\"e-con-inner\">\n\t\t<div class=\"elementor-element elementor-element-ade677d e-con-full e-flex e-con e-child\" data-id=\"ade677d\" data-element_type=\"container\">\n\t\t\t\t<div class=\"elementor-element elementor-element-70920320 elementor-widget elementor-widget-image\" data-id=\"70920320\" data-element_type=\"widget\" data-widget_type=\"image.default\">\n\t\t\t\t<div class=\"elementor-widget-container\">\n\t\t\t\t\t\t\t\t\t\t\t\t\t<img loading=\"lazy\" decoding=\"async\" width=\"640\" height=\"547\" src=\"https:\/\/goznurugoz.com\/ar\/wp-content\/uploads\/2022\/03\/orhan_dogru.jpeg\" class=\"attachment-large size-large wp-image-3366\" alt=\"\" srcset=\"https:\/\/goznurugoz.com\/ar\/wp-content\/uploads\/2022\/03\/orhan_dogru.jpeg 700w, https:\/\/goznurugoz.com\/ar\/wp-content\/uploads\/2022\/03\/orhan_dogru-300x256.jpeg 300w, https:\/\/goznurugoz.com\/ar\/wp-content\/uploads\/2022\/03\/orhan_dogru-500x427.jpeg 500w, https:\/\/goznurugoz.com\/ar\/wp-content\/uploads\/2022\/03\/orhan_dogru-600x513.jpeg 600w\" sizes=\"(max-width: 640px) 100vw, 640px\" \/>\t\t\t\t\t\t\t\t\t\t\t\t\t<\/div>\n\t\t\t\t<\/div>\n\t\t\t\t<div class=\"elementor-element elementor-element-879010e elementor-widget elementor-widget-html\" data-id=\"879010e\" data-element_type=\"widget\" data-widget_type=\"html.default\">\n\t\t\t\t<div class=\"elementor-widget-container\">\n\t\t\t<!DOCTYPE html>\n<html lang=\"en\">\n<head>\n    <meta charset=\"UTF-8\">\n    <meta http-equiv=\"X-UA-Compatible\" content=\"IE=edge\">\n    <meta name=\"viewport\" content=\"width=device-width, initial-scale=1.0\">\n    <style>\n        .oval-button {\n            display: inline-block;\n            padding: 10px 20px;\n            background: linear-gradient(to right, #D13676, #E0686C);\n            border-radius: 60px;\n            color: #fff;\n            text-decoration: none;\n            font-size: 16px;\n            font-weight: bold;\n            text-align: center;\n            transition: background 0.3s ease;\n        }\n\n        .oval-button:hover {\n            background: linear-gradient(to right, #E0686C, #D13676);\n        }\n    <\/style>\n    <title>Oval Buton<\/title>\n<\/head>\n<body>\n <center><a href=\"#\" class=\"oval-button\">Dr. Orhan DO\u011eRU<\/a>\n<\/body>\n<\/html>\n\t\t<\/div>\n\t\t\t\t<\/div>\n\t\t\t\t<\/div>\n\t\t<div class=\"elementor-element elementor-element-3b71554 e-con-full e-flex e-con e-child\" data-id=\"3b71554\" data-element_type=\"container\">\n\t\t\t\t<\/div>\n\t\t<div class=\"elementor-element elementor-element-76599d8 e-con-full e-flex e-con e-child\" data-id=\"76599d8\" data-element_type=\"container\">\n\t\t\t\t<\/div>\n\t\t\t\t\t<\/div>\n\t\t\t\t<\/div>\n\t\t\t\t<section class=\"elementor-section elementor-top-section elementor-element elementor-element-f8e1ccd elementor-section-full_width elementor-section-height-default elementor-section-height-default\" data-id=\"f8e1ccd\" data-element_type=\"section\">\n\t\t\t\t\t\t<div class=\"elementor-container elementor-column-gap-no\">\n\t\t\t\t\t<div class=\"elementor-column elementor-col-100 elementor-top-column elementor-element elementor-element-a36e4c0\" data-id=\"a36e4c0\" data-element_type=\"column\">\n\t\t\t<div class=\"elementor-widget-wrap elementor-element-populated\">\n\t\t\t\t\t\t<div class=\"elementor-element elementor-element-54f4257 elementor-align-left elementor-widget elementor-widget-bdevs-challenge\" data-id=\"54f4257\" data-element_type=\"widget\" data-widget_type=\"bdevs-challenge.default\">\n\t\t\t\t<div class=\"elementor-widget-container\">\n\t\t\t\n        <section class=\"fact-area fact-map pos-rel\">\n            <div class=\"container\">\n                <div class=\"row\">\n                    <div class=\"col-xl-6 col-lg-6 col-md-10\">\n                        <div class=\"section-title pos-rel mb-45\">\n                            <div class=\"section-text section-text-white pos-rel\">\n\t\t\t\t\t\t\t\t\t\t\t\t\t\t\t\t\t<h5 >\u0645\u0631\u0643\u0632 \u0627\u0644\u062f\u0639\u0645 \u0644\u062f\u064a\u0646\u0627<\/h5>\n\t\t\t\t\t\t\t\t\t\n\n                                \t\t\t\t\t\t\t\t\t<h2 class=\"sec-title white-text\">\u0646\u062d\u0646 \u062f\u0627\u0626\u0645\u0627\u064b \u0628\u062c\u0627\u0646\u0628\u0643\u0645.\n\n\n\n\n\n\n\n<\/h2>\n\t\t\t\t\t\t\t\t\t\n                            <\/div>\n                        <\/div>\n\n                                                <div class=\"section-button section-button-left mb-30 xxxx\">\n\t\t\t\t\t\t\t<a class=\"btn btn-icon ml-0\" href=\"http:\/\/195.174.154.242:2703\/?lan=tr\" target=\"_blank\">\n\t\t\t\t\t\t\t\t<span>+<\/span> \u062d\u062f\u062f \u0645\u0648\u0639\u062f\u064b\u0627\t\t\t\t\t\t\t<\/a>\n                        <\/div>\n                        \t\n                    <\/div>\n                    <div class=\"col-lg-6 col-lg-6 col-md-8\">\n                        <div class=\"cta-satisfied\">\n                        \t                            <div class=\"single-satisfied mb-50\">\n                                \t\n\n\t\t\t\t\t\t\t\t\t\t\t\t\t\t\t\t<h5><i class=\"fas fa-user\"><\/i> \u0645\u0648\u0638\u0641\u0648 \u062f\u0639\u0645 \u0627\u0644\u0627\u0633\u062a\u062f\u0639\u0627\u0621<\/h5>\n\t\t\t\t\t\t\t\t\t\n\n                                \t\t\t\t\t\t\t\t<p>\u0646\u062d\u0646 \u0646\u0639\u0645\u0644 \u0645\u0639 \u0641\u0631\u064a\u0642 \u064a\u0642\u0648\u0645 \u0628\u0639\u0645\u0644\u0647 \u0648\u0641\u0642\u064b\u0627 \u0644\u0645\u0642\u064a\u0627\u0633 \u0627\u0644\u0631\u0636\u0627.<\/p>\n\t\t\t\t\t\t\t\t\t\n                            <\/div>\n                                                        <div class=\"single-satisfied mb-50\">\n                                \t\n\n\t\t\t\t\t\t\t\t\t\t\t\t\t\t\t\t<h5><i class=\"far fa-thumbs-up\"><\/i> \u0633\u0628\u0628 \u0627\u062e\u062a\u064a\u0627\u0631\u0646\u0627<\/h5>\n\t\t\t\t\t\t\t\t\t\n\n                                \t\t\t\t\t\t\t\t<p>\u0646\u062d\u0646 \u0646\u0639\u0645\u0644 \u0644\u062a\u0642\u062f\u064a\u0645 \u0623\u0641\u0636\u0644 \u062e\u062f\u0645\u0629 \u0641\u064a \u0627\u0644\u0645\u0646\u0637\u0642\u0629.<\/p>\n\t\t\t\t\t\t\t\t\t\n                            <\/div>\n                                                    <\/div>\n                    <\/div>\n                <\/div>\n            <\/div>\n        <\/section>\n\n\t\t\t<\/div>\n\t\t\t\t<\/div>\n\t\t\t\t\t<\/div>\n\t\t<\/div>\n\t\t\t\t\t<\/div>\n\t\t<\/section>\n\t\t\t\t<\/div>\n\t\t","protected":false},"excerpt":{"rendered":"<p>\u0623\u0637\u0628\u0627\u0624\u0646\u0627 \u0641\u0631\u064a\u0642 \u0645\u062a\u062e\u0635\u0635 \u0641\u064a \u0639\u0645\u0644\u0647 Oval Buton Prof. Dr.Peykan T\u00dcRK\u00c7\u00dcO\u011eLU Oval Buton Do\u00e7. Dr. Cem \u00d6ZT\u00dcRKMEN Oval Buton Op. Dr. Nurettin \u015eAH\u0130NG\u00d6Z\u00dc Oval Buton Op.Dr. Erhan T\u00dcMER Uz. Dr. \u0130brahim B\u00dcY\u00dcKK\u00d6M\u00dcRC\u00dc Oval Buton Dr. Adnan YANIK Oval Buton Dr. Orhan DO\u011eRU \u0645\u0631\u0643\u0632 \u0627\u0644\u062f\u0639\u0645 \u0644\u062f\u064a\u0646\u0627 \u0646\u062d\u0646 \u062f\u0627\u0626\u0645\u0627\u064b \u0628\u062c\u0627\u0646\u0628\u0643\u0645. + \u062d\u062f\u062f \u0645\u0648\u0639\u062f\u064b\u0627 \u0645\u0648\u0638\u0641\u0648 \u062f\u0639\u0645 \u0627\u0644\u0627\u0633\u062a\u062f\u0639\u0627\u0621 \u0646\u062d\u0646 \u0646\u0639\u0645\u0644 [&hellip;]<\/p>\n","protected":false},"author":1,"featured_media":0,"parent":0,"menu_order":0,"comment_status":"closed","ping_status":"closed","template":"elementor_header_footer","meta":{"footnotes":""},"class_list":["post-397","page","type-page","status-publish","hentry"],"acf":[],"aioseo_notices":[],"_links":{"self":[{"href":"https:\/\/goznurugoz.com\/ar\/wp-json\/wp\/v2\/pages\/397","targetHints":{"allow":["GET"]}}],"collection":[{"href":"https:\/\/goznurugoz.com\/ar\/wp-json\/wp\/v2\/pages"}],"about":[{"href":"https:\/\/goznurugoz.com\/ar\/wp-json\/wp\/v2\/types\/page"}],"author":[{"embeddable":true,"href":"https:\/\/goznurugoz.com\/ar\/wp-json\/wp\/v2\/users\/1"}],"replies":[{"embeddable":true,"href":"https:\/\/goznurugoz.com\/ar\/wp-json\/wp\/v2\/comments?post=397"}],"version-history":[{"count":80,"href":"https:\/\/goznurugoz.com\/ar\/wp-json\/wp\/v2\/pages\/397\/revisions"}],"predecessor-version":[{"id":4962,"href":"https:\/\/goznurugoz.com\/ar\/wp-json\/wp\/v2\/pages\/397\/revisions\/4962"}],"wp:attachment":[{"href":"https:\/\/goznurugoz.com\/ar\/wp-json\/wp\/v2\/media?parent=397"}],"curies":[{"name":"wp","href":"https:\/\/api.w.org\/{rel}","templated":true}]}}