{"id":18,"date":"2019-05-27T03:24:13","date_gmt":"2019-05-27T03:24:13","guid":{"rendered":"http:\/\/bdevs.net\/theme\/medidove\/?page_id=18"},"modified":"2024-11-08T15:16:50","modified_gmt":"2024-11-08T12:16:50","slug":"contact","status":"publish","type":"page","link":"https:\/\/goznurugoz.com\/en\/contact\/","title":{"rendered":"Contact"},"content":{"rendered":"\t\t<div data-elementor-type=\"wp-post\" data-elementor-id=\"18\" class=\"elementor elementor-18\">\n\t\t\t\t\t\t<section class=\"elementor-section elementor-top-section elementor-element elementor-element-03af5f6 elementor-section-full_width elementor-section-height-default elementor-section-height-default\" data-id=\"03af5f6\" data-element_type=\"section\">\n\t\t\t\t\t\t<div class=\"elementor-container elementor-column-gap-no\">\n\t\t\t\t\t<div class=\"elementor-column elementor-col-100 elementor-top-column elementor-element elementor-element-92e40ef\" data-id=\"92e40ef\" data-element_type=\"column\">\n\t\t\t<div class=\"elementor-widget-wrap elementor-element-populated\">\n\t\t\t\t\t\t<div class=\"elementor-element elementor-element-c4a555a elementor-align-left elementor-widget elementor-widget-bdevs-contact-info\" data-id=\"c4a555a\" data-element_type=\"widget\" data-widget_type=\"bdevs-contact-info.default\">\n\t\t\t\t<div class=\"elementor-widget-container\">\n\t\t\t\n\t   \t<section class=\"contact-area\">\n            <div class=\"container\">\n                <div class=\"row\">\n\t\t\t\t\t                    <div class=\"col-xl-4 col-lg-4 col-md-4\">\n                        <div class=\"contact text-center bdevs-el-content mb-30\">\n                        \t                            \t<i class=\"bdevs-el-video fas fa-envelope\"><\/i>\n                        \t\t\n                            \t\t\t\t\t\t\t\t<h3 class=\"bdevs-el-title\">E-Mail<\/h3>\n\t\t\t\t\t\t\t\t\n\n                            \t\t\t\t\t\t\t\t<p class=\"bdevs-el-subtitle\">info@goznurugoz.com\nwww.goznurugoz.com<\/p>\n\t\t\t\t\t\t\t\t\n                        <\/div>\n                    <\/div>\n                                        <div class=\"col-xl-4 col-lg-4 col-md-4\">\n                        <div class=\"contact text-center bdevs-el-content mb-30\">\n                        \t                            \t<i class=\"bdevs-el-video fas fa-map-marker-alt\"><\/i>\n                        \t\t\n                            \t\t\t\t\t\t\t\t<h3 class=\"bdevs-el-title\">Adress<\/h3>\n\t\t\t\t\t\t\t\t\n\n                            \t\t\t\t\t\t\t\t<p class=\"bdevs-el-subtitle\">Kolejtepe Mahallesi \u0130n\u00f6n\u00fc Caddesi No: 6 \u015eahinbey \/ Gaziantep<\/p>\n\t\t\t\t\t\t\t\t\n                        <\/div>\n                    <\/div>\n                                        <div class=\"col-xl-4 col-lg-4 col-md-4\">\n                        <div class=\"contact text-center bdevs-el-content mb-30\">\n                        \t                            \t<i class=\"bdevs-el-video fas fa-phone\"><\/i>\n                        \t\t\n                            \t\t\t\t\t\t\t\t<h3 class=\"bdevs-el-title\">Call Center<\/h3>\n\t\t\t\t\t\t\t\t\n\n                            \t\t\t\t\t\t\t\t<p class=\"bdevs-el-subtitle\">+90 342 231 25 25<br>\n+90 342 231 66 77<\/p>\n\t\t\t\t\t\t\t\t\n                        <\/div>\n                    <\/div>\n                    \t\n                <\/div>\n            <\/div>\n        <\/section>\n        \t\n\t\t\t<\/div>\n\t\t\t\t<\/div>\n\t\t\t\t\t<\/div>\n\t\t<\/div>\n\t\t\t\t\t<\/div>\n\t\t<\/section>\n\t\t<div class=\"elementor-element elementor-element-285c0fd e-flex e-con-boxed e-con e-parent\" data-id=\"285c0fd\" data-element_type=\"container\">\n\t\t\t\t\t<div class=\"e-con-inner\">\n\t\t\t\t<div class=\"elementor-element elementor-element-658036a elementor-widget elementor-widget-heading\" data-id=\"658036a\" data-element_type=\"widget\" data-widget_type=\"heading.default\">\n\t\t\t\t<div class=\"elementor-widget-container\">\n\t\t\t<h2 class=\"elementor-heading-title elementor-size-default\">Directions<\/h2>\t\t<\/div>\n\t\t\t\t<\/div>\n\t\t\t\t<div class=\"elementor-element elementor-element-c780c4a elementor-widget elementor-widget-text-editor\" data-id=\"c780c4a\" data-element_type=\"widget\" data-widget_type=\"text-editor.default\">\n\t\t\t\t<div class=\"elementor-widget-container\">\n\t\t\t\t\t\t\t<p>You can find information on how to reach G\u00f6znuru Eye Hospital, one of the most visited places in the central location, using public transportation. The following public transport lines pass near G\u00f6znuru Eye Hospital. The closest stop to G\u00f6znuru Eye Hospital is Ulu Camii Stop, numbered 931. Below, we have listed the numbers of public transportation vehicles that serve this stop.<\/p><p>If you are coming from the O\u011fuzeli direction, you can use the B39 public transport vehicle.<\/p><p>For those coming from the Mavikent-Karata\u015f-Akkent direction, the B62 public transport vehicle is available. For the Beykent direction, you can use the B58, and for Merve\u015fehir, you can take the B59-M16. If you are coming from Gazikent, the B79 and B80 vehicles are suitable. For Seyrantepe, you can choose B33-B80, and for G\u00fcvenevler, M08 is the right option. If you are coming from Bat\u0131kent, you can use the B49, and for Be\u015ftepe-Oncology, the S08 public transport vehicle is available.<\/p><p>If you are coming from the bus station, you can take the B59, B08, B35, or B46 vehicles.<\/p><p>Another nearby stop you can prefer is Sanko Park Stop.<\/p><p>Guests arriving by plane can take the HAVA\u015e public transport vehicle from the airport and can easily reach G\u00f6znuru Eye Hospital by disembarking at suitable locations and transferring to the aforementioned public transport vehicles.<\/p><p>Guests who prefer tram transportation can reach the hospital by getting off at 25 Aral\u0131k State Hospital Stop and walking approximately 15 minutes.<\/p><p>Guests arriving by intercity bus can take the public transport vehicles mentioned above that go to the bus station.<\/p>\t\t\t\t\t\t<\/div>\n\t\t\t\t<\/div>\n\t\t\t\t\t<\/div>\n\t\t\t\t<\/div>\n\t\t\t\t<section class=\"elementor-section elementor-top-section elementor-element elementor-element-e76ed49 elementor-section-boxed elementor-section-height-default elementor-section-height-default\" data-id=\"e76ed49\" data-element_type=\"section\" data-settings=\"{&quot;background_background&quot;:&quot;classic&quot;}\">\n\t\t\t\t\t\t<div class=\"elementor-container elementor-column-gap-default\">\n\t\t\t\t\t<div class=\"elementor-column elementor-col-100 elementor-top-column elementor-element elementor-element-5b9c9a6\" data-id=\"5b9c9a6\" data-element_type=\"column\">\n\t\t\t<div class=\"elementor-widget-wrap elementor-element-populated\">\n\t\t\t\t\t\t<div class=\"elementor-element elementor-element-b9c803c elementor-align-center elementor-widget elementor-widget-bdevs-heading\" data-id=\"b9c803c\" data-element_type=\"widget\" data-widget_type=\"bdevs-heading.default\">\n\t\t\t\t<div class=\"elementor-widget-container\">\n\t\t\t\t\t\t<div class=\"section-title pos-rel tp-el-content\">\n\n\t\t\t\t\n\t\t\t\t\t\t\t\t\t\t\t<div class=\"section-icon\">\n\t\t\t\t\t\t\t<img class=\"section-back-icon back-icon-left\" \n\t\t\t\t\t\t\tsrc=\"https:\/\/goznurugoz.com\/en\/wp-content\/themes\/medidove\/img\/section\/section-back-icon.png\" alt=\"img\">\n\t\t\t\t\t\t<\/div>\n\t\t\t\t\t\n\t\t\t\t\n\t\t\t\t<div class=\"section-text pos-rel\">\n\t\t\t\t\t\n\t\t\t\t\t<h2 class=\"sec-title tp-el-title\">Easy Communication<\/h2>\n\t\t\t\t\t\t\t\t\t<\/div>\n\n\t\t\t\t\t\t\t\t\t\t\t\t\t\t\t\n\t\t\t\t\t\t\t\t\t\t\t\t<\/div>\n\n\t\t\t\t<\/div>\n\t\t\t\t<\/div>\n\t\t\t\t\t<\/div>\n\t\t<\/div>\n\t\t\t\t\t<\/div>\n\t\t<\/section>\n\t\t\t\t<section class=\"elementor-section elementor-top-section elementor-element elementor-element-8d0a493 elementor-section-full_width elementor-section-height-default elementor-section-height-default\" data-id=\"8d0a493\" data-element_type=\"section\">\n\t\t\t\t\t\t<div class=\"elementor-container elementor-column-gap-no\">\n\t\t\t\t\t<div class=\"elementor-column elementor-col-100 elementor-top-column elementor-element elementor-element-b778736\" data-id=\"b778736\" data-element_type=\"column\">\n\t\t\t<div class=\"elementor-widget-wrap elementor-element-populated\">\n\t\t\t\t\t\t<div class=\"elementor-element elementor-element-a35301f elementor-align-left elementor-widget elementor-widget-bdevs-contact\" data-id=\"a35301f\" data-element_type=\"widget\" data-widget_type=\"bdevs-contact.default\">\n\t\t\t\t<div class=\"elementor-widget-container\">\n\t\t\t\n        <section class=\"contact-form-area\">\n            <div class=\"container\">\n                <div class=\"form-wrapper\">\n                    <div id=\"contact-form\" class=\"contact-form\">\n                    \t\n<div class=\"wpcf7 no-js\" id=\"wpcf7-f3191-o1\" lang=\"tr-TR\" dir=\"ltr\">\n<div class=\"screen-reader-response\"><p role=\"status\" aria-live=\"polite\" aria-atomic=\"true\"><\/p> <ul><\/ul><\/div>\n<form action=\"\/en\/wp-json\/wp\/v2\/pages\/18#wpcf7-f3191-o1\" method=\"post\" class=\"wpcf7-form init\" aria-label=\"\u0130leti\u015fim Formu\" novalidate=\"novalidate\" data-status=\"init\">\n<div style=\"display: none;\">\n<input type=\"hidden\" name=\"_wpcf7\" value=\"3191\" \/>\n<input type=\"hidden\" name=\"_wpcf7_version\" value=\"5.9.8\" \/>\n<input type=\"hidden\" name=\"_wpcf7_locale\" value=\"tr_TR\" \/>\n<input type=\"hidden\" name=\"_wpcf7_unit_tag\" value=\"wpcf7-f3191-o1\" \/>\n<input type=\"hidden\" name=\"_wpcf7_container_post\" value=\"0\" \/>\n<input type=\"hidden\" name=\"_wpcf7_posted_data_hash\" value=\"\" \/>\n<\/div>\n<div class=\"row\">\n\t<div class=\"col-lg-6\">\n\t\t<div class=\"form-box user-icon mb-30\">\n\t\t\t<p><span class=\"wpcf7-form-control-wrap\" data-name=\"YourName\"><input size=\"40\" maxlength=\"400\" class=\"wpcf7-form-control wpcf7-text\" aria-invalid=\"false\" placeholder=\"Name\" value=\"\" type=\"text\" name=\"YourName\" \/><\/span>\n\t\t\t<\/p>\n\t\t<\/div>\n\t<\/div>\n\t<div class=\"col-lg-6\">\n\t\t<div class=\"form-box email-icon mb-30\">\n\t\t\t<p><span class=\"wpcf7-form-control-wrap\" data-name=\"YourEmail\"><input size=\"40\" maxlength=\"400\" class=\"wpcf7-form-control wpcf7-email wpcf7-text wpcf7-validates-as-email\" aria-invalid=\"false\" placeholder=\"E-Mail\" value=\"\" type=\"email\" name=\"YourEmail\" \/><\/span>\n\t\t\t<\/p>\n\t\t<\/div>\n\t<\/div>\n\t<div class=\"col-lg-6\">\n\t\t<div class=\"form-box phone-icon mb-30\">\n\t\t\t<p><span class=\"wpcf7-form-control-wrap\" data-name=\"YourPhone\"><input size=\"40\" maxlength=\"400\" class=\"wpcf7-form-control wpcf7-text\" aria-invalid=\"false\" placeholder=\"Phone\" value=\"\" type=\"text\" name=\"YourPhone\" \/><\/span>\n\t\t\t<\/p>\n\t\t<\/div>\n\t<\/div>\n\t<div class=\"col-lg-6\">\n\t\t<div class=\"form-box subject-icon mb-30\">\n\t\t\t<p><span class=\"wpcf7-form-control-wrap\" data-name=\"YourSubject\"><input size=\"40\" maxlength=\"400\" class=\"wpcf7-form-control wpcf7-text\" aria-invalid=\"false\" placeholder=\"Subject\" value=\"\" type=\"text\" name=\"YourSubject\" \/><\/span>\n\t\t\t<\/p>\n\t\t<\/div>\n\t<\/div>\n\t<div class=\"col-lg-12\">\n\t\t<div class=\"form-box message-icon mb-30\">\n\t\t\t<p><span class=\"wpcf7-form-control-wrap\" data-name=\"YourMessage\"><textarea cols=\"40\" rows=\"10\" maxlength=\"2000\" class=\"wpcf7-form-control wpcf7-textarea\" aria-invalid=\"false\" placeholder=\"Message\" name=\"YourMessage\"><\/textarea><\/span>\n\t\t\t<\/p>\n\t\t<\/div>\n\t\t<div class=\"contact-btn text-center\">\n\t\t\t<p><input class=\"wpcf7-form-control wpcf7-submit has-spinner btn btn-icon ml-0\" type=\"submit\" value=\"Submit\" \/>\n\t\t\t<\/p>\n\t\t<\/div>\n\t<\/div>\n<\/div><div class=\"wpcf7-response-output\" aria-hidden=\"true\"><\/div>\n<\/form>\n<\/div>\n                    <\/div>\n                <\/div>\n            <\/div>\n        <\/section>\n        \t\n\t\t\t<\/div>\n\t\t\t\t<\/div>\n\t\t\t\t\t<\/div>\n\t\t<\/div>\n\t\t\t\t\t<\/div>\n\t\t<\/section>\n\t\t\t\t<section class=\"elementor-section elementor-top-section elementor-element elementor-element-ce95ed5 elementor-section-full_width elementor-section-height-default elementor-section-height-default\" data-id=\"ce95ed5\" data-element_type=\"section\">\n\t\t\t\t\t\t<div class=\"elementor-container elementor-column-gap-no\">\n\t\t\t\t\t<div class=\"elementor-column elementor-col-100 elementor-top-column elementor-element elementor-element-3565285\" data-id=\"3565285\" data-element_type=\"column\">\n\t\t\t<div class=\"elementor-widget-wrap elementor-element-populated\">\n\t\t\t\t\t\t<div class=\"elementor-element elementor-element-52202aa elementor-widget elementor-widget-google_maps\" data-id=\"52202aa\" data-element_type=\"widget\" data-widget_type=\"google_maps.default\">\n\t\t\t\t<div class=\"elementor-widget-container\">\n\t\t\t\t\t<div class=\"elementor-custom-embed\">\n\t\t\t<iframe loading=\"lazy\"\n\t\t\t\t\tsrc=\"https:\/\/maps.google.com\/maps?q=G%C3%B6znuru%20hastanesi%20gaziantep&#038;t=m&#038;z=13&#038;output=embed&#038;iwloc=near\"\n\t\t\t\t\ttitle=\"G\u00f6znuru hastanesi gaziantep\"\n\t\t\t\t\taria-label=\"G\u00f6znuru hastanesi gaziantep\"\n\t\t\t><\/iframe>\n\t\t<\/div>\n\t\t\t\t<\/div>\n\t\t\t\t<\/div>\n\t\t\t\t\t<\/div>\n\t\t<\/div>\n\t\t\t\t\t<\/div>\n\t\t<\/section>\n\t\t\t\t<\/div>\n\t\t","protected":false},"excerpt":{"rendered":"<p> [&hellip;]<\/p>\n","protected":false},"author":1,"featured_media":0,"parent":0,"menu_order":0,"comment_status":"closed","ping_status":"closed","template":"elementor_header_footer","meta":{"_acf_changed":false,"footnotes":""},"class_list":["post-18","page","type-page","status-publish","hentry"],"acf":[],"_links":{"self":[{"href":"https:\/\/goznurugoz.com\/en\/wp-json\/wp\/v2\/pages\/18","targetHints":{"allow":["GET"]}}],"collection":[{"href":"https:\/\/goznurugoz.com\/en\/wp-json\/wp\/v2\/pages"}],"about":[{"href":"https:\/\/goznurugoz.com\/en\/wp-json\/wp\/v2\/types\/page"}],"author":[{"embeddable":true,"href":"https:\/\/goznurugoz.com\/en\/wp-json\/wp\/v2\/users\/1"}],"replies":[{"embeddable":true,"href":"https:\/\/goznurugoz.com\/en\/wp-json\/wp\/v2\/comments?post=18"}],"version-history":[{"count":16,"href":"https:\/\/goznurugoz.com\/en\/wp-json\/wp\/v2\/pages\/18\/revisions"}],"predecessor-version":[{"id":4939,"href":"https:\/\/goznurugoz.com\/en\/wp-json\/wp\/v2\/pages\/18\/revisions\/4939"}],"wp:attachment":[{"href":"https:\/\/goznurugoz.com\/en\/wp-json\/wp\/v2\/media?parent=18"}],"curies":[{"name":"wp","href":"https:\/\/api.w.org\/{rel}","templated":true}]}}