{"id":2946,"date":"2022-03-16T00:35:05","date_gmt":"2022-03-15T21:35:05","guid":{"rendered":"http:\/\/goznurugoz.com\/en\/?page_id=2946"},"modified":"2024-11-08T16:25:13","modified_gmt":"2024-11-08T13:25:13","slug":"our-quality-policy","status":"publish","type":"page","link":"https:\/\/goznurugoz.com\/en\/our-quality-policy\/","title":{"rendered":"Our Quality Policy"},"content":{"rendered":"\t\t<div data-elementor-type=\"wp-page\" data-elementor-id=\"2946\" class=\"elementor elementor-2946\">\n\t\t\t\t\t\t<section class=\"elementor-section elementor-top-section elementor-element elementor-element-1053b898 elementor-section-full_width elementor-section-height-default elementor-section-height-default\" data-id=\"1053b898\" data-element_type=\"section\">\n\t\t\t\t\t\t<div class=\"elementor-container elementor-column-gap-no\">\n\t\t\t\t\t<div class=\"elementor-column elementor-col-100 elementor-top-column elementor-element elementor-element-2ba19810\" data-id=\"2ba19810\" data-element_type=\"column\">\n\t\t\t<div class=\"elementor-widget-wrap elementor-element-populated\">\n\t\t\t\t\t\t<div class=\"elementor-element elementor-element-322f71c0 elementor-align-left elementor-widget elementor-widget-bdevs-about\" data-id=\"322f71c0\" data-element_type=\"widget\" data-widget_type=\"bdevs-about.default\">\n\t\t\t\t<div class=\"elementor-widget-container\">\n\t\t\t\n\t\t\t<section class=\"about-area bdevs-el-section\">\n\t\t\t\t<div class=\"container\">\n\t\t\t\t\t<div class=\"row\">\n\t\t\t\t\t\t<div class=\"col-xl-6 col-lg-5\">\n\t\t\t\t\t\t\t<div class=\"about-left-side pos-rel mb-30\">\n\t\t\t\t\t\t\t\t<div class=\"about-front-img pos-rel\">\n\t\t\t\t\t\t\t\t\t\t\t\t\t\t\t\t\t\t\t<img decoding=\"async\" src=\"https:\/\/goznurugoz.com\/en\/wp-content\/uploads\/2023\/05\/58796911717.7.201710259uluhanyazilim.jpeg\" alt=\"Preview Image\">\n\t\t\t\t\t\t\t\t\t\t\t\t\t\t\t\t\t\t\t\t\t\t\t\t\t\t\t\t<a class=\"popup-video about-video-btn white-video-btn\" href=\"https:\/\/www.youtube.com\/watch?v=DTLzsDu7laI\"><i class=\"fas fa-play\"><\/i><\/a>\n\t\t\t\t\t\t\t\t\t\t\t\t\t\t\t\t\t<\/div>\n\t\t\t\t\t\t\t\t\t\t\t\t\t\t\t\t\t<div class=\"about-shape\">\n\t\t\t\t\t\t\t\t\t\t<img decoding=\"async\" src=\"https:\/\/goznurugoz.com\/en\/wp-content\/themes\/medidove\/img\/about\/about-shape.png\" alt=\"\">\n\t\t\t\t\t\t\t\t\t<\/div>\n\t\t\t\t\t\t\t\t\t\t\t\t\t\t\t<\/div>\n\t\t\t\t\t\t<\/div>\n\t\t\t\t\t\t<div class=\"col-xl-6 col-lg-7\">\n\t\t\t\t\t\t\t<div class=\"about-right-side pt-55 mb-30\">\n\t\t\t\t\t\t\t\t<div class=\"about-title mb-20 tp-el-content\">\n\t\t\t\t\t\t\t\t\t\t\t\t\t\t\t\t\t\t\t<h5 class=\"tp-el-subtitle\">We Value You.<\/h5>\n\t\t\t\t\t\t\t\t\t\n\t\t\t\t\t\t\t\t\t<h2 class=\"sec-title tp-el-title\">Our Quality Policy<\/h2>\n\t\t\t\t\t\t\t\t<\/div>\n\t\t\t\t\t\t\t\t\t\t\t\t\t\t\t\t\t<div class=\"about-text mb-50\">\n\t\t\t\t\t\t\t\t\t\t<div class=\"flex max-w-full flex-col flex-grow\"><div class=\"min-h-[20px] text-message flex w-full flex-col items-end gap-2 break-words [.text-message+&amp;]:mt-5 overflow-x-auto whitespace-pre-wrap\" dir=\"auto\" data-message-author-role=\"assistant\" data-message-id=\"0c3ef46d-3d3d-4d87-b3f9-609bc8b4820d\"><div class=\"flex w-full flex-col gap-1 empty:hidden first:pt-[3px]\"><div class=\"result-streaming markdown prose w-full break-words dark:prose-invert light\"><p>To be the most trusted in its field, \u00d6zel G\u00f6znuru G\u00f6z Hastanesi aims to continuously follow advanced technology and information resources, to be preferred by patients, and to invest in its future on the path of becoming a pioneering healthcare institution with a corporate hospital understanding<\/p><\/div><\/div><\/div><\/div><div class=\"mt-1 flex gap-3 empty:hidden -ml-2\"><div class=\"items-center justify-start rounded-xl p-1 flex\"><div class=\"flex items-center\"><div class=\"flex\">\u00a0<\/div><div class=\"flex items-center pb-0\"><div class=\"[&amp;_svg]:h-full [&amp;_svg]:w-full icon-md h-4 w-4\">\u00a0<\/div><\/div><\/div><\/div><\/div>\t\t\t\t\t\t\t\t\t<\/div>\n\t\t\t\t\t\t\t\t\n\t\t\t\t\t\t\t\t<div class=\"our-destination\">\n\t\t\t\t\t\t\t\t\t\t\t\t\t\t\t\t\t\t\t<div class=\"single-item mb-30\">\n\t\t\t\t\t\t\t\t\t\t\t\n\t\t\t\t\t\t\t\t\t\t\t<div class=\"mv-title fix\">\n\t\t\t\t\t\t\t\t\t\t\t\t<h3><\/h3>\n\t\t\t\t\t\t\t\t\t\t\t\t\t\t\t\t\t\t\t\t\t\t\t<\/div>\n\t\t\t\t\t\t\t\t\t\t<\/div>\n\t\t\t\t\t\t\t\t\t\t\t\t\t\t\t\t\t<\/div>\n\t\t\t\t\t\t\t<\/div>\n\t\t\t\t\t\t<\/div>\n\t\t\t\t\t<\/div>\n\t\t\t\t<\/div>\n\t\t\t<\/section>\n\t\t\t\t<\/div>\n\t\t\t\t<\/div>\n\t\t\t\t\t<\/div>\n\t\t<\/div>\n\t\t\t\t\t<\/div>\n\t\t<\/section>\n\t\t\t\t<\/div>\n\t\t","protected":false},"excerpt":{"rendered":"<p> [&hellip;]<\/p>\n","protected":false},"author":1,"featured_media":0,"parent":0,"menu_order":0,"comment_status":"closed","ping_status":"closed","template":"elementor_header_footer","meta":{"_acf_changed":false,"footnotes":""},"class_list":["post-2946","page","type-page","status-publish","hentry"],"acf":[],"_links":{"self":[{"href":"https:\/\/goznurugoz.com\/en\/wp-json\/wp\/v2\/pages\/2946","targetHints":{"allow":["GET"]}}],"collection":[{"href":"https:\/\/goznurugoz.com\/en\/wp-json\/wp\/v2\/pages"}],"about":[{"href":"https:\/\/goznurugoz.com\/en\/wp-json\/wp\/v2\/types\/page"}],"author":[{"embeddable":true,"href":"https:\/\/goznurugoz.com\/en\/wp-json\/wp\/v2\/users\/1"}],"replies":[{"embeddable":true,"href":"https:\/\/goznurugoz.com\/en\/wp-json\/wp\/v2\/comments?post=2946"}],"version-history":[{"count":15,"href":"https:\/\/goznurugoz.com\/en\/wp-json\/wp\/v2\/pages\/2946\/revisions"}],"predecessor-version":[{"id":4955,"href":"https:\/\/goznurugoz.com\/en\/wp-json\/wp\/v2\/pages\/2946\/revisions\/4955"}],"wp:attachment":[{"href":"https:\/\/goznurugoz.com\/en\/wp-json\/wp\/v2\/media?parent=2946"}],"curies":[{"name":"wp","href":"https:\/\/api.w.org\/{rel}","templated":true}]}}