{"id":3552,"date":"2023-10-07T21:59:11","date_gmt":"2023-10-07T18:59:11","guid":{"rendered":"https:\/\/goznurugoz.com\/en\/?page_id=3552"},"modified":"2024-10-03T12:28:53","modified_gmt":"2024-10-03T09:28:53","slug":"doc-dr-cem-ozturkmen","status":"publish","type":"page","link":"https:\/\/goznurugoz.com\/en\/doc-dr-cem-ozturkmen\/","title":{"rendered":"DO\u00c7.DR. CEM \u00d6ZT\u00dcRKMEN"},"content":{"rendered":"\t\t<div data-elementor-type=\"wp-page\" data-elementor-id=\"3552\" class=\"elementor elementor-3552\">\n\t\t\t\t<div class=\"elementor-element elementor-element-74cffad e-flex e-con-boxed e-con e-parent\" data-id=\"74cffad\" data-element_type=\"container\">\n\t\t\t\t\t<div class=\"e-con-inner\">\n\t\t\t\t<div class=\"elementor-element elementor-element-f6c5381 elementor-widget elementor-widget-image\" data-id=\"f6c5381\" data-element_type=\"widget\" data-widget_type=\"image.default\">\n\t\t\t\t<div class=\"elementor-widget-container\">\n\t\t\t\t\t\t\t\t\t\t\t\t\t<img decoding=\"async\" width=\"1920\" height=\"4\" src=\"https:\/\/goznurugoz.com\/en\/wp-content\/uploads\/2023\/10\/serit2.jpg\" class=\"attachment-full size-full wp-image-3977\" alt=\"\" srcset=\"https:\/\/goznurugoz.com\/en\/wp-content\/uploads\/2023\/10\/serit2.jpg 1920w, https:\/\/goznurugoz.com\/en\/wp-content\/uploads\/2023\/10\/serit2-300x1.jpg 300w, https:\/\/goznurugoz.com\/en\/wp-content\/uploads\/2023\/10\/serit2-1024x2.jpg 1024w, https:\/\/goznurugoz.com\/en\/wp-content\/uploads\/2023\/10\/serit2-768x2.jpg 768w, https:\/\/goznurugoz.com\/en\/wp-content\/uploads\/2023\/10\/serit2-1536x3.jpg 1536w\" sizes=\"(max-width: 1920px) 100vw, 1920px\" \/>\t\t\t\t\t\t\t\t\t\t\t\t\t<\/div>\n\t\t\t\t<\/div>\n\t\t\t\t\t<\/div>\n\t\t\t\t<\/div>\n\t\t<div class=\"elementor-element elementor-element-1f90780 e-flex e-con-boxed e-con e-parent\" data-id=\"1f90780\" data-element_type=\"container\">\n\t\t\t\t\t<div class=\"e-con-inner\">\n\t\t<div class=\"elementor-element elementor-element-0e7120d e-con-full e-flex e-con e-child\" data-id=\"0e7120d\" data-element_type=\"container\">\n\t\t\t\t<div class=\"elementor-element elementor-element-e4391f9 elementor-widget elementor-widget-image\" data-id=\"e4391f9\" data-element_type=\"widget\" data-widget_type=\"image.default\">\n\t\t\t\t<div class=\"elementor-widget-container\">\n\t\t\t\t\t\t\t\t\t\t\t\t\t<img decoding=\"async\" width=\"515\" height=\"61\" src=\"https:\/\/goznurugoz.com\/en\/wp-content\/uploads\/2023\/10\/cemmavi.jpg\" class=\"attachment-large size-large wp-image-3990\" alt=\"\" srcset=\"https:\/\/goznurugoz.com\/en\/wp-content\/uploads\/2023\/10\/cemmavi.jpg 515w, https:\/\/goznurugoz.com\/en\/wp-content\/uploads\/2023\/10\/cemmavi-300x36.jpg 300w\" sizes=\"(max-width: 515px) 100vw, 515px\" \/>\t\t\t\t\t\t\t\t\t\t\t\t\t<\/div>\n\t\t\t\t<\/div>\n\t\t\t\t<div class=\"elementor-element elementor-element-1036571 elementor-widget elementor-widget-image\" data-id=\"1036571\" data-element_type=\"widget\" data-widget_type=\"image.default\">\n\t\t\t\t<div class=\"elementor-widget-container\">\n\t\t\t\t\t\t\t\t\t\t\t\t\t<img fetchpriority=\"high\" decoding=\"async\" width=\"574\" height=\"775\" src=\"https:\/\/goznurugoz.com\/en\/wp-content\/uploads\/2023\/10\/cem_hakkimizda.jpg\" class=\"attachment-large size-large wp-image-3948\" alt=\"\" srcset=\"https:\/\/goznurugoz.com\/en\/wp-content\/uploads\/2023\/10\/cem_hakkimizda.jpg 574w, https:\/\/goznurugoz.com\/en\/wp-content\/uploads\/2023\/10\/cem_hakkimizda-222x300.jpg 222w\" sizes=\"(max-width: 574px) 100vw, 574px\" \/>\t\t\t\t\t\t\t\t\t\t\t\t\t<\/div>\n\t\t\t\t<\/div>\n\t\t\t\t<div class=\"elementor-element elementor-element-8d6152a elementor-widget elementor-widget-heading\" data-id=\"8d6152a\" data-element_type=\"widget\" data-widget_type=\"heading.default\">\n\t\t\t\t<div class=\"elementor-widget-container\">\n\t\t\t<h2 class=\"elementor-heading-title elementor-size-default\">Specialization: Eye Health and Diseases\n<\/h2>\t\t<\/div>\n\t\t\t\t<\/div>\n\t\t\t\t<div class=\"elementor-element elementor-element-c415acc elementor-widget elementor-widget-heading\" data-id=\"c415acc\" data-element_type=\"widget\" data-widget_type=\"heading.default\">\n\t\t\t\t<div class=\"elementor-widget-container\">\n\t\t\t<h2 class=\"elementor-heading-title elementor-size-default\">Foreign Language: English\n<\/h2>\t\t<\/div>\n\t\t\t\t<\/div>\n\t\t\t\t<div class=\"elementor-element elementor-element-e2fb540 elementor-widget elementor-widget-heading\" data-id=\"e2fb540\" data-element_type=\"widget\" data-widget_type=\"heading.default\">\n\t\t\t\t<div class=\"elementor-widget-container\">\n\t\t\t<h2 class=\"elementor-heading-title elementor-size-default\">Education<\/h2>\t\t<\/div>\n\t\t\t\t<\/div>\n\t\t\t\t<div class=\"elementor-element elementor-element-c21edba elementor-widget elementor-widget-heading\" data-id=\"c21edba\" data-element_type=\"widget\" data-widget_type=\"heading.default\">\n\t\t\t\t<div class=\"elementor-widget-container\">\n\t\t\t<h2 class=\"elementor-heading-title elementor-size-default\">Hacettepe University 1999<\/h2>\t\t<\/div>\n\t\t\t\t<\/div>\n\t\t\t\t<\/div>\n\t\t<div class=\"elementor-element elementor-element-aeb8c57 e-con-full e-flex e-con e-child\" data-id=\"aeb8c57\" data-element_type=\"container\">\n\t\t\t\t<div class=\"elementor-element elementor-element-b8a924f elementor-widget elementor-widget-heading\" data-id=\"b8a924f\" data-element_type=\"widget\" data-widget_type=\"heading.default\">\n\t\t\t\t<div class=\"elementor-widget-container\">\n\t\t\t<h2 class=\"elementor-heading-title elementor-size-default\">Curriculum Vitae (CV)<\/h2>\t\t<\/div>\n\t\t\t\t<\/div>\n\t\t\t\t<div class=\"elementor-element elementor-element-69fd690 elementor-widget elementor-widget-heading\" data-id=\"69fd690\" data-element_type=\"widget\" data-widget_type=\"heading.default\">\n\t\t\t\t<div class=\"elementor-widget-container\">\n\t\t\t<p class=\"elementor-heading-title elementor-size-medium\"><b><i>Assoc. Prof. Dr. Cem \u00d6ZT\u00dcRKMEN<\/i><\/b>, who graduated from Hacettepe University in 1999, is currently serving as a Specialist in Eye Health and Diseases at \u00d6zel G\u00f6znuru Eye Hospital.<br>\n<br>\n<b>Thesis Title:<\/b> Demographic characteristics and factors associated with low visual acuity in cases of severe mechanical globe injury (2003) Thesis Advisors: (Bora Eldem; Sibel Kaday\u0131f\u00e7\u0131lar)\n<\/p>\t\t<\/div>\n\t\t\t\t<\/div>\n\t\t\t\t<div class=\"elementor-element elementor-element-ef91b81 elementor-widget elementor-widget-heading\" data-id=\"ef91b81\" data-element_type=\"widget\" data-widget_type=\"heading.default\">\n\t\t\t\t<div class=\"elementor-widget-container\">\n\t\t\t<h2 class=\"elementor-heading-title elementor-size-default\">Professional Experience<\/h2>\t\t<\/div>\n\t\t\t\t<\/div>\n\t\t\t\t<div class=\"elementor-element elementor-element-a57c30e elementor-widget elementor-widget-heading\" data-id=\"a57c30e\" data-element_type=\"widget\" data-widget_type=\"heading.default\">\n\t\t\t\t<div class=\"elementor-widget-container\">\n\t\t\t<p class=\"elementor-heading-title elementor-size-medium\">Sani Konuko\u011flu Hospital (2004-2010)<br>\nSivas Military Hospital (2007-2008)<br>\n\u00d6zel Gaziantep G\u00f6znuru Hospital (2010-Present)<br>\n\u00d6zel Hatem Hospital (2019-2023)<br>\n\u00d6zel Medicana Kad\u0131k\u00f6y Hospital (2023-Present)\n<\/p>\t\t<\/div>\n\t\t\t\t<\/div>\n\t\t\t\t<div class=\"elementor-element elementor-element-888fc54 elementor-widget elementor-widget-heading\" data-id=\"888fc54\" data-element_type=\"widget\" data-widget_type=\"heading.default\">\n\t\t\t\t<div class=\"elementor-widget-container\">\n\t\t\t<h2 class=\"elementor-heading-title elementor-size-default\">Medical Interests<\/h2>\t\t<\/div>\n\t\t\t\t<\/div>\n\t\t\t\t<div class=\"elementor-element elementor-element-1e7c261 elementor-widget elementor-widget-heading\" data-id=\"1e7c261\" data-element_type=\"widget\" data-widget_type=\"heading.default\">\n\t\t\t\t<div class=\"elementor-widget-container\">\n\t\t\t<p class=\"elementor-heading-title elementor-size-default\">- Cataract - Smart Lens Surgery<br>\n- Refractive Surgery (Lasic-PRK-No Touch)<br>\n- Vitreoretinal Surgery<br>\n- Keratoconus and Hybrid Treatment Methods<br>\n- Macular and Retina Diseases<br>\n- Diabetic Retinopathy<br>\n- Strabismus and Pediatric Eye Diseases<br>\n<\/p>\t\t<\/div>\n\t\t\t\t<\/div>\n\t\t\t\t<\/div>\n\t\t\t\t\t<\/div>\n\t\t\t\t<\/div>\n\t\t<div class=\"elementor-element elementor-element-e72851c e-flex e-con-boxed e-con e-parent\" data-id=\"e72851c\" data-element_type=\"container\">\n\t\t\t\t\t<div class=\"e-con-inner\">\n\t\t\t\t\t<\/div>\n\t\t\t\t<\/div>\n\t\t<div class=\"elementor-element elementor-element-ae8a4f6 e-grid e-con-boxed e-con e-parent\" data-id=\"ae8a4f6\" data-element_type=\"container\">\n\t\t\t\t\t<div class=\"e-con-inner\">\n\t\t\t\t\t<\/div>\n\t\t\t\t<\/div>\n\t\t\t\t<\/div>\n\t\t","protected":false},"excerpt":{"rendered":"<p> [&hellip;]<\/p>\n","protected":false},"author":1,"featured_media":0,"parent":0,"menu_order":0,"comment_status":"closed","ping_status":"closed","template":"","meta":{"_acf_changed":false,"footnotes":""},"class_list":["post-3552","page","type-page","status-publish","hentry"],"acf":[],"_links":{"self":[{"href":"https:\/\/goznurugoz.com\/en\/wp-json\/wp\/v2\/pages\/3552","targetHints":{"allow":["GET"]}}],"collection":[{"href":"https:\/\/goznurugoz.com\/en\/wp-json\/wp\/v2\/pages"}],"about":[{"href":"https:\/\/goznurugoz.com\/en\/wp-json\/wp\/v2\/types\/page"}],"author":[{"embeddable":true,"href":"https:\/\/goznurugoz.com\/en\/wp-json\/wp\/v2\/users\/1"}],"replies":[{"embeddable":true,"href":"https:\/\/goznurugoz.com\/en\/wp-json\/wp\/v2\/comments?post=3552"}],"version-history":[{"count":208,"href":"https:\/\/goznurugoz.com\/en\/wp-json\/wp\/v2\/pages\/3552\/revisions"}],"predecessor-version":[{"id":4838,"href":"https:\/\/goznurugoz.com\/en\/wp-json\/wp\/v2\/pages\/3552\/revisions\/4838"}],"wp:attachment":[{"href":"https:\/\/goznurugoz.com\/en\/wp-json\/wp\/v2\/media?parent=3552"}],"curies":[{"name":"wp","href":"https:\/\/api.w.org\/{rel}","templated":true}]}}