{"id":3650,"date":"2023-10-08T16:10:02","date_gmt":"2023-10-08T13:10:02","guid":{"rendered":"https:\/\/goznurugoz.com\/en\/?page_id=3650"},"modified":"2024-10-03T12:21:29","modified_gmt":"2024-10-03T09:21:29","slug":"prof-dr-peykan-turkcuoglu","status":"publish","type":"page","link":"https:\/\/goznurugoz.com\/en\/prof-dr-peykan-turkcuoglu\/","title":{"rendered":"Prof. Dr. Peykan T\u00dcRK\u00c7\u00dcO\u011eLU"},"content":{"rendered":"\t\t<div data-elementor-type=\"wp-page\" data-elementor-id=\"3650\" class=\"elementor elementor-3650\">\n\t\t\t\t<div class=\"elementor-element elementor-element-6c8d611 e-flex e-con-boxed e-con e-parent\" data-id=\"6c8d611\" data-element_type=\"container\">\n\t\t\t\t\t<div class=\"e-con-inner\">\n\t\t\t\t<div class=\"elementor-element elementor-element-6b50dc83 elementor-widget elementor-widget-image\" data-id=\"6b50dc83\" data-element_type=\"widget\" data-widget_type=\"image.default\">\n\t\t\t\t<div class=\"elementor-widget-container\">\n\t\t\t\t\t\t\t\t\t\t\t\t\t<img decoding=\"async\" width=\"1920\" height=\"4\" src=\"https:\/\/goznurugoz.com\/en\/wp-content\/uploads\/2023\/10\/serit2.jpg\" class=\"attachment-full size-full wp-image-3977\" alt=\"\" srcset=\"https:\/\/goznurugoz.com\/en\/wp-content\/uploads\/2023\/10\/serit2.jpg 1920w, https:\/\/goznurugoz.com\/en\/wp-content\/uploads\/2023\/10\/serit2-300x1.jpg 300w, https:\/\/goznurugoz.com\/en\/wp-content\/uploads\/2023\/10\/serit2-1024x2.jpg 1024w, https:\/\/goznurugoz.com\/en\/wp-content\/uploads\/2023\/10\/serit2-768x2.jpg 768w, https:\/\/goznurugoz.com\/en\/wp-content\/uploads\/2023\/10\/serit2-1536x3.jpg 1536w\" sizes=\"(max-width: 1920px) 100vw, 1920px\" \/>\t\t\t\t\t\t\t\t\t\t\t\t\t<\/div>\n\t\t\t\t<\/div>\n\t\t\t\t\t<\/div>\n\t\t\t\t<\/div>\n\t\t<div class=\"elementor-element elementor-element-7cb416cc e-flex e-con-boxed e-con e-parent\" data-id=\"7cb416cc\" data-element_type=\"container\">\n\t\t\t\t\t<div class=\"e-con-inner\">\n\t\t<div class=\"elementor-element elementor-element-6f357036 e-con-full e-flex e-con e-child\" data-id=\"6f357036\" data-element_type=\"container\">\n\t\t\t\t<div class=\"elementor-element elementor-element-3a2bb5fc elementor-widget elementor-widget-image\" data-id=\"3a2bb5fc\" data-element_type=\"widget\" data-widget_type=\"image.default\">\n\t\t\t\t<div class=\"elementor-widget-container\">\n\t\t\t\t\t\t\t\t\t\t\t\t\t<img decoding=\"async\" width=\"515\" height=\"61\" src=\"https:\/\/goznurugoz.com\/en\/wp-content\/uploads\/2023\/11\/peykan_turkcuoglu.jpg\" class=\"attachment-large size-large wp-image-4190\" alt=\"\" srcset=\"https:\/\/goznurugoz.com\/en\/wp-content\/uploads\/2023\/11\/peykan_turkcuoglu.jpg 515w, https:\/\/goznurugoz.com\/en\/wp-content\/uploads\/2023\/11\/peykan_turkcuoglu-300x36.jpg 300w\" sizes=\"(max-width: 515px) 100vw, 515px\" \/>\t\t\t\t\t\t\t\t\t\t\t\t\t<\/div>\n\t\t\t\t<\/div>\n\t\t\t\t<div class=\"elementor-element elementor-element-243ab79e elementor-widget elementor-widget-image\" data-id=\"243ab79e\" data-element_type=\"widget\" data-widget_type=\"image.default\">\n\t\t\t\t<div class=\"elementor-widget-container\">\n\t\t\t\t\t\t\t\t\t\t\t\t\t<img fetchpriority=\"high\" decoding=\"async\" width=\"425\" height=\"520\" src=\"https:\/\/goznurugoz.com\/en\/wp-content\/uploads\/2023\/11\/peykan_turkcuoglu.png\" class=\"attachment-large size-large wp-image-4263\" alt=\"\" srcset=\"https:\/\/goznurugoz.com\/en\/wp-content\/uploads\/2023\/11\/peykan_turkcuoglu.png 425w, https:\/\/goznurugoz.com\/en\/wp-content\/uploads\/2023\/11\/peykan_turkcuoglu-245x300.png 245w\" sizes=\"(max-width: 425px) 100vw, 425px\" \/>\t\t\t\t\t\t\t\t\t\t\t\t\t<\/div>\n\t\t\t\t<\/div>\n\t\t\t\t<div class=\"elementor-element elementor-element-57307b28 elementor-widget elementor-widget-heading\" data-id=\"57307b28\" data-element_type=\"widget\" data-widget_type=\"heading.default\">\n\t\t\t\t<div class=\"elementor-widget-container\">\n\t\t\t<h2 class=\"elementor-heading-title elementor-size-default\">Specialization: Eye Health and Diseases\n<\/h2>\t\t<\/div>\n\t\t\t\t<\/div>\n\t\t\t\t<div class=\"elementor-element elementor-element-606cc8a5 elementor-widget elementor-widget-heading\" data-id=\"606cc8a5\" data-element_type=\"widget\" data-widget_type=\"heading.default\">\n\t\t\t\t<div class=\"elementor-widget-container\">\n\t\t\t<h2 class=\"elementor-heading-title elementor-size-default\">Foreign Language: English\n<\/h2>\t\t<\/div>\n\t\t\t\t<\/div>\n\t\t\t\t<div class=\"elementor-element elementor-element-09baf40 elementor-widget elementor-widget-heading\" data-id=\"09baf40\" data-element_type=\"widget\" data-widget_type=\"heading.default\">\n\t\t\t\t<div class=\"elementor-widget-container\">\n\t\t\t<h2 class=\"elementor-heading-title elementor-size-default\">Education<\/h2>\t\t<\/div>\n\t\t\t\t<\/div>\n\t\t\t\t<div class=\"elementor-element elementor-element-74220c56 elementor-widget elementor-widget-heading\" data-id=\"74220c56\" data-element_type=\"widget\" data-widget_type=\"heading.default\">\n\t\t\t\t<div class=\"elementor-widget-container\">\n\t\t\t<h2 class=\"elementor-heading-title elementor-size-default\">Hacettepe University<\/h2>\t\t<\/div>\n\t\t\t\t<\/div>\n\t\t\t\t<div class=\"elementor-element elementor-element-cc0c083 elementor-widget elementor-widget-heading\" data-id=\"cc0c083\" data-element_type=\"widget\" data-widget_type=\"heading.default\">\n\t\t\t\t<div class=\"elementor-widget-container\">\n\t\t\t<h2 class=\"elementor-heading-title elementor-size-default\">Specialization<\/h2>\t\t<\/div>\n\t\t\t\t<\/div>\n\t\t\t\t<div class=\"elementor-element elementor-element-ca5274b elementor-widget elementor-widget-heading\" data-id=\"ca5274b\" data-element_type=\"widget\" data-widget_type=\"heading.default\">\n\t\t\t\t<div class=\"elementor-widget-container\">\n\t\t\t<h2 class=\"elementor-heading-title elementor-size-default\">Hacettepe University, Eye Diseases, 2003\n<\/h2>\t\t<\/div>\n\t\t\t\t<\/div>\n\t\t\t\t<\/div>\n\t\t<div class=\"elementor-element elementor-element-1f3fe92a e-con-full e-flex e-con e-child\" data-id=\"1f3fe92a\" data-element_type=\"container\">\n\t\t\t\t<div class=\"elementor-element elementor-element-7d637ad9 elementor-widget elementor-widget-heading\" data-id=\"7d637ad9\" data-element_type=\"widget\" data-widget_type=\"heading.default\">\n\t\t\t\t<div class=\"elementor-widget-container\">\n\t\t\t<h2 class=\"elementor-heading-title elementor-size-default\">Curriculum Vitae (CV)<\/h2>\t\t<\/div>\n\t\t\t\t<\/div>\n\t\t\t\t<div class=\"elementor-element elementor-element-79722a25 elementor-widget elementor-widget-heading\" data-id=\"79722a25\" data-element_type=\"widget\" data-widget_type=\"heading.default\">\n\t\t\t\t<div class=\"elementor-widget-container\">\n\t\t\t<p class=\"elementor-heading-title elementor-size-medium\"><b><i>Prof. Dr. Peykan T\u00dcRK\u00c7\u00dcO\u011eLU<\/i><\/b> graduated from Hacettepe University Faculty of Medicine and is currently serving as a Specialist in Eye Health and Diseases at \u00d6zel G\u00f6znuru Eye Hospital.\n<\/p>\t\t<\/div>\n\t\t\t\t<\/div>\n\t\t\t\t<div class=\"elementor-element elementor-element-25d0755b elementor-widget elementor-widget-heading\" data-id=\"25d0755b\" data-element_type=\"widget\" data-widget_type=\"heading.default\">\n\t\t\t\t<div class=\"elementor-widget-container\">\n\t\t\t<h2 class=\"elementor-heading-title elementor-size-default\">Professional Experience<\/h2>\t\t<\/div>\n\t\t\t\t<\/div>\n\t\t\t\t<div class=\"elementor-element elementor-element-362bd53f elementor-widget elementor-widget-heading\" data-id=\"362bd53f\" data-element_type=\"widget\" data-widget_type=\"heading.default\">\n\t\t\t\t<div class=\"elementor-widget-container\">\n\t\t\t<p class=\"elementor-heading-title elementor-size-medium\">Research Assistant, Faculty of Medicine, Hacettepe University, 1999-2003<br>\nMedical Lieutenant, Sivas Military Hospital, 2004-2005<br>\nLecturer, Faculty of Medicine, F\u0131rat University, 2005-2006<br>\nAssistant Professor, Faculty of Medicine, F\u0131rat University, 2006-2007<br>\nAssistant Professor, Faculty of Medicine, \u0130n\u00f6n\u00fc University, 2007-2008<br>\nAssociate Professor, Faculty of Medicine, \u0130n\u00f6n\u00fc University, 2008-2010<br>\nJohns Hopkins Hospital, Wilmer Eye Institute, Vitreoretinal and Medical Retinal Department, 2009-2010<br>\nAssociate Professor, G\u00f6znuru Eye Hospital\/Gaziantep, 2010<br>\nProfessor, Biruni University\/Istanbul, 2015\n<\/p>\t\t<\/div>\n\t\t\t\t<\/div>\n\t\t\t\t<div class=\"elementor-element elementor-element-30faa188 elementor-widget elementor-widget-heading\" data-id=\"30faa188\" data-element_type=\"widget\" data-widget_type=\"heading.default\">\n\t\t\t\t<div class=\"elementor-widget-container\">\n\t\t\t<h2 class=\"elementor-heading-title elementor-size-default\">Medical Interests<\/h2>\t\t<\/div>\n\t\t\t\t<\/div>\n\t\t\t\t<div class=\"elementor-element elementor-element-1b6658b elementor-widget elementor-widget-heading\" data-id=\"1b6658b\" data-element_type=\"widget\" data-widget_type=\"heading.default\">\n\t\t\t\t<div class=\"elementor-widget-container\">\n\t\t\t<p class=\"elementor-heading-title elementor-size-default\">- Eye Trauma<br>\n- Vitreoretinal Surgery and Medical Retina<br>\n- Cataract<br>\n- Uveitis<br>\n- Strabismus<br>\n- Laser<br>\n<\/p>\t\t<\/div>\n\t\t\t\t<\/div>\n\t\t\t\t<\/div>\n\t\t\t\t\t<\/div>\n\t\t\t\t<\/div>\n\t\t<div class=\"elementor-element elementor-element-35e3413b e-flex e-con-boxed e-con e-parent\" data-id=\"35e3413b\" data-element_type=\"container\">\n\t\t\t\t\t<div class=\"e-con-inner\">\n\t\t\t\t\t<\/div>\n\t\t\t\t<\/div>\n\t\t<div class=\"elementor-element elementor-element-259fa844 e-grid e-con-boxed e-con e-parent\" data-id=\"259fa844\" data-element_type=\"container\">\n\t\t\t\t\t<div class=\"e-con-inner\">\n\t\t\t\t\t<\/div>\n\t\t\t\t<\/div>\n\t\t\t\t<\/div>\n\t\t","protected":false},"excerpt":{"rendered":"<p> [&hellip;]<\/p>\n","protected":false},"author":1,"featured_media":0,"parent":0,"menu_order":0,"comment_status":"closed","ping_status":"closed","template":"","meta":{"_acf_changed":false,"footnotes":""},"class_list":["post-3650","page","type-page","status-publish","hentry"],"acf":[],"_links":{"self":[{"href":"https:\/\/goznurugoz.com\/en\/wp-json\/wp\/v2\/pages\/3650","targetHints":{"allow":["GET"]}}],"collection":[{"href":"https:\/\/goznurugoz.com\/en\/wp-json\/wp\/v2\/pages"}],"about":[{"href":"https:\/\/goznurugoz.com\/en\/wp-json\/wp\/v2\/types\/page"}],"author":[{"embeddable":true,"href":"https:\/\/goznurugoz.com\/en\/wp-json\/wp\/v2\/users\/1"}],"replies":[{"embeddable":true,"href":"https:\/\/goznurugoz.com\/en\/wp-json\/wp\/v2\/comments?post=3650"}],"version-history":[{"count":49,"href":"https:\/\/goznurugoz.com\/en\/wp-json\/wp\/v2\/pages\/3650\/revisions"}],"predecessor-version":[{"id":4828,"href":"https:\/\/goznurugoz.com\/en\/wp-json\/wp\/v2\/pages\/3650\/revisions\/4828"}],"wp:attachment":[{"href":"https:\/\/goznurugoz.com\/en\/wp-json\/wp\/v2\/media?parent=3650"}],"curies":[{"name":"wp","href":"https:\/\/api.w.org\/{rel}","templated":true}]}}