{"id":3695,"date":"2023-10-08T17:22:09","date_gmt":"2023-10-08T14:22:09","guid":{"rendered":"https:\/\/goznurugoz.com\/en\/?page_id=3695"},"modified":"2024-10-03T12:42:18","modified_gmt":"2024-10-03T09:42:18","slug":"op-dr-erhan-tumer","status":"publish","type":"page","link":"https:\/\/goznurugoz.com\/en\/op-dr-erhan-tumer\/","title":{"rendered":"OP. DR. ERHAN T\u00dcMER"},"content":{"rendered":"\t\t<div data-elementor-type=\"wp-page\" data-elementor-id=\"3695\" class=\"elementor elementor-3695\">\n\t\t\t\t<div class=\"elementor-element elementor-element-695c34b2 e-flex e-con-boxed e-con e-parent\" data-id=\"695c34b2\" data-element_type=\"container\">\n\t\t\t\t\t<div class=\"e-con-inner\">\n\t\t\t\t<div class=\"elementor-element elementor-element-40a2549a elementor-widget elementor-widget-image\" data-id=\"40a2549a\" data-element_type=\"widget\" data-widget_type=\"image.default\">\n\t\t\t\t<div class=\"elementor-widget-container\">\n\t\t\t\t\t\t\t\t\t\t\t\t\t<img decoding=\"async\" width=\"1920\" height=\"4\" src=\"https:\/\/goznurugoz.com\/en\/wp-content\/uploads\/2023\/10\/serit2.jpg\" class=\"attachment-full size-full wp-image-3977\" alt=\"\" srcset=\"https:\/\/goznurugoz.com\/en\/wp-content\/uploads\/2023\/10\/serit2.jpg 1920w, https:\/\/goznurugoz.com\/en\/wp-content\/uploads\/2023\/10\/serit2-300x1.jpg 300w, https:\/\/goznurugoz.com\/en\/wp-content\/uploads\/2023\/10\/serit2-1024x2.jpg 1024w, https:\/\/goznurugoz.com\/en\/wp-content\/uploads\/2023\/10\/serit2-768x2.jpg 768w, https:\/\/goznurugoz.com\/en\/wp-content\/uploads\/2023\/10\/serit2-1536x3.jpg 1536w\" sizes=\"(max-width: 1920px) 100vw, 1920px\" \/>\t\t\t\t\t\t\t\t\t\t\t\t\t<\/div>\n\t\t\t\t<\/div>\n\t\t\t\t\t<\/div>\n\t\t\t\t<\/div>\n\t\t<div class=\"elementor-element elementor-element-12319e11 e-flex e-con-boxed e-con e-parent\" data-id=\"12319e11\" data-element_type=\"container\">\n\t\t\t\t\t<div class=\"e-con-inner\">\n\t\t<div class=\"elementor-element elementor-element-54fd742 e-con-full e-flex e-con e-child\" data-id=\"54fd742\" data-element_type=\"container\">\n\t\t\t\t<div class=\"elementor-element elementor-element-18948d47 elementor-widget elementor-widget-image\" data-id=\"18948d47\" data-element_type=\"widget\" data-widget_type=\"image.default\">\n\t\t\t\t<div class=\"elementor-widget-container\">\n\t\t\t\t\t\t\t\t\t\t\t\t\t<img decoding=\"async\" width=\"515\" height=\"61\" src=\"https:\/\/goznurugoz.com\/en\/wp-content\/uploads\/2023\/11\/erhan_tumer_cs.jpg\" class=\"attachment-large size-large wp-image-4228\" alt=\"\" srcset=\"https:\/\/goznurugoz.com\/en\/wp-content\/uploads\/2023\/11\/erhan_tumer_cs.jpg 515w, https:\/\/goznurugoz.com\/en\/wp-content\/uploads\/2023\/11\/erhan_tumer_cs-300x36.jpg 300w\" sizes=\"(max-width: 515px) 100vw, 515px\" \/>\t\t\t\t\t\t\t\t\t\t\t\t\t<\/div>\n\t\t\t\t<\/div>\n\t\t\t\t<div class=\"elementor-element elementor-element-492f74c2 elementor-widget elementor-widget-image\" data-id=\"492f74c2\" data-element_type=\"widget\" data-widget_type=\"image.default\">\n\t\t\t\t<div class=\"elementor-widget-container\">\n\t\t\t\t\t\t\t\t\t\t\t\t\t<img fetchpriority=\"high\" decoding=\"async\" width=\"530\" height=\"530\" src=\"https:\/\/goznurugoz.com\/en\/wp-content\/uploads\/2023\/11\/erhantumer.jpg\" class=\"attachment-large size-large wp-image-4230\" alt=\"\" srcset=\"https:\/\/goznurugoz.com\/en\/wp-content\/uploads\/2023\/11\/erhantumer.jpg 530w, https:\/\/goznurugoz.com\/en\/wp-content\/uploads\/2023\/11\/erhantumer-300x300.jpg 300w, https:\/\/goznurugoz.com\/en\/wp-content\/uploads\/2023\/11\/erhantumer-150x150.jpg 150w, https:\/\/goznurugoz.com\/en\/wp-content\/uploads\/2023\/11\/erhantumer-270x270.jpg 270w\" sizes=\"(max-width: 530px) 100vw, 530px\" \/>\t\t\t\t\t\t\t\t\t\t\t\t\t<\/div>\n\t\t\t\t<\/div>\n\t\t\t\t<div class=\"elementor-element elementor-element-1c1a6cb0 elementor-widget elementor-widget-heading\" data-id=\"1c1a6cb0\" data-element_type=\"widget\" data-widget_type=\"heading.default\">\n\t\t\t\t<div class=\"elementor-widget-container\">\n\t\t\t<h2 class=\"elementor-heading-title elementor-size-default\">Specialization: Eye Health and Diseases\n<\/h2>\t\t<\/div>\n\t\t\t\t<\/div>\n\t\t\t\t<div class=\"elementor-element elementor-element-480a156b elementor-widget elementor-widget-heading\" data-id=\"480a156b\" data-element_type=\"widget\" data-widget_type=\"heading.default\">\n\t\t\t\t<div class=\"elementor-widget-container\">\n\t\t\t<h2 class=\"elementor-heading-title elementor-size-default\">Foreign Language: English\n<\/h2>\t\t<\/div>\n\t\t\t\t<\/div>\n\t\t\t\t<div class=\"elementor-element elementor-element-46b8912 elementor-widget elementor-widget-heading\" data-id=\"46b8912\" data-element_type=\"widget\" data-widget_type=\"heading.default\">\n\t\t\t\t<div class=\"elementor-widget-container\">\n\t\t\t<h2 class=\"elementor-heading-title elementor-size-default\">Education<\/h2>\t\t<\/div>\n\t\t\t\t<\/div>\n\t\t\t\t<div class=\"elementor-element elementor-element-6d8b6c9d elementor-widget elementor-widget-heading\" data-id=\"6d8b6c9d\" data-element_type=\"widget\" data-widget_type=\"heading.default\">\n\t\t\t\t<div class=\"elementor-widget-container\">\n\t\t\t<h2 class=\"elementor-heading-title elementor-size-default\">M\u00fcnif Pa\u015fa Primary School<br>\nGaziantep Anatolian High School<br>\nF\u0131rat University Faculty of Medicine<br>\n<\/h2>\t\t<\/div>\n\t\t\t\t<\/div>\n\t\t\t\t<div class=\"elementor-element elementor-element-7f55b48 elementor-widget elementor-widget-heading\" data-id=\"7f55b48\" data-element_type=\"widget\" data-widget_type=\"heading.default\">\n\t\t\t\t<div class=\"elementor-widget-container\">\n\t\t\t<h2 class=\"elementor-heading-title elementor-size-default\">Afyon Kocatepe University, Eye Diseases\n<\/h2>\t\t<\/div>\n\t\t\t\t<\/div>\n\t\t\t\t<div class=\"elementor-element elementor-element-c051af3 elementor-widget elementor-widget-heading\" data-id=\"c051af3\" data-element_type=\"widget\" data-widget_type=\"heading.default\">\n\t\t\t\t<div class=\"elementor-widget-container\">\n\t\t\t<h2 class=\"elementor-heading-title elementor-size-default\">Memberships<\/h2>\t\t<\/div>\n\t\t\t\t<\/div>\n\t\t\t\t<div class=\"elementor-element elementor-element-68a4da6 elementor-widget elementor-widget-heading\" data-id=\"68a4da6\" data-element_type=\"widget\" data-widget_type=\"heading.default\">\n\t\t\t\t<div class=\"elementor-widget-container\">\n\t\t\t<h2 class=\"elementor-heading-title elementor-size-default\">Afyon Kocatepe University, Eye Diseases<br>\nGaziantep-Kilis Medical Chamber<br>\nTurkish Ophthalmology Society (TOD)<br>\nEuropean Society of Cataract and Refractive Surgeons (ESCRS)<br>\n<\/h2>\t\t<\/div>\n\t\t\t\t<\/div>\n\t\t\t\t<div class=\"elementor-element elementor-element-6af4110 elementor-widget elementor-widget-heading\" data-id=\"6af4110\" data-element_type=\"widget\" data-widget_type=\"heading.default\">\n\t\t\t\t<div class=\"elementor-widget-container\">\n\t\t\t<h2 class=\"elementor-heading-title elementor-size-default\">Foreign Language<\/h2>\t\t<\/div>\n\t\t\t\t<\/div>\n\t\t\t\t<div class=\"elementor-element elementor-element-ee6ece2 elementor-widget elementor-widget-heading\" data-id=\"ee6ece2\" data-element_type=\"widget\" data-widget_type=\"heading.default\">\n\t\t\t\t<div class=\"elementor-widget-container\">\n\t\t\t<h2 class=\"elementor-heading-title elementor-size-default\">\u0130ngilizce<\/h2>\t\t<\/div>\n\t\t\t\t<\/div>\n\t\t\t\t<\/div>\n\t\t<div class=\"elementor-element elementor-element-2d7a52c8 e-con-full e-flex e-con e-child\" data-id=\"2d7a52c8\" data-element_type=\"container\">\n\t\t\t\t<div class=\"elementor-element elementor-element-2387c90 elementor-widget elementor-widget-heading\" data-id=\"2387c90\" data-element_type=\"widget\" data-widget_type=\"heading.default\">\n\t\t\t\t<div class=\"elementor-widget-container\">\n\t\t\t<h2 class=\"elementor-heading-title elementor-size-default\">Curriculum Vitae (CV)<\/h2>\t\t<\/div>\n\t\t\t\t<\/div>\n\t\t\t\t<div class=\"elementor-element elementor-element-6df2127c elementor-widget elementor-widget-heading\" data-id=\"6df2127c\" data-element_type=\"widget\" data-widget_type=\"heading.default\">\n\t\t\t\t<div class=\"elementor-widget-container\">\n\t\t\t<p class=\"elementor-heading-title elementor-size-medium\"><b><i>Op. Dr. Erhan T\u00dcMER<\/i><\/b>, who graduated from Hacettepe University Faculty of Medicine, is currently serving as a Specialist in Eye Health and Diseases at \u00d6zel G\u00f6znuru Eye Hospital.<br>\n<br>\n<\/p>\t\t<\/div>\n\t\t\t\t<\/div>\n\t\t\t\t<div class=\"elementor-element elementor-element-7af93bc2 elementor-widget elementor-widget-heading\" data-id=\"7af93bc2\" data-element_type=\"widget\" data-widget_type=\"heading.default\">\n\t\t\t\t<div class=\"elementor-widget-container\">\n\t\t\t<h2 class=\"elementor-heading-title elementor-size-default\">Professional Experience<\/h2>\t\t<\/div>\n\t\t\t\t<\/div>\n\t\t\t\t<div class=\"elementor-element elementor-element-328b1221 elementor-widget elementor-widget-heading\" data-id=\"328b1221\" data-element_type=\"widget\" data-widget_type=\"heading.default\">\n\t\t\t\t<div class=\"elementor-widget-container\">\n\t\t\t<p class=\"elementor-heading-title elementor-size-medium\">\u00d6zel G\u00f6znuru Eye Hospital<br>\nA\u011fr\u0131 Ta\u015fl\u0131\u00e7ay State Hospital (General Practitioner)<br>\nCeylanp\u0131nar State Hospital Chief Physician (Mandatory Service)<br>\n\u00d6zel TAM-MED Hospital<br>\nSEV American Hospital<br>\n\u00d6zel Medicana Kad\u0131k\u00f6y Hospital (2023-Present)<br>\n\u00d6zel Ad\u0131yaman Park Hospital<br>\n<\/p>\t\t<\/div>\n\t\t\t\t<\/div>\n\t\t\t\t<div class=\"elementor-element elementor-element-2c5babe5 elementor-widget elementor-widget-heading\" data-id=\"2c5babe5\" data-element_type=\"widget\" data-widget_type=\"heading.default\">\n\t\t\t\t<div class=\"elementor-widget-container\">\n\t\t\t<h2 class=\"elementor-heading-title elementor-size-default\">Medical Interests<\/h2>\t\t<\/div>\n\t\t\t\t<\/div>\n\t\t\t\t<div class=\"elementor-element elementor-element-58096ca5 elementor-widget elementor-widget-heading\" data-id=\"58096ca5\" data-element_type=\"widget\" data-widget_type=\"heading.default\">\n\t\t\t\t<div class=\"elementor-widget-container\">\n\t\t\t<p class=\"elementor-heading-title elementor-size-default\">- Cataract and its surgery<br>\n- Oculoplastic surgery (eyelid diseases and aesthetic surgery of the eye area)<br>\n- Strabismus and its surgery<br>\n- Amblyopia<br>\n- Medical retina (diabetic eye diseases, etc.)<br>\n- Refractive surgery<br>\n<\/p>\t\t<\/div>\n\t\t\t\t<\/div>\n\t\t\t\t<\/div>\n\t\t\t\t\t<\/div>\n\t\t\t\t<\/div>\n\t\t<div class=\"elementor-element elementor-element-19102194 e-flex e-con-boxed e-con e-parent\" data-id=\"19102194\" data-element_type=\"container\">\n\t\t\t\t\t<div class=\"e-con-inner\">\n\t\t\t\t\t<\/div>\n\t\t\t\t<\/div>\n\t\t<div class=\"elementor-element elementor-element-2d0374e9 e-grid e-con-boxed e-con e-parent\" data-id=\"2d0374e9\" data-element_type=\"container\">\n\t\t\t\t\t<div class=\"e-con-inner\">\n\t\t\t\t\t<\/div>\n\t\t\t\t<\/div>\n\t\t\t\t<\/div>\n\t\t","protected":false},"excerpt":{"rendered":"<p> [&hellip;]<\/p>\n","protected":false},"author":1,"featured_media":0,"parent":0,"menu_order":0,"comment_status":"closed","ping_status":"closed","template":"","meta":{"_acf_changed":false,"footnotes":""},"class_list":["post-3695","page","type-page","status-publish","hentry"],"acf":[],"_links":{"self":[{"href":"https:\/\/goznurugoz.com\/en\/wp-json\/wp\/v2\/pages\/3695","targetHints":{"allow":["GET"]}}],"collection":[{"href":"https:\/\/goznurugoz.com\/en\/wp-json\/wp\/v2\/pages"}],"about":[{"href":"https:\/\/goznurugoz.com\/en\/wp-json\/wp\/v2\/types\/page"}],"author":[{"embeddable":true,"href":"https:\/\/goznurugoz.com\/en\/wp-json\/wp\/v2\/users\/1"}],"replies":[{"embeddable":true,"href":"https:\/\/goznurugoz.com\/en\/wp-json\/wp\/v2\/comments?post=3695"}],"version-history":[{"count":49,"href":"https:\/\/goznurugoz.com\/en\/wp-json\/wp\/v2\/pages\/3695\/revisions"}],"predecessor-version":[{"id":4847,"href":"https:\/\/goznurugoz.com\/en\/wp-json\/wp\/v2\/pages\/3695\/revisions\/4847"}],"wp:attachment":[{"href":"https:\/\/goznurugoz.com\/en\/wp-json\/wp\/v2\/media?parent=3695"}],"curies":[{"name":"wp","href":"https:\/\/api.w.org\/{rel}","templated":true}]}}