{"id":397,"date":"2019-06-16T18:11:13","date_gmt":"2019-06-16T18:11:13","guid":{"rendered":"http:\/\/bdevs.net\/theme\/medidove\/?page_id=397"},"modified":"2024-10-16T14:42:48","modified_gmt":"2024-10-16T11:42:48","slug":"our-doctors","status":"publish","type":"page","link":"https:\/\/goznurugoz.com\/en\/our-doctors\/","title":{"rendered":"Our Doctors"},"content":{"rendered":"\t\t<div data-elementor-type=\"wp-post\" data-elementor-id=\"397\" class=\"elementor elementor-397\">\n\t\t\t\t\t\t<section class=\"elementor-section elementor-top-section elementor-element elementor-element-8e325e2 elementor-section-boxed elementor-section-height-default elementor-section-height-default\" data-id=\"8e325e2\" data-element_type=\"section\">\n\t\t\t\t\t\t<div class=\"elementor-container elementor-column-gap-default\">\n\t\t\t\t\t<div class=\"elementor-column elementor-col-100 elementor-top-column elementor-element elementor-element-729ff36\" data-id=\"729ff36\" data-element_type=\"column\">\n\t\t\t<div class=\"elementor-widget-wrap elementor-element-populated\">\n\t\t\t\t\t\t<div class=\"elementor-element elementor-element-f8a0715 elementor-align-center elementor-widget elementor-widget-bdevs-heading\" data-id=\"f8a0715\" data-element_type=\"widget\" data-widget_type=\"bdevs-heading.default\">\n\t\t\t\t<div class=\"elementor-widget-container\">\n\t\t\t\t\t\t<div class=\"section-title pos-rel tp-el-content\">\n\n\t\t\t\t\n\t\t\t\t\t\t\t\t\t\t\t<div class=\"section-icon\">\n\t\t\t\t\t\t\t<img class=\"section-back-icon back-icon-left\" \n\t\t\t\t\t\t\tsrc=\"https:\/\/goznurugoz.com\/en\/wp-content\/themes\/medidove\/img\/section\/section-back-icon.png\" alt=\"img\">\n\t\t\t\t\t\t<\/div>\n\t\t\t\t\t\n\t\t\t\t\n\t\t\t\t<div class=\"section-text pos-rel\">\n\t\t\t\t\t\t\t\t\t\t\t<h5 class=\"tp-el-subtitle\">Our Doctors<\/h5>\n\t\t\t\t\t\n\t\t\t\t\t<h2 class=\"sec-title tp-el-title\">A Team of Experts in Their Field\n<\/h2>\n\t\t\t\t\t\t\t\t\t<\/div>\n\n\t\t\t\t\t\t\t\t\t\t\t\t\t\t\t\n\t\t\t\t\t\t\t\t\t\t\t\t<\/div>\n\n\t\t\t\t<\/div>\n\t\t\t\t<\/div>\n\t\t\t\t\t<\/div>\n\t\t<\/div>\n\t\t\t\t\t<\/div>\n\t\t<\/section>\n\t\t<div class=\"elementor-element elementor-element-4b78f97d e-grid e-con-boxed e-con e-parent\" data-id=\"4b78f97d\" data-element_type=\"container\">\n\t\t\t\t\t<div class=\"e-con-inner\">\n\t\t\t\t<div class=\"elementor-element elementor-element-678714ac elementor-widget elementor-widget-image\" data-id=\"678714ac\" data-element_type=\"widget\" data-widget_type=\"image.default\">\n\t\t\t\t<div class=\"elementor-widget-container\">\n\t\t\t\t\t\t\t\t\t\t\t\t\t<img fetchpriority=\"high\" decoding=\"async\" width=\"640\" height=\"547\" src=\"https:\/\/goznurugoz.com\/en\/wp-content\/uploads\/2022\/03\/peykanturkcuoglu.jpeg\" class=\"attachment-large size-large wp-image-3364\" alt=\"\" srcset=\"https:\/\/goznurugoz.com\/en\/wp-content\/uploads\/2022\/03\/peykanturkcuoglu.jpeg 700w, https:\/\/goznurugoz.com\/en\/wp-content\/uploads\/2022\/03\/peykanturkcuoglu-300x256.jpeg 300w, https:\/\/goznurugoz.com\/en\/wp-content\/uploads\/2022\/03\/peykanturkcuoglu-500x427.jpeg 500w, https:\/\/goznurugoz.com\/en\/wp-content\/uploads\/2022\/03\/peykanturkcuoglu-600x513.jpeg 600w\" sizes=\"(max-width: 640px) 100vw, 640px\" \/>\t\t\t\t\t\t\t\t\t\t\t\t\t<\/div>\n\t\t\t\t<\/div>\n\t\t\t\t<div class=\"elementor-element elementor-element-690f0c9e elementor-widget elementor-widget-image\" data-id=\"690f0c9e\" data-element_type=\"widget\" data-widget_type=\"image.default\">\n\t\t\t\t<div class=\"elementor-widget-container\">\n\t\t\t\t\t\t\t\t\t\t\t\t\t<img decoding=\"async\" width=\"640\" height=\"547\" src=\"https:\/\/goznurugoz.com\/en\/wp-content\/uploads\/2022\/03\/cem_ozturkmen.jpeg\" class=\"attachment-large size-large wp-image-3363\" alt=\"\" srcset=\"https:\/\/goznurugoz.com\/en\/wp-content\/uploads\/2022\/03\/cem_ozturkmen.jpeg 700w, https:\/\/goznurugoz.com\/en\/wp-content\/uploads\/2022\/03\/cem_ozturkmen-300x256.jpeg 300w, https:\/\/goznurugoz.com\/en\/wp-content\/uploads\/2022\/03\/cem_ozturkmen-500x427.jpeg 500w, https:\/\/goznurugoz.com\/en\/wp-content\/uploads\/2022\/03\/cem_ozturkmen-600x513.jpeg 600w\" sizes=\"(max-width: 640px) 100vw, 640px\" \/>\t\t\t\t\t\t\t\t\t\t\t\t\t<\/div>\n\t\t\t\t<\/div>\n\t\t\t\t<div class=\"elementor-element elementor-element-7bd0dcfd elementor-widget elementor-widget-image\" data-id=\"7bd0dcfd\" data-element_type=\"widget\" data-widget_type=\"image.default\">\n\t\t\t\t<div class=\"elementor-widget-container\">\n\t\t\t\t\t\t\t\t\t\t\t\t\t<img decoding=\"async\" width=\"640\" height=\"547\" src=\"https:\/\/goznurugoz.com\/en\/wp-content\/uploads\/2022\/03\/nurettin_sahingozu.jpeg\" class=\"attachment-large size-large wp-image-3368\" alt=\"\" srcset=\"https:\/\/goznurugoz.com\/en\/wp-content\/uploads\/2022\/03\/nurettin_sahingozu.jpeg 700w, https:\/\/goznurugoz.com\/en\/wp-content\/uploads\/2022\/03\/nurettin_sahingozu-300x256.jpeg 300w, https:\/\/goznurugoz.com\/en\/wp-content\/uploads\/2022\/03\/nurettin_sahingozu-500x427.jpeg 500w, https:\/\/goznurugoz.com\/en\/wp-content\/uploads\/2022\/03\/nurettin_sahingozu-600x513.jpeg 600w\" sizes=\"(max-width: 640px) 100vw, 640px\" \/>\t\t\t\t\t\t\t\t\t\t\t\t\t<\/div>\n\t\t\t\t<\/div>\n\t\t\t\t<div class=\"elementor-element elementor-element-cc3fc08 elementor-widget elementor-widget-html\" data-id=\"cc3fc08\" data-element_type=\"widget\" data-widget_type=\"html.default\">\n\t\t\t\t<div class=\"elementor-widget-container\">\n\t\t\t<!DOCTYPE html>\n<html lang=\"en\">\n<head>\n    <meta charset=\"UTF-8\">\n    <meta http-equiv=\"X-UA-Compatible\" content=\"IE=edge\">\n    <meta name=\"viewport\" content=\"width=device-width, initial-scale=1.0\">\n    <style>\n        .oval-button {\n            display: inline-block;\n            padding: 10px 20px;\n            background: linear-gradient(to right, #D13676, #E0686C);\n            border-radius: 60px;\n            color: #fff;\n            text-decoration: none;\n            font-size: 16px;\n            font-weight: bold;\n            text-align: center;\n            transition: background 0.3s ease;\n        }\n\n        .oval-button:hover {\n            background: linear-gradient(to right, #E0686C, #D13676);\n        }\n    <\/style>\n    <title>Oval Buton<\/title>\n<\/head>\n<body>\n <center><a href=\"https:\/\/goznurugoz.com\/en\/prof-dr-peykan-turkcuoglu\/\" class=\"oval-button\">Prof. Dr.Peykan T\u00dcRK\u00c7\u00dcO\u011eLU<\/a>\n<\/body>\n<\/html>\n\t\t<\/div>\n\t\t\t\t<\/div>\n\t\t\t\t<div class=\"elementor-element elementor-element-e70f87c elementor-widget elementor-widget-html\" data-id=\"e70f87c\" data-element_type=\"widget\" data-widget_type=\"html.default\">\n\t\t\t\t<div class=\"elementor-widget-container\">\n\t\t\t<!DOCTYPE html>\n<html lang=\"en\">\n<head>\n    <meta charset=\"UTF-8\">\n    <meta http-equiv=\"X-UA-Compatible\" content=\"IE=edge\">\n    <meta name=\"viewport\" content=\"width=device-width, initial-scale=1.0\">\n    <style>\n        .oval-button {\n            display: inline-block;\n            padding: 10px 20px;\n            background: linear-gradient(to right, #D13676, #E0686C);\n            border-radius: 60px;\n            color: #fff;\n            text-decoration: none;\n            font-size: 16px;\n            font-weight: bold;\n            text-align: center;\n            transition: background 0.3s ease;\n        }\n\n        .oval-button:hover {\n            background: linear-gradient(to right, #E0686C, #D13676);\n        }\n    <\/style>\n    <title>Oval Buton<\/title>\n<\/head>\n<body>\n <center><a href=\"https:\/\/goznurugoz.com\/en\/doc-dr-cem-ozturkmen\/\" class=\"oval-button\">Do\u00e7. Dr. Cem \u00d6ZT\u00dcRKMEN<\/a>\n<\/body>\n<\/html>\n\t\t<\/div>\n\t\t\t\t<\/div>\n\t\t\t\t<div class=\"elementor-element elementor-element-e30ec07 elementor-widget elementor-widget-html\" data-id=\"e30ec07\" data-element_type=\"widget\" data-widget_type=\"html.default\">\n\t\t\t\t<div class=\"elementor-widget-container\">\n\t\t\t<!DOCTYPE html>\n<html lang=\"en\">\n<head>\n    <meta charset=\"UTF-8\">\n    <meta http-equiv=\"X-UA-Compatible\" content=\"IE=edge\">\n    <meta name=\"viewport\" content=\"width=device-width, initial-scale=1.0\">\n    <style>\n        .oval-button {\n            display: inline-block;\n            padding: 10px 20px;\n            background: linear-gradient(to right, #D13676, #E0686C);\n            border-radius: 60px;\n            color: #fff;\n            text-decoration: none;\n            font-size: 16px;\n            font-weight: bold;\n            text-align: center;\n            transition: background 0.3s ease;\n        }\n\n        .oval-button:hover {\n            background: linear-gradient(to right, #E0686C, #D13676);\n        }\n    <\/style>\n    <title>Oval Buton<\/title>\n<\/head>\n<body>\n <center><a href=\"https:\/\/goznurugoz.com\/en\/op-dr-nurettin-sahingozu\/\" class=\"oval-button\">Op. Dr. Nurettin \u015eAH\u0130NG\u00d6Z\u00dc<\/a>\n<\/body>\n<\/html>\n\t\t<\/div>\n\t\t\t\t<\/div>\n\t\t\t\t\t<\/div>\n\t\t\t\t<\/div>\n\t\t<div class=\"elementor-element elementor-element-3d3e90af e-grid e-con-boxed e-con e-parent\" data-id=\"3d3e90af\" data-element_type=\"container\">\n\t\t\t\t\t<div class=\"e-con-inner\">\n\t\t\t\t<div class=\"elementor-element elementor-element-25beb6fb elementor-widget elementor-widget-image\" data-id=\"25beb6fb\" data-element_type=\"widget\" data-widget_type=\"image.default\">\n\t\t\t\t<div class=\"elementor-widget-container\">\n\t\t\t\t\t\t\t\t\t\t\t\t\t<img loading=\"lazy\" decoding=\"async\" width=\"640\" height=\"547\" src=\"https:\/\/goznurugoz.com\/en\/wp-content\/uploads\/2022\/03\/erhan_tumer.jpeg\" class=\"attachment-large size-large wp-image-3359\" alt=\"\" srcset=\"https:\/\/goznurugoz.com\/en\/wp-content\/uploads\/2022\/03\/erhan_tumer.jpeg 700w, https:\/\/goznurugoz.com\/en\/wp-content\/uploads\/2022\/03\/erhan_tumer-300x256.jpeg 300w, https:\/\/goznurugoz.com\/en\/wp-content\/uploads\/2022\/03\/erhan_tumer-500x427.jpeg 500w, https:\/\/goznurugoz.com\/en\/wp-content\/uploads\/2022\/03\/erhan_tumer-600x513.jpeg 600w\" sizes=\"(max-width: 640px) 100vw, 640px\" \/>\t\t\t\t\t\t\t\t\t\t\t\t\t<\/div>\n\t\t\t\t<\/div>\n\t\t\t\t<div class=\"elementor-element elementor-element-f66907a elementor-widget elementor-widget-image\" data-id=\"f66907a\" data-element_type=\"widget\" data-widget_type=\"image.default\">\n\t\t\t\t<div class=\"elementor-widget-container\">\n\t\t\t\t\t\t\t\t\t\t\t\t\t<img loading=\"lazy\" decoding=\"async\" width=\"640\" height=\"547\" src=\"https:\/\/goznurugoz.com\/en\/wp-content\/uploads\/2022\/03\/ibrahim_buyukkomurcu.jpeg\" class=\"attachment-large size-large wp-image-3360\" alt=\"\" srcset=\"https:\/\/goznurugoz.com\/en\/wp-content\/uploads\/2022\/03\/ibrahim_buyukkomurcu.jpeg 700w, https:\/\/goznurugoz.com\/en\/wp-content\/uploads\/2022\/03\/ibrahim_buyukkomurcu-300x256.jpeg 300w, https:\/\/goznurugoz.com\/en\/wp-content\/uploads\/2022\/03\/ibrahim_buyukkomurcu-500x427.jpeg 500w, https:\/\/goznurugoz.com\/en\/wp-content\/uploads\/2022\/03\/ibrahim_buyukkomurcu-600x513.jpeg 600w\" sizes=\"(max-width: 640px) 100vw, 640px\" \/>\t\t\t\t\t\t\t\t\t\t\t\t\t<\/div>\n\t\t\t\t<\/div>\n\t\t\t\t<div class=\"elementor-element elementor-element-4a8544a8 elementor-widget elementor-widget-image\" data-id=\"4a8544a8\" data-element_type=\"widget\" data-widget_type=\"image.default\">\n\t\t\t\t<div class=\"elementor-widget-container\">\n\t\t\t\t\t\t\t\t\t\t\t\t\t<img loading=\"lazy\" decoding=\"async\" width=\"640\" height=\"547\" src=\"https:\/\/goznurugoz.com\/en\/wp-content\/uploads\/2022\/03\/adnan_yanik.jpeg\" class=\"attachment-large size-large wp-image-3355\" alt=\"\" srcset=\"https:\/\/goznurugoz.com\/en\/wp-content\/uploads\/2022\/03\/adnan_yanik.jpeg 700w, https:\/\/goznurugoz.com\/en\/wp-content\/uploads\/2022\/03\/adnan_yanik-300x256.jpeg 300w, https:\/\/goznurugoz.com\/en\/wp-content\/uploads\/2022\/03\/adnan_yanik-500x427.jpeg 500w, https:\/\/goznurugoz.com\/en\/wp-content\/uploads\/2022\/03\/adnan_yanik-600x513.jpeg 600w\" sizes=\"(max-width: 640px) 100vw, 640px\" \/>\t\t\t\t\t\t\t\t\t\t\t\t\t<\/div>\n\t\t\t\t<\/div>\n\t\t\t\t<div class=\"elementor-element elementor-element-70920320 elementor-widget elementor-widget-image\" data-id=\"70920320\" data-element_type=\"widget\" data-widget_type=\"image.default\">\n\t\t\t\t<div class=\"elementor-widget-container\">\n\t\t\t\t\t\t\t\t\t\t\t\t\t<img loading=\"lazy\" decoding=\"async\" width=\"640\" height=\"547\" src=\"https:\/\/goznurugoz.com\/en\/wp-content\/uploads\/2022\/03\/orhan_dogru.jpeg\" class=\"attachment-large size-large wp-image-3366\" alt=\"\" srcset=\"https:\/\/goznurugoz.com\/en\/wp-content\/uploads\/2022\/03\/orhan_dogru.jpeg 700w, https:\/\/goznurugoz.com\/en\/wp-content\/uploads\/2022\/03\/orhan_dogru-300x256.jpeg 300w, https:\/\/goznurugoz.com\/en\/wp-content\/uploads\/2022\/03\/orhan_dogru-500x427.jpeg 500w, https:\/\/goznurugoz.com\/en\/wp-content\/uploads\/2022\/03\/orhan_dogru-600x513.jpeg 600w\" sizes=\"(max-width: 640px) 100vw, 640px\" \/>\t\t\t\t\t\t\t\t\t\t\t\t\t<\/div>\n\t\t\t\t<\/div>\n\t\t\t\t<div class=\"elementor-element elementor-element-7668204 elementor-widget elementor-widget-html\" data-id=\"7668204\" data-element_type=\"widget\" data-widget_type=\"html.default\">\n\t\t\t\t<div class=\"elementor-widget-container\">\n\t\t\t<!DOCTYPE html>\n<html lang=\"en\">\n<head>\n    <meta charset=\"UTF-8\">\n    <meta http-equiv=\"X-UA-Compatible\" content=\"IE=edge\">\n    <meta name=\"viewport\" content=\"width=device-width, initial-scale=1.0\">\n    <style>\n        .oval-button {\n            display: inline-block;\n            padding: 10px 20px;\n            background: linear-gradient(to right, #D13676, #E0686C);\n            border-radius: 60px;\n            color: #fff;\n            text-decoration: none;\n            font-size: 16px;\n            font-weight: bold;\n            text-align: center;\n            transition: background 0.3s ease;\n        }\n\n        .oval-button:hover {\n            background: linear-gradient(to right, #E0686C, #D13676);\n        }\n    <\/style>\n    <title>Oval Buton<\/title>\n<\/head>\n<body>\n <center><a href=\"https:\/\/goznurugoz.com\/en\/op-dr-erhan-tumer\/\" class=\"oval-button\">Op.Dr. Erhan T\u00dcMER<\/a>\n<\/body>\n<\/html>\n\t\t<\/div>\n\t\t\t\t<\/div>\n\t\t\t\t<div class=\"elementor-element elementor-element-5027d8e elementor-widget elementor-widget-html\" data-id=\"5027d8e\" data-element_type=\"widget\" data-widget_type=\"html.default\">\n\t\t\t\t<div class=\"elementor-widget-container\">\n\t\t\t<!DOCTYPE html>\n<html lang=\"en\">\n<head>\n    <meta charset=\"UTF-8\">\n    <meta http-equiv=\"X-UA-Compatible\" content=\"IE=edge\">\n    <meta name=\"viewport\" content=\"width=device-width, initial-scale=1.0\">\n    <style>\n        .oval-button {\n            display: inline-block;\n            padding: 10px 20px;\n            background: linear-gradient(to right, #D13676, #E0686C);\n            border-radius: 60px;\n            color: #fff;\n            text-decoration: none;\n            font-size: 16px;\n            font-weight: bold;\n            text-align: center;\n            transition: background 0.3s ease;\n        }\n\n        .oval-button:hover {\n            background: linear-gradient(to right, #E0686C, #D13676);\n        }\n    <\/style>\n<\/head>\n<body>\n <center><a href=\"https:\/\/goznurugoz.com\/en\/dr-ibrahim-buyukkomurcu\/\" class=\"oval-button\">Uz. Dr. \u0130brahim B\u00dcY\u00dcKK\u00d6M\u00dcRC\u00dc<\/a>\n<\/body>\n<\/html>\n\t\t<\/div>\n\t\t\t\t<\/div>\n\t\t\t\t<div class=\"elementor-element elementor-element-ecfa126 elementor-widget elementor-widget-html\" data-id=\"ecfa126\" data-element_type=\"widget\" data-widget_type=\"html.default\">\n\t\t\t\t<div class=\"elementor-widget-container\">\n\t\t\t<!DOCTYPE html>\n<html lang=\"en\">\n<head>\n    <meta charset=\"UTF-8\">\n    <meta http-equiv=\"X-UA-Compatible\" content=\"IE=edge\">\n    <meta name=\"viewport\" content=\"width=device-width, initial-scale=1.0\">\n    <style>\n        .oval-button {\n            display: inline-block;\n            padding: 10px 20px;\n            background: linear-gradient(to right, #D13676, #E0686C);\n            border-radius: 60px;\n            color: #fff;\n            text-decoration: none;\n            font-size: 16px;\n            font-weight: bold;\n            text-align: center;\n            transition: background 0.3s ease;\n        }\n\n        .oval-button:hover {\n            background: linear-gradient(to right, #E0686C, #D13676);\n        }\n    <\/style>\n    <title>Oval Buton<\/title>\n<\/head>\n<body>\n <center><a href=\"https:\/\/goznurugoz.com\/en\/dr-adnan-yanik\/\" class=\"oval-button\">Dr. Adnan YANIK<\/a>\n<\/body>\n<\/html>\n\t\t<\/div>\n\t\t\t\t<\/div>\n\t\t\t\t<div class=\"elementor-element elementor-element-879010e elementor-widget elementor-widget-html\" data-id=\"879010e\" data-element_type=\"widget\" data-widget_type=\"html.default\">\n\t\t\t\t<div class=\"elementor-widget-container\">\n\t\t\t<!DOCTYPE html>\n<html lang=\"en\">\n<head>\n    <meta charset=\"UTF-8\">\n    <meta http-equiv=\"X-UA-Compatible\" content=\"IE=edge\">\n    <meta name=\"viewport\" content=\"width=device-width, initial-scale=1.0\">\n    <style>\n        .oval-button {\n            display: inline-block;\n            padding: 10px 20px;\n            background: linear-gradient(to right, #D13676, #E0686C);\n            border-radius: 60px;\n            color: #fff;\n            text-decoration: none;\n            font-size: 16px;\n            font-weight: bold;\n            text-align: center;\n            transition: background 0.3s ease;\n        }\n\n        .oval-button:hover {\n            background: linear-gradient(to right, #E0686C, #D13676);\n        }\n    <\/style>\n    <title>Oval Buton<\/title>\n<\/head>\n<body>\n <center><a href=\"#\" class=\"oval-button\">Dr. Orhan DO\u011eRU<\/a>\n<\/body>\n<\/html>\n\t\t<\/div>\n\t\t\t\t<\/div>\n\t\t\t\t\t<\/div>\n\t\t\t\t<\/div>\n\t\t\t\t<section class=\"elementor-section elementor-top-section elementor-element elementor-element-f8e1ccd elementor-section-full_width elementor-section-height-default elementor-section-height-default\" data-id=\"f8e1ccd\" data-element_type=\"section\">\n\t\t\t\t\t\t<div class=\"elementor-container elementor-column-gap-no\">\n\t\t\t\t\t<div class=\"elementor-column elementor-col-100 elementor-top-column elementor-element elementor-element-a36e4c0\" data-id=\"a36e4c0\" data-element_type=\"column\">\n\t\t\t<div class=\"elementor-widget-wrap elementor-element-populated\">\n\t\t\t\t\t\t<div class=\"elementor-element elementor-element-54f4257 elementor-align-left elementor-widget elementor-widget-bdevs-challenge\" data-id=\"54f4257\" data-element_type=\"widget\" data-widget_type=\"bdevs-challenge.default\">\n\t\t\t\t<div class=\"elementor-widget-container\">\n\t\t\t\n\t\t<section class=\"fact-area section-fact-map pos-rel bdevs-el-content\" data-background=\"\">\n\t\t\t<div class=\"container\">\n\t\t\t\t<div class=\"row\">\n\t\t\t\t\t<div class=\"col-xl-6 col-lg-6 col-md-10\">\n\t\t\t\t\t\t<div class=\"section-title pos-rel mb-45\">\n\t\t\t\t\t\t\t<div class=\"section-text section-text-white pos-rel\">\n\t\t\t\t\t\t\t\t\t\t\t\t\t\t\t\t\t<h5 class=\"bdevs-el-subtitle\">Our Support Center<\/h5>\n\t\t\t\t\t\t\t\t\n\t\t\t\t\t\t\t\t<h2 class=\"sec-title white-text bdevs-el-title\">We are always by your side.\n\n\n\n\n<\/h2>\n\t\t\t\t\t\t\t<\/div>\n\t\t\t\t\t\t<\/div>\n\n\t\t\t\t\t\t\t\t\t\t\t\t\t<div class=\"section-button section-button-left mb-30 xxxx\">\n\t\t\t\t\t\t\t\t<a class=\"btn btn-icon ml-0 tp-el-btn\" href=\"http:\/\/195.174.154.242:2703\/?lan=en\" target=\"_blank\">\n\t\t\t\t\t\t\t\t\t<span>+<\/span> Create an Appointment\t\t\t\t\t\t\t\t<\/a>\n\t\t\t\t\t\t\t<\/div>\n\t\t\t\t\t\t\t\t\t\t\t<\/div>\n\t\t\t\t\t<div class=\"col-lg-6 col-lg-6 col-md-8\">\n\t\t\t\t\t\t<div class=\"cta-satisfied\">\n\t\t\t\t\t\t\t\t\t\t\t\t\t\t\t<div class=\"single-satisfied mb-50\">\n\t\t\t\t\t\t\t\t\t\n\t\t\t\t\t\t\t\t\t\t\t\t\t\t\t\t\t\t\t<h5 class=\"bdevs-el-fact-number-title\"><i class=\"fas fa-user\"><\/i> Call Support Staff<\/h5>\n\t\t\t\t\t\t\t\t\t\n\t\t\t\t\t\t\t\t\t\t\t\t\t\t\t\t\t\t\t<p class=\"bdevs-el-fact-des\">We work with a team that performs their job with a focus on satisfaction.<\/p>\n\t\t\t\t\t\t\t\t\t\t\t\t\t\t\t\t\t<\/div>\n\t\t\t\t\t\t\t\t\t\t\t\t\t\t\t<div class=\"single-satisfied mb-50\">\n\t\t\t\t\t\t\t\t\t\n\t\t\t\t\t\t\t\t\t\t\t\t\t\t\t\t\t\t\t<h5 class=\"bdevs-el-fact-number-title\"><i class=\"far fa-thumbs-up\"><\/i> Why We Are Preferred<\/h5>\n\t\t\t\t\t\t\t\t\t\n\t\t\t\t\t\t\t\t\t\t\t\t\t\t\t\t\t\t\t<p class=\"bdevs-el-fact-des\">We work to provide the best service in the region.<\/p>\n\t\t\t\t\t\t\t\t\t\t\t\t\t\t\t\t\t<\/div>\n\t\t\t\t\t\t\t\t\t\t\t\t\t<\/div>\n\t\t\t\t\t<\/div>\n\t\t\t\t<\/div>\n\t\t\t<\/div>\n\t\t<\/section>\n\n\t\t<\/div>\n\t\t\t\t<\/div>\n\t\t\t\t\t<\/div>\n\t\t<\/div>\n\t\t\t\t\t<\/div>\n\t\t<\/section>\n\t\t\t\t<section class=\"elementor-section elementor-top-section elementor-element elementor-element-5af4a6e elementor-section-full_width elementor-section-height-default elementor-section-height-default\" data-id=\"5af4a6e\" data-element_type=\"section\">\n\t\t\t\t\t\t<div class=\"elementor-container elementor-column-gap-no\">\n\t\t\t\t\t<div class=\"elementor-column elementor-col-100 elementor-top-column elementor-element elementor-element-14eb795\" data-id=\"14eb795\" data-element_type=\"column\">\n\t\t\t<div class=\"elementor-widget-wrap elementor-element-populated\">\n\t\t\t\t\t\t<div class=\"elementor-element elementor-element-9e4be63 elementor-align-center elementor-widget elementor-widget-bdevs-counter\" data-id=\"9e4be63\" data-element_type=\"widget\" data-widget_type=\"bdevs-counter.default\">\n\t\t\t\t<div class=\"elementor-widget-container\">\n\t\t\t\t\t<section class=\"about-area\">\n            <div class=\"container\">\n                <div class=\"row\">\n                                    \t\n\t                    <div class=\"col-xl-4 col-lg-4 col-md-6\">\n\t                        <div class=\"single-couter counter-box bdevs-el-counter-content  counter-box-white text-center mb-30\">\n                        \t                        \t\n                            \t<img decoding=\"async\" src=\"https:\/\/goznurugoz.com\/en\/wp-content\/uploads\/2019\/06\/counter-icon-4.png\" alt=\"Counter #i\">\n\t\t\t\t\t\t\t\n\t\t\t\t\t\t\t<h2 class=\"coun-list-title bdevs-el-fact-number \"><span class=\"theme-color counter  bdevs-el-fact-number\">17<\/span>+<\/h2>\n\t\t                    <h6 class=\"green-color bdevs-el-fact-number-title pb-20\">Specialist Doctor<\/h6>\n\t                        <div class=\"counter-text mt-10\">\n\t                            <p class=\"bdevs-el-fact-number-des\"><\/p>\n\t                        <\/div>\n\t                        <\/div>\n\t                    <\/div>\n                                    \t\n\t                    <div class=\"col-xl-4 col-lg-4 col-md-6\">\n\t                        <div class=\"single-couter counter-box bdevs-el-counter-content  counter-box-white text-center mb-30\">\n                        \t                        \t\n                            \t<img decoding=\"async\" src=\"https:\/\/goznurugoz.com\/en\/wp-content\/uploads\/2019\/06\/counter-icon-5.png\" alt=\"Counter #i\">\n\t\t\t\t\t\t\t\n\t\t\t\t\t\t\t<h2 class=\"coun-list-title bdevs-el-fact-number \"><span class=\"theme-color counter  bdevs-el-fact-number\">899<\/span>+<\/h2>\n\t\t                    <h6 class=\"green-color bdevs-el-fact-number-title pb-20\">Daily Visitor<\/h6>\n\t                        <div class=\"counter-text mt-10\">\n\t                            <p class=\"bdevs-el-fact-number-des\"><\/p>\n\t                        <\/div>\n\t                        <\/div>\n\t                    <\/div>\n                                    \t\n\t                    <div class=\"col-xl-4 col-lg-4 col-md-6\">\n\t                        <div class=\"single-couter counter-box bdevs-el-counter-content  counter-box-white text-center mb-30\">\n                        \t                        \t\n                            \t<img decoding=\"async\" src=\"https:\/\/goznurugoz.com\/en\/wp-content\/uploads\/2019\/06\/counter-icon-6.png\" alt=\"Counter #i\">\n\t\t\t\t\t\t\t\n\t\t\t\t\t\t\t<h2 class=\"coun-list-title bdevs-el-fact-number \"><span class=\"theme-color counter  bdevs-el-fact-number\">100<\/span>+<\/h2>\n\t\t                    <h6 class=\"green-color bdevs-el-fact-number-title pb-20\">Achievement Award<\/h6>\n\t                        <div class=\"counter-text mt-10\">\n\t                            <p class=\"bdevs-el-fact-number-des\"><\/p>\n\t                        <\/div>\n\t                        <\/div>\n\t                    <\/div>\n                                    <\/div>\n            <\/div>\n        <\/section>\n        \t\t\t<\/div>\n\t\t\t\t<\/div>\n\t\t\t\t\t<\/div>\n\t\t<\/div>\n\t\t\t\t\t<\/div>\n\t\t<\/section>\n\t\t\t\t<\/div>\n\t\t","protected":false},"excerpt":{"rendered":"<p> [&hellip;]<\/p>\n","protected":false},"author":1,"featured_media":0,"parent":0,"menu_order":0,"comment_status":"closed","ping_status":"closed","template":"elementor_header_footer","meta":{"_acf_changed":false,"footnotes":""},"class_list":["post-397","page","type-page","status-publish","hentry"],"acf":[],"_links":{"self":[{"href":"https:\/\/goznurugoz.com\/en\/wp-json\/wp\/v2\/pages\/397","targetHints":{"allow":["GET"]}}],"collection":[{"href":"https:\/\/goznurugoz.com\/en\/wp-json\/wp\/v2\/pages"}],"about":[{"href":"https:\/\/goznurugoz.com\/en\/wp-json\/wp\/v2\/types\/page"}],"author":[{"embeddable":true,"href":"https:\/\/goznurugoz.com\/en\/wp-json\/wp\/v2\/users\/1"}],"replies":[{"embeddable":true,"href":"https:\/\/goznurugoz.com\/en\/wp-json\/wp\/v2\/comments?post=397"}],"version-history":[{"count":61,"href":"https:\/\/goznurugoz.com\/en\/wp-json\/wp\/v2\/pages\/397\/revisions"}],"predecessor-version":[{"id":4929,"href":"https:\/\/goznurugoz.com\/en\/wp-json\/wp\/v2\/pages\/397\/revisions\/4929"}],"wp:attachment":[{"href":"https:\/\/goznurugoz.com\/en\/wp-json\/wp\/v2\/media?parent=397"}],"curies":[{"name":"wp","href":"https:\/\/api.w.org\/{rel}","templated":true}]}}