{"id":4495,"date":"2024-05-11T11:40:00","date_gmt":"2024-05-11T08:40:00","guid":{"rendered":"https:\/\/goznurugoz.com\/en\/?page_id=4495"},"modified":"2024-10-03T11:12:09","modified_gmt":"2024-10-03T08:12:09","slug":"p-d-p-l","status":"publish","type":"page","link":"https:\/\/goznurugoz.com\/en\/p-d-p-l\/","title":{"rendered":"P.D.P.L"},"content":{"rendered":"<style>\/*! elementor - v3.17.0 - 08-11-2023 *\/<br \/>.elementor-heading-title{padding:0;margin:0;line-height:1}.elementor-widget-heading .elementor-heading-title[class*=elementor-size-]>a{color:inherit;font-size:inherit;line-height:inherit}.elementor-widget-heading .elementor-heading-title.elementor-size-small{font-size:15px}.elementor-widget-heading .elementor-heading-title.elementor-size-medium{font-size:19px}.elementor-widget-heading .elementor-heading-title.elementor-size-large{font-size:29px}.elementor-widget-heading .elementor-heading-title.elementor-size-xl{font-size:39px}.elementor-widget-heading .elementor-heading-title.elementor-size-xxl{font-size:59px}<\/style>\n<h2>K.V.K.K Information Notice<\/h2>\n<p><b>GAZ\u0130ANTEP \u00d6ZEL G\u00d6ZNURU SA\u011eLIK H\u0130ZMETLER\u0130 L\u0130M\u0130TED \u015e\u0130RKET\u0130<\/b><\/p>\n<p><strong>GAZIANTEP SPECIAL GOZNURU HEALTH SERVICES LIMITED COMPANY<\/strong><\/p>\n<p><strong>INFORMATION NOTICE REGARDING INTERNET ACCESS LOGS<\/strong><\/p>\n<p>In accordance with the Personal Data Protection Law No. 6698 (&#8220;Law&#8221;), your personal data may be processed by GAZIANTEP SPECIAL GOZNURU HEALTH SERVICES LIMITED COMPANY as a joint data controller within the scope explained below. For detailed information on the purposes of processing your personal data by the Company, you can refer to the Personal Data Protection and Processing Policy of GAZIANTEP SPECIAL GOZNURU HEALTH SERVICES LIMITED COMPANY available at the following internet address: <a href=\"http:\/\/goznurugoz.com\/en\/kisisel.html\" target=\"_new\" rel=\"noopener\">http:\/\/goznurugoz.com\/en\/kisisel.html<\/a><\/p>\n<div class=\"flex-shrink-0 flex flex-col relative items-end\">\n<div>\n<div class=\"pt-0\">\n<div class=\"gizmo-bot-avatar flex h-8 w-8 items-center justify-center overflow-hidden rounded-full\">\n<div class=\"relative p-1 rounded-sm flex items-center justify-center bg-token-main-surface-primary text-token-text-primary h-8 w-8\"><\/div>\n<\/div>\n<\/div>\n<\/div>\n<\/div>\n<div class=\"group\/conversation-turn relative flex w-full min-w-0 flex-col agent-turn\">\n<div class=\"flex-col gap-1 md:gap-3\">\n<div class=\"flex max-w-full flex-col flex-grow\">\n<div class=\"min-h-8 text-message flex w-full flex-col items-end gap-2 whitespace-normal break-words [.text-message+&amp;]:mt-5\" dir=\"auto\" data-message-author-role=\"assistant\" data-message-id=\"8af57b2b-df28-4cda-96b9-c7afa700e18e\">\n<div class=\"flex w-full flex-col gap-1 empty:hidden first:pt-[3px]\">\n<div class=\"markdown prose w-full break-words dark:prose-invert light\">\n<p><strong>Purpose of Processing Personal Data<\/strong><\/p>\n<p>Your collected personal data may be processed by the Company to provide you with internet access and to ensure the legal, technical, and commercial security of the Company and relevant individuals in business relationships with the Company; this will be done within the framework of the personal data processing conditions specified in Articles 5 and 6 of the Law.<\/p>\n<p><strong>Transfer of Processed Personal Data to Whom and for What Purpose<\/strong><\/p>\n<p>Your collected personal data may be transferred, limited to the purposes mentioned above, to legally authorized public institutions and legally authorized private individuals, in accordance with the personal data processing conditions and purposes specified in Articles 8 and 9 of the Law.<\/p>\n<p><strong>Method of Collecting Personal Data and Legal Basis<\/strong><\/p>\n<p>Your personal data is collected by the Company to provide you with internet access based on the Company\u2019s legal obligations, relying on the personal data processing conditions specified in Articles 5 and 6 of the Law.<\/p>\n<p><strong>Rights of the Personal Data Owner Under Article 11 of the Law<\/strong><\/p>\n<p>As a personal data owner, we inform you that you have the following rights under Article 11 of the Law:<\/p>\n<ul>\n<li>To learn whether your personal data is being processed,<\/li>\n<li>To request information regarding your personal data if it has been processed,<\/li>\n<li>To learn the purpose of processing your personal data and whether they are used in accordance with that purpose,<\/li>\n<li>To know the third parties to whom your personal data has been transferred, domestically or internationally,<\/li>\n<li>To request the correction of your personal data if it is incomplete or incorrect and to request that the correction is communicated to the third parties to whom your personal data has been transferred,<\/li>\n<li>To request the deletion or destruction of your personal data if the reasons for processing have ceased, despite being processed in accordance with the Law and other relevant legislation, and to request that this action is communicated to the third parties to whom your personal data has been transferred,<\/li>\n<li>To object to a result arising against you, provided it is analyzed exclusively by automated systems,<\/li>\n<li>To request compensation for damages suffered due to the unlawful processing of your personal data.<\/li>\n<\/ul>\n<p>You can submit your requests regarding the rights listed above to our Company via the email address <a rel=\"noopener\">kvkk@goznurugoz.com<\/a>. Your applications will be answered free of charge as soon as possible and at the latest within thirty days, depending on the nature of your request; however, if the process requires additional costs, a fee may be charged based on the tariff determined by the Personal Data Protection Board.<\/p>\n<\/div>\n<\/div>\n<\/div>\n<\/div>\n<\/div>\n<\/div>\n","protected":false},"excerpt":{"rendered":"<p> [&hellip;]<\/p>\n","protected":false},"author":1,"featured_media":0,"parent":0,"menu_order":0,"comment_status":"closed","ping_status":"closed","template":"","meta":{"_acf_changed":false,"footnotes":""},"class_list":["post-4495","page","type-page","status-publish","hentry"],"acf":[],"_links":{"self":[{"href":"https:\/\/goznurugoz.com\/en\/wp-json\/wp\/v2\/pages\/4495","targetHints":{"allow":["GET"]}}],"collection":[{"href":"https:\/\/goznurugoz.com\/en\/wp-json\/wp\/v2\/pages"}],"about":[{"href":"https:\/\/goznurugoz.com\/en\/wp-json\/wp\/v2\/types\/page"}],"author":[{"embeddable":true,"href":"https:\/\/goznurugoz.com\/en\/wp-json\/wp\/v2\/users\/1"}],"replies":[{"embeddable":true,"href":"https:\/\/goznurugoz.com\/en\/wp-json\/wp\/v2\/comments?post=4495"}],"version-history":[{"count":8,"href":"https:\/\/goznurugoz.com\/en\/wp-json\/wp\/v2\/pages\/4495\/revisions"}],"predecessor-version":[{"id":4808,"href":"https:\/\/goznurugoz.com\/en\/wp-json\/wp\/v2\/pages\/4495\/revisions\/4808"}],"wp:attachment":[{"href":"https:\/\/goznurugoz.com\/en\/wp-json\/wp\/v2\/media?parent=4495"}],"curies":[{"name":"wp","href":"https:\/\/api.w.org\/{rel}","templated":true}]}}